{"id":56,"date":"2024-05-03T09:13:19","date_gmt":"2024-05-03T09:13:19","guid":{"rendered":"https:\/\/montataire.local\/?page_id=56"},"modified":"2024-08-02T12:06:13","modified_gmt":"2024-08-02T12:06:13","slug":"sports-leisure","status":"publish","type":"page","link":"https:\/\/mairie-montataire.fr\/en\/s-epanouir\/sports-loisirs\/","title":{"rendered":"Sports &amp; Leisure"},"content":{"rendered":"<p><strong>Sport and leisure activities are strong values supported by the municipality. It has developed a Municipal Sports School and a wide range of sports facilities. It also works at inter-municipal level through the Montataire swimming pool and the Saint-Leu-d'Esserent leisure centre.<\/strong><\/p>\n\n\n\n<div class=\"wp-block-uagb-container uagb-block-fd0a878e alignfull uagb-is-root-container\"><div class=\"uagb-container-inner-blocks-wrap\"><div class=\"hub\">\n            <ul class=\"hub__list\" style=\"--nb-items: 3; --width-desktop: 3; --width-tablet: 2; --width-mobile: 1;\">\n                            <li class=\"hub__item\">\n                                            \n<div class=\"mw-card mw-card--3\">\n    <a class=\"mw-card__link\" href=\"https:\/\/mairie-montataire.fr\/en\/s-epanouir\/sports-loisirs\/ecole-municipale-des-sports\/\" aria-label=\"\">\n        <div class=\"mw-card__top\">\n                                                                <figure class=\"mw-card__thumbnail-container\">\n                <img loading=\"lazy\" decoding=\"async\" class=\"mw-card__thumbnail\" src=\"https:\/\/mairie-montataire.fr\/app\/uploads\/2024\/08\/2.5.1_2021-07-23-Animations-dete-Stade-Marcel-Coene-2-1024x683.jpg\" srcset=\"https:\/\/mairie-montataire.fr\/app\/uploads\/2024\/08\/2.5.1_2021-07-23-Animations-dete-Stade-Marcel-Coene-2-1024x683.jpg 1024w, https:\/\/mairie-montataire.fr\/app\/uploads\/2024\/08\/2.5.1_2021-07-23-Animations-dete-Stade-Marcel-Coene-2-300x200.jpg 300w, https:\/\/mairie-montataire.fr\/app\/uploads\/2024\/08\/2.5.1_2021-07-23-Animations-dete-Stade-Marcel-Coene-2-768x512.jpg 768w, https:\/\/mairie-montataire.fr\/app\/uploads\/2024\/08\/2.5.1_2021-07-23-Animations-dete-Stade-Marcel-Coene-2-1536x1024.jpg 1536w, https:\/\/mairie-montataire.fr\/app\/uploads\/2024\/08\/2.5.1_2021-07-23-Animations-dete-Stade-Marcel-Coene-2-2048x1365.jpg 2048w, https:\/\/mairie-montataire.fr\/app\/uploads\/2024\/08\/2.5.1_2021-07-23-Animations-dete-Stade-Marcel-Coene-2-18x12.jpg 18w\"\n                     sizes=\"auto, (max-width: 1024px) 100vw, 1024px\" alt=\"\" width=\"2560\"\n                     height=\"1706\"\/>\n            <\/figure>\n        <\/div>\n        <div class=\"mw-card__bottom\">\n            <div class=\"mw-card__content\">\n                                <h3 class=\"mw-card__title\">Municipal Sports School<\/h3>\n                            <\/div>\n            <p class=\"mw-card__text-link\">\n                                    <span>Find out more<\/span>\n                                <svg width=\"20\" height=\"20\" viewbox=\"0 0 24 24\" fill=\"none\" xmlns=\"http:\/\/www.w3.org\/2000\/svg\">\n<path d=\"M12 5V19M5 12H19\" stroke=\"black\" stroke-width=\"2\" stroke-linecap=\"round\" stroke-linejoin=\"round\"\/>\n<\/svg>\n            <\/p>\n        <\/div>\n    <\/a>\n<\/div>                                    <\/li>\n                            <li class=\"hub__item\">\n                                            \n<div class=\"mw-card mw-card--3\">\n    <a class=\"mw-card__link\" href=\"https:\/\/mairie-montataire.fr\/en\/s-epanouir\/sports-loisirs\/piscine-intercommunale\/\" aria-label=\"\">\n        <div class=\"mw-card__top\">\n                                                                <figure class=\"mw-card__thumbnail-container\">\n                <img loading=\"lazy\" decoding=\"async\" class=\"mw-card__thumbnail\" src=\"https:\/\/mairie-montataire.fr\/app\/uploads\/2024\/08\/2.5.2_2024-02-11-piscine-vide-4-1024x683.jpg\" srcset=\"https:\/\/mairie-montataire.fr\/app\/uploads\/2024\/08\/2.5.2_2024-02-11-piscine-vide-4-1024x683.jpg 1024w, https:\/\/mairie-montataire.fr\/app\/uploads\/2024\/08\/2.5.2_2024-02-11-piscine-vide-4-300x200.jpg 300w, https:\/\/mairie-montataire.fr\/app\/uploads\/2024\/08\/2.5.2_2024-02-11-piscine-vide-4-768x512.jpg 768w, https:\/\/mairie-montataire.fr\/app\/uploads\/2024\/08\/2.5.2_2024-02-11-piscine-vide-4-1536x1024.jpg 1536w, https:\/\/mairie-montataire.fr\/app\/uploads\/2024\/08\/2.5.2_2024-02-11-piscine-vide-4-2048x1365.jpg 2048w, https:\/\/mairie-montataire.fr\/app\/uploads\/2024\/08\/2.5.2_2024-02-11-piscine-vide-4-18x12.jpg 18w\"\n                     sizes=\"auto, (max-width: 1024px) 100vw, 1024px\" alt=\"\" width=\"2560\"\n                     height=\"1707\"\/>\n            <\/figure>\n        <\/div>\n        <div class=\"mw-card__bottom\">\n            <div class=\"mw-card__content\">\n                                <h3 class=\"mw-card__title\">Intercommunal swimming pool<\/h3>\n                            <\/div>\n            <p class=\"mw-card__text-link\">\n                                    <span>Find out more<\/span>\n                                <svg width=\"20\" height=\"20\" viewbox=\"0 0 24 24\" fill=\"none\" xmlns=\"http:\/\/www.w3.org\/2000\/svg\">\n<path d=\"M12 5V19M5 12H19\" stroke=\"black\" stroke-width=\"2\" stroke-linecap=\"round\" stroke-linejoin=\"round\"\/>\n<\/svg>\n            <\/p>\n        <\/div>\n    <\/a>\n<\/div>                                    <\/li>\n                            <li class=\"hub__item\">\n                                            \n<div class=\"mw-card mw-card--3\">\n    <a class=\"mw-card__link\" href=\"https:\/\/mairie-montataire.fr\/en\/s-epanouir\/sports-loisirs\/base-de-loisirs-de-saint-leu-d-esserent\/\" aria-label=\"\">\n        <div class=\"mw-card__top\">\n                                                                <figure class=\"mw-card__thumbnail-container\">\n                <img loading=\"lazy\" decoding=\"async\" class=\"mw-card__thumbnail\" src=\"https:\/\/mairie-montataire.fr\/app\/uploads\/2024\/08\/2024-08-06-Sortie-base-Saint-Leu-41-1024x683.jpg\" srcset=\"https:\/\/mairie-montataire.fr\/app\/uploads\/2024\/08\/2024-08-06-Sortie-base-Saint-Leu-41-1024x683.jpg 1024w, https:\/\/mairie-montataire.fr\/app\/uploads\/2024\/08\/2024-08-06-Sortie-base-Saint-Leu-41-300x200.jpg 300w, https:\/\/mairie-montataire.fr\/app\/uploads\/2024\/08\/2024-08-06-Sortie-base-Saint-Leu-41-768x512.jpg 768w, https:\/\/mairie-montataire.fr\/app\/uploads\/2024\/08\/2024-08-06-Sortie-base-Saint-Leu-41-1536x1024.jpg 1536w, https:\/\/mairie-montataire.fr\/app\/uploads\/2024\/08\/2024-08-06-Sortie-base-Saint-Leu-41-2048x1365.jpg 2048w, https:\/\/mairie-montataire.fr\/app\/uploads\/2024\/08\/2024-08-06-Sortie-base-Saint-Leu-41-18x12.jpg 18w\"\n                     sizes=\"auto, (max-width: 1024px) 100vw, 1024px\" alt=\"\" width=\"2560\"\n                     height=\"1707\"\/>\n            <\/figure>\n        <\/div>\n        <div class=\"mw-card__bottom\">\n            <div class=\"mw-card__content\">\n                                <h3 class=\"mw-card__title\">Saint-Leu d'Esserent leisure centre<\/h3>\n                            <\/div>\n            <p class=\"mw-card__text-link\">\n                                    <span>Find out more<\/span>\n                                <svg width=\"20\" height=\"20\" viewbox=\"0 0 24 24\" fill=\"none\" xmlns=\"http:\/\/www.w3.org\/2000\/svg\">\n<path d=\"M12 5V19M5 12H19\" stroke=\"black\" stroke-width=\"2\" stroke-linecap=\"round\" stroke-linejoin=\"round\"\/>\n<\/svg>\n            <\/p>\n        <\/div>\n    <\/a>\n<\/div>                                    <\/li>\n                    <\/ul>\n    <\/div><\/div><\/div>","protected":false},"excerpt":{"rendered":"<p>Sport and leisure activities are strong values supported by the municipality. It has developed a Municipal Sports School and a wide range of sports facilities. It also works at inter-municipal level through the Montataire swimming pool and the Saint-Leu-d'Esserent leisure centre.<\/p>","protected":false},"author":1,"featured_media":2355,"parent":34,"menu_order":50,"comment_status":"closed","ping_status":"closed","template":"","meta":{"_acf_changed":false,"_uag_custom_page_level_css":"","footnotes":""},"class_list":["post-56","page","type-page","status-publish","has-post-thumbnail","hentry"],"acf":[],"uagb_featured_image_src":{"full":["https:\/\/mairie-montataire.fr\/app\/uploads\/2024\/07\/2.5_SportsLoisirs.jpg",500,350,false],"thumbnail":["https:\/\/mairie-montataire.fr\/app\/uploads\/2024\/07\/2.5_SportsLoisirs-150x150.jpg",150,150,true],"medium":["https:\/\/mairie-montataire.fr\/app\/uploads\/2024\/07\/2.5_SportsLoisirs-300x210.jpg",300,210,true],"medium_large":["https:\/\/mairie-montataire.fr\/app\/uploads\/2024\/07\/2.5_SportsLoisirs.jpg",500,350,false],"large":["https:\/\/mairie-montataire.fr\/app\/uploads\/2024\/07\/2.5_SportsLoisirs.jpg",500,350,false],"1536x1536":["https:\/\/mairie-montataire.fr\/app\/uploads\/2024\/07\/2.5_SportsLoisirs.jpg",500,350,false],"2048x2048":["https:\/\/mairie-montataire.fr\/app\/uploads\/2024\/07\/2.5_SportsLoisirs.jpg",500,350,false],"trp-custom-language-flag":["https:\/\/mairie-montataire.fr\/app\/uploads\/2024\/07\/2.5_SportsLoisirs.jpg",18,12,false],"gform-image-choice-sm":["https:\/\/mairie-montataire.fr\/app\/uploads\/2024\/07\/2.5_SportsLoisirs.jpg",300,210,false],"gform-image-choice-md":["https:\/\/mairie-montataire.fr\/app\/uploads\/2024\/07\/2.5_SportsLoisirs.jpg",400,280,false],"gform-image-choice-lg":["https:\/\/mairie-montataire.fr\/app\/uploads\/2024\/07\/2.5_SportsLoisirs.jpg",500,350,false]},"uagb_author_info":{"display_name":"mentalworks","author_link":"https:\/\/mairie-montataire.fr\/en\/actualites\/author\/mentalworks\/"},"uagb_comment_info":0,"uagb_excerpt":"Le sport et les loisirs sont des valeurs fortes port\u00e9es par la municipalit\u00e9. Elle a d\u00e9velopp\u00e9 une \u00c9cole Municipale des Sports et a d\u00e9ploy\u00e9 de multiples structures sportives. Elle \u0153uvre \u00e9galement au niveau intercommunal \u00e0 travers la piscine de Montataire et \u00e0 la Base de loisirs de Saint-Leu-d\u2019Esserent.","_links":{"self":[{"href":"https:\/\/mairie-montataire.fr\/en\/wp-json\/wp\/v2\/pages\/56","targetHints":{"allow":["GET"]}}],"collection":[{"href":"https:\/\/mairie-montataire.fr\/en\/wp-json\/wp\/v2\/pages"}],"about":[{"href":"https:\/\/mairie-montataire.fr\/en\/wp-json\/wp\/v2\/types\/page"}],"author":[{"embeddable":true,"href":"https:\/\/mairie-montataire.fr\/en\/wp-json\/wp\/v2\/users\/1"}],"replies":[{"embeddable":true,"href":"https:\/\/mairie-montataire.fr\/en\/wp-json\/wp\/v2\/comments?post=56"}],"version-history":[{"count":7,"href":"https:\/\/mairie-montataire.fr\/en\/wp-json\/wp\/v2\/pages\/56\/revisions"}],"predecessor-version":[{"id":2604,"href":"https:\/\/mairie-montataire.fr\/en\/wp-json\/wp\/v2\/pages\/56\/revisions\/2604"}],"up":[{"embeddable":true,"href":"https:\/\/mairie-montataire.fr\/en\/wp-json\/wp\/v2\/pages\/34"}],"wp:featuredmedia":[{"embeddable":true,"href":"https:\/\/mairie-montataire.fr\/en\/wp-json\/wp\/v2\/media\/2355"}],"wp:attachment":[{"href":"https:\/\/mairie-montataire.fr\/en\/wp-json\/wp\/v2\/media?parent=56"}],"curies":[{"name":"wp","href":"https:\/\/api.w.org\/{rel}","templated":true}]}}