{"id":435,"date":"2024-05-20T10:02:57","date_gmt":"2024-05-20T10:02:57","guid":{"rendered":"https:\/\/montataire.mentalworks.me\/?page_id=435"},"modified":"2024-09-19T13:49:51","modified_gmt":"2024-09-19T13:49:51","slug":"retirement-services","status":"publish","type":"page","link":"https:\/\/mairie-montataire.fr\/en\/habiter\/retraite-e-s\/services-des-retraite-e-s\/","title":{"rendered":"Retired services"},"content":{"rendered":"<p><strong>The Retirement Service is located within the Maurice Mignon independent residence and welcomes all the town's retired residents.<\/strong><\/p>\n\n\n\n<h2 class=\"wp-block-heading has-text-align-center\">1 DEPARTMENT - 3 MISSIONS<\/h2>\n\n\n\n<div class=\"wp-block-columns is-layout-flex wp-container-core-columns-is-layout-9d6595d7 wp-block-columns-is-layout-flex\">\n<div class=\"wp-block-column is-layout-flow wp-block-column-is-layout-flow\">\n<h3 class=\"wp-block-heading has-text-align-center\"><strong>INFORMATION<\/strong><\/h3>\n\n\n\n<p>Welcoming, informing and listening to all the town's retired people.<\/p>\n<\/div>\n\n\n\n<div class=\"wp-block-column is-layout-flow wp-block-column-is-layout-flow\">\n<h3 class=\"wp-block-heading has-text-align-center\"><strong>ANIMATION<\/strong><\/h3>\n\n\n\n<p>Offering activities, workshops, outings and community services open to all retired people in the town.&nbsp;<\/p>\n<\/div>\n\n\n\n<div class=\"wp-block-column is-layout-flow wp-block-column-is-layout-flow\">\n<h3 class=\"wp-block-heading has-text-align-center\"><strong>MANAGING AN ESSMS<\/strong>*<\/h3>\n\n\n\n<p>Administering, managing and running the facility for independent Montatairien retirees.<\/p>\n<\/div>\n<\/div>\n\n\n\n<p>*<em>Social and medico-social establishments and services<\/em><\/p>\n\n\n\n<p>The desire to improve the daily lives of retired people is also demonstrated by the town council's commitment to the creation of an Establissement d'H\u00e9bergement pour Personnes \u00c2g\u00e9es D\u00e9pendantes (<strong>EHPAD<\/strong>) in Montataire.<\/p>\n\n\n\n<div style=\"height:20px\" aria-hidden=\"true\" class=\"wp-block-spacer\"><\/div>\n\n\n\n<div class=\"wp-block-uagb-separator uagb-block-1b39294a\"><div class=\"uagb-separator-spacing-wrapper\"><div class=\"wp-block-uagb-separator__inner\" style=\"--my-background-image:\"><\/div><\/div><\/div>\n\n\n\n<div style=\"height:42px\" aria-hidden=\"true\" class=\"wp-block-spacer\"><\/div>\n\n\n\n<div class=\"wp-block-uagb-buttons uagb-buttons__outer-wrap uagb-btn__default-btn uagb-btn-tablet__default-btn uagb-btn-mobile__default-btn uagb-block-880ff14b\"><div class=\"uagb-buttons__wrap uagb-buttons-layout-wrap\">\n<div class=\"wp-block-uagb-buttons-child uagb-buttons__outer-wrap uagb-block-892171ac wp-block-button\"><div class=\"uagb-button__wrapper\"><a class=\"uagb-buttons-repeater wp-block-button__link\" aria-label=\"\" href=\"https:\/\/mairie-montataire.fr\/en\/online-procedures\/registration-on-the-retirement-file%c2%b7e%c2%b7s-2\/\" rel=\"follow noopener\" target=\"_self\" role=\"button\"><div class=\"uagb-button__link\"><strong>Sign up to the retirees' database to take advantage of the various events on offer<\/strong><br><strong>(outings, workshops, meals and annual trips, parcels)<\/strong><\/div><span class=\"uagb-button__icon uagb-button__icon-position-after\"><svg xmlns=\"https:\/\/www.w3.org\/2000\/svg\" viewbox=\"0 0 448 512\" aria-hidden=\"true\" focussable=\"false\"><path d=\"M438.6 278.6l-160 160C272.4 444.9 264.2 448 256 448s-16.38-3.125-22.62-9.375c-12.5-12.5-12.5-32.75 0-45.25L338.8 288H32C14.33 288 .0016 273.7 .0016 256S14.33 224 32 224h306.8l-105.4-105.4c-12.5-12.5-12.5-32.75 0-45.25s32.75-12.5 45.25 0l160 160C451.1 245.9 451.1 266.1 438.6 278.6z\"><\/path><\/svg><\/span><\/a><\/div><\/div>\n<\/div><\/div>","protected":false},"excerpt":{"rendered":"<p>Le service retrait\u00e9 est situ\u00e9 dans l\u2019enceinte de la r\u00e9sidence autonomie Maurice Mignon et accueille tous les retrait\u00e9s\u00b7e\u00b7s de la ville. 1 SERVICE &#8211; 3 MISSIONS INFORMATION Accueillir, informer et \u00eatre \u00e0 l\u2019\u00e9coute de l\u2019ensemble des retrait\u00e9s de la ville. ANIMATION Proposer des activit\u00e9s, ateliers, sorties et des services collectifs ouverts \u00e0 tous les retrait\u00e9s [&hellip;]<\/p>\n","protected":false},"author":1,"featured_media":1024,"parent":116,"menu_order":24,"comment_status":"closed","ping_status":"closed","template":"","meta":{"_acf_changed":false,"_uag_custom_page_level_css":"","footnotes":""},"class_list":["post-435","page","type-page","status-publish","has-post-thumbnail","hentry"],"acf":[],"uagb_featured_image_src":{"full":["https:\/\/mairie-montataire.fr\/app\/uploads\/2024\/07\/1.4.jpg",500,333,false],"thumbnail":["https:\/\/mairie-montataire.fr\/app\/uploads\/2024\/07\/1.4-150x150.jpg",150,150,true],"medium":["https:\/\/mairie-montataire.fr\/app\/uploads\/2024\/07\/1.4-300x200.jpg",300,200,true],"medium_large":["https:\/\/mairie-montataire.fr\/app\/uploads\/2024\/07\/1.4.jpg",500,333,false],"large":["https:\/\/mairie-montataire.fr\/app\/uploads\/2024\/07\/1.4.jpg",500,333,false],"1536x1536":["https:\/\/mairie-montataire.fr\/app\/uploads\/2024\/07\/1.4.jpg",500,333,false],"2048x2048":["https:\/\/mairie-montataire.fr\/app\/uploads\/2024\/07\/1.4.jpg",500,333,false],"trp-custom-language-flag":["https:\/\/mairie-montataire.fr\/app\/uploads\/2024\/07\/1.4.jpg",18,12,false],"gform-image-choice-sm":["https:\/\/mairie-montataire.fr\/app\/uploads\/2024\/07\/1.4.jpg",300,200,false],"gform-image-choice-md":["https:\/\/mairie-montataire.fr\/app\/uploads\/2024\/07\/1.4.jpg",400,266,false],"gform-image-choice-lg":["https:\/\/mairie-montataire.fr\/app\/uploads\/2024\/07\/1.4.jpg",500,333,false]},"uagb_author_info":{"display_name":"mentalworks","author_link":"https:\/\/mairie-montataire.fr\/en\/actualites\/author\/mentalworks\/"},"uagb_comment_info":0,"uagb_excerpt":"Le service retrait\u00e9 est situ\u00e9 dans l\u2019enceinte de la r\u00e9sidence autonomie Maurice Mignon et accueille tous les retrait\u00e9s\u00b7e\u00b7s de la ville. 1 SERVICE &#8211; 3 MISSIONS INFORMATION Accueillir, informer et \u00eatre \u00e0 l\u2019\u00e9coute de l\u2019ensemble des retrait\u00e9s de la ville. ANIMATION Proposer des activit\u00e9s, ateliers, sorties et des services collectifs ouverts \u00e0 tous les retrait\u00e9s&hellip;","_links":{"self":[{"href":"https:\/\/mairie-montataire.fr\/en\/wp-json\/wp\/v2\/pages\/435","targetHints":{"allow":["GET"]}}],"collection":[{"href":"https:\/\/mairie-montataire.fr\/en\/wp-json\/wp\/v2\/pages"}],"about":[{"href":"https:\/\/mairie-montataire.fr\/en\/wp-json\/wp\/v2\/types\/page"}],"author":[{"embeddable":true,"href":"https:\/\/mairie-montataire.fr\/en\/wp-json\/wp\/v2\/users\/1"}],"replies":[{"embeddable":true,"href":"https:\/\/mairie-montataire.fr\/en\/wp-json\/wp\/v2\/comments?post=435"}],"version-history":[{"count":18,"href":"https:\/\/mairie-montataire.fr\/en\/wp-json\/wp\/v2\/pages\/435\/revisions"}],"predecessor-version":[{"id":4702,"href":"https:\/\/mairie-montataire.fr\/en\/wp-json\/wp\/v2\/pages\/435\/revisions\/4702"}],"up":[{"embeddable":true,"href":"https:\/\/mairie-montataire.fr\/en\/wp-json\/wp\/v2\/pages\/116"}],"wp:featuredmedia":[{"embeddable":true,"href":"https:\/\/mairie-montataire.fr\/en\/wp-json\/wp\/v2\/media\/1024"}],"wp:attachment":[{"href":"https:\/\/mairie-montataire.fr\/en\/wp-json\/wp\/v2\/media?parent=435"}],"curies":[{"name":"wp","href":"https:\/\/api.w.org\/{rel}","templated":true}]}}