{"id":433,"date":"2024-05-20T10:01:45","date_gmt":"2024-05-20T10:01:45","guid":{"rendered":"https:\/\/montataire.mentalworks.me\/?page_id=433"},"modified":"2024-09-03T08:46:56","modified_gmt":"2024-09-03T08:46:56","slug":"educational-success-programme","status":"publish","type":"page","link":"https:\/\/mairie-montataire.fr\/en\/habiter\/jeunesse\/programme-de-reussite-educative\/","title":{"rendered":"Educational Success Programme (PRE)"},"content":{"rendered":"<p><strong>The PRE was set up in 2005 to address a range of difficulties encountered by children and young people aged 2 to 16. Working in partnership with schools, the programme offers personalised support, involving the child and his or her parents in a process designed to help the child achieve educational success.<\/strong><\/p>\n\n\n\n<p>The aim is to offer an approach that takes into account all aspects of the situation of a child or young person showing signs of fragility. This approach encompasses their physical and mental health, their emotional well-being, as well as their social and family environment. Parents, as their children's primary carers, are an integral part of this approach. An individualised pathway of actions, whether individual or collective, is proposed to the family with the aim of encouraging the child's success and development. It is important to note that the PRE is not intended to replace ordinary law. The duration of the programme may vary, but is limited in time.<\/p>\n\n\n<div class=\"highlight\">\n                <div class=\"highlight__description\"><p style=\"text-align: center;\"><strong>The educational success pathway is validated by a multidisciplinary support team.<\/strong><\/p>\n<p style=\"text-align: center;\"><strong>In the vast majority of cases, children and young people are identified by school education teams.<\/strong><\/p>\n<\/div>\n    <\/div>\n\n\n<p>More information on <a href=\"https:\/\/agence-cohesion-territoires.gouv.fr\/programme-de-reussite-educative-pre-81\" data-type=\"link\" data-id=\"https:\/\/agence-cohesion-territoires.gouv.fr\/programme-de-reussite-educative-pre-81\" target=\"_blank\" rel=\"noreferrer noopener\">the national agency for territorial cohesion website<\/a><\/p>","protected":false},"excerpt":{"rendered":"<p>Le PRE a \u00e9t\u00e9 instaur\u00e9 en 2005 dans le but de r\u00e9pondre \u00e0 diverses difficult\u00e9s rencontr\u00e9es par les enfants et les jeunes \u00e2g\u00e9s de 2 \u00e0 16 ans. En collaboration avec les \u00e9tablissements scolaires, ce programme propose un suivi personnalis\u00e9 et engage ainsi l&rsquo;enfant et ses parents dans un parcours visant \u00e0 favoriser la r\u00e9ussite [&hellip;]<\/p>\n","protected":false},"author":1,"featured_media":4192,"parent":114,"menu_order":19,"comment_status":"closed","ping_status":"closed","template":"","meta":{"_acf_changed":false,"_uag_custom_page_level_css":"","footnotes":""},"class_list":["post-433","page","type-page","status-publish","has-post-thumbnail","hentry"],"acf":[],"uagb_featured_image_src":{"full":["https:\/\/mairie-montataire.fr\/app\/uploads\/2024\/09\/1.3.1_ProgReussiteEduc.jpg",500,350,false],"thumbnail":["https:\/\/mairie-montataire.fr\/app\/uploads\/2024\/09\/1.3.1_ProgReussiteEduc-150x150.jpg",150,150,true],"medium":["https:\/\/mairie-montataire.fr\/app\/uploads\/2024\/09\/1.3.1_ProgReussiteEduc-300x210.jpg",300,210,true],"medium_large":["https:\/\/mairie-montataire.fr\/app\/uploads\/2024\/09\/1.3.1_ProgReussiteEduc.jpg",500,350,false],"large":["https:\/\/mairie-montataire.fr\/app\/uploads\/2024\/09\/1.3.1_ProgReussiteEduc.jpg",500,350,false],"1536x1536":["https:\/\/mairie-montataire.fr\/app\/uploads\/2024\/09\/1.3.1_ProgReussiteEduc.jpg",500,350,false],"2048x2048":["https:\/\/mairie-montataire.fr\/app\/uploads\/2024\/09\/1.3.1_ProgReussiteEduc.jpg",500,350,false],"trp-custom-language-flag":["https:\/\/mairie-montataire.fr\/app\/uploads\/2024\/09\/1.3.1_ProgReussiteEduc-18x12.jpg",18,12,true],"gform-image-choice-sm":["https:\/\/mairie-montataire.fr\/app\/uploads\/2024\/09\/1.3.1_ProgReussiteEduc.jpg",300,210,false],"gform-image-choice-md":["https:\/\/mairie-montataire.fr\/app\/uploads\/2024\/09\/1.3.1_ProgReussiteEduc.jpg",400,280,false],"gform-image-choice-lg":["https:\/\/mairie-montataire.fr\/app\/uploads\/2024\/09\/1.3.1_ProgReussiteEduc.jpg",500,350,false]},"uagb_author_info":{"display_name":"mentalworks","author_link":"https:\/\/mairie-montataire.fr\/en\/actualites\/author\/mentalworks\/"},"uagb_comment_info":0,"uagb_excerpt":"Le PRE a \u00e9t\u00e9 instaur\u00e9 en 2005 dans le but de r\u00e9pondre \u00e0 diverses difficult\u00e9s rencontr\u00e9es par les enfants et les jeunes \u00e2g\u00e9s de 2 \u00e0 16 ans. En collaboration avec les \u00e9tablissements scolaires, ce programme propose un suivi personnalis\u00e9 et engage ainsi l&rsquo;enfant et ses parents dans un parcours visant \u00e0 favoriser la r\u00e9ussite&hellip;","_links":{"self":[{"href":"https:\/\/mairie-montataire.fr\/en\/wp-json\/wp\/v2\/pages\/433","targetHints":{"allow":["GET"]}}],"collection":[{"href":"https:\/\/mairie-montataire.fr\/en\/wp-json\/wp\/v2\/pages"}],"about":[{"href":"https:\/\/mairie-montataire.fr\/en\/wp-json\/wp\/v2\/types\/page"}],"author":[{"embeddable":true,"href":"https:\/\/mairie-montataire.fr\/en\/wp-json\/wp\/v2\/users\/1"}],"replies":[{"embeddable":true,"href":"https:\/\/mairie-montataire.fr\/en\/wp-json\/wp\/v2\/comments?post=433"}],"version-history":[{"count":10,"href":"https:\/\/mairie-montataire.fr\/en\/wp-json\/wp\/v2\/pages\/433\/revisions"}],"predecessor-version":[{"id":2991,"href":"https:\/\/mairie-montataire.fr\/en\/wp-json\/wp\/v2\/pages\/433\/revisions\/2991"}],"up":[{"embeddable":true,"href":"https:\/\/mairie-montataire.fr\/en\/wp-json\/wp\/v2\/pages\/114"}],"wp:featuredmedia":[{"embeddable":true,"href":"https:\/\/mairie-montataire.fr\/en\/wp-json\/wp\/v2\/media\/4192"}],"wp:attachment":[{"href":"https:\/\/mairie-montataire.fr\/en\/wp-json\/wp\/v2\/media?parent=433"}],"curies":[{"name":"wp","href":"https:\/\/api.w.org\/{rel}","templated":true}]}}