{"id":425,"date":"2024-05-20T09:50:56","date_gmt":"2024-05-20T09:50:56","guid":{"rendered":"https:\/\/montataire.mentalworks.me\/?page_id=425"},"modified":"2025-12-16T10:54:27","modified_gmt":"2025-12-16T10:54:27","slug":"saint-leu-d-esserent-leisure-centre","status":"publish","type":"page","link":"https:\/\/mairie-montataire.fr\/en\/s-epanouir\/sports-loisirs\/base-de-loisirs-de-saint-leu-d-esserent\/","title":{"rendered":"Saint-Leu d'Esserent leisure centre"},"content":{"rendered":"<div class=\"wp-block-columns is-layout-flex wp-container-core-columns-is-layout-9d6595d7 wp-block-columns-is-layout-flex\">\n<div class=\"wp-block-column is-layout-flow wp-block-column-is-layout-flow\" style=\"flex-basis:25%\"><\/div>\n\n\n\n<div class=\"wp-block-column is-layout-flow wp-block-column-is-layout-flow\" style=\"flex-basis:50%\">\n<figure class=\"wp-block-image aligncenter size-full is-resized\"><a href=\"https:\/\/www.basestleu.com\/\" target=\"_blank\" rel=\"noreferrer noopener\"><img loading=\"lazy\" decoding=\"async\" width=\"2560\" height=\"1931\" src=\"https:\/\/mairie-montataire.fr\/app\/uploads\/2024\/08\/LOGO-base-st-leu-HD-scaled.jpg\" alt=\"\" class=\"wp-image-2622\" style=\"width:530px;height:auto\" srcset=\"https:\/\/mairie-montataire.fr\/app\/uploads\/2024\/08\/LOGO-base-st-leu-HD-scaled.jpg 2560w, https:\/\/mairie-montataire.fr\/app\/uploads\/2024\/08\/LOGO-base-st-leu-HD-300x226.jpg 300w, https:\/\/mairie-montataire.fr\/app\/uploads\/2024\/08\/LOGO-base-st-leu-HD-1024x772.jpg 1024w, https:\/\/mairie-montataire.fr\/app\/uploads\/2024\/08\/LOGO-base-st-leu-HD-768x579.jpg 768w, https:\/\/mairie-montataire.fr\/app\/uploads\/2024\/08\/LOGO-base-st-leu-HD-1536x1158.jpg 1536w, https:\/\/mairie-montataire.fr\/app\/uploads\/2024\/08\/LOGO-base-st-leu-HD-2048x1544.jpg 2048w\" sizes=\"auto, (max-width: 2560px) 100vw, 2560px\" \/><\/a><\/figure>\n<\/div>\n\n\n\n<div class=\"wp-block-column is-layout-flow wp-block-column-is-layout-flow\" style=\"flex-basis:25%\"><\/div>\n<\/div>\n\n\n\n<p><strong>The Saint-Leu-d'Esserent inter-municipal leisure centre offers a range of outdoor activities depending on the season: supervised swimming, water sports, tree climbing, explor'games, picnic areas, pony trekking, mini-golf, water games, etc.&nbsp;<\/strong><\/p>\n\n\n\n<p><strong>Montataire residents and employees benefit from a preferential rate on presentation of a card obtained from the town hall.<\/strong><\/p>","protected":false},"excerpt":{"rendered":"<p>The Saint-Leu-d'Esserent intercommunal leisure centre offers a range of outdoor activities depending on the season: supervised swimming, water sports, tree climbing, explor'games, picnic areas, animal park with pony rides, mini-golf, water games, etc. Montataire residents and employees benefit from preferential rates on presentation of a card obtained from the town hall.<\/p>","protected":false},"author":1,"featured_media":3451,"parent":56,"menu_order":53,"comment_status":"closed","ping_status":"closed","template":"","meta":{"_acf_changed":false,"_uag_custom_page_level_css":"","footnotes":""},"class_list":["post-425","page","type-page","status-publish","has-post-thumbnail","hentry"],"acf":[],"uagb_featured_image_src":{"full":["https:\/\/mairie-montataire.fr\/app\/uploads\/2024\/08\/2024-08-06-Sortie-base-Saint-Leu-41-scaled.jpg",2560,1707,false],"thumbnail":["https:\/\/mairie-montataire.fr\/app\/uploads\/2024\/08\/2024-08-06-Sortie-base-Saint-Leu-41-150x150.jpg",150,150,true],"medium":["https:\/\/mairie-montataire.fr\/app\/uploads\/2024\/08\/2024-08-06-Sortie-base-Saint-Leu-41-300x200.jpg",300,200,true],"medium_large":["https:\/\/mairie-montataire.fr\/app\/uploads\/2024\/08\/2024-08-06-Sortie-base-Saint-Leu-41-768x512.jpg",768,512,true],"large":["https:\/\/mairie-montataire.fr\/app\/uploads\/2024\/08\/2024-08-06-Sortie-base-Saint-Leu-41-1024x683.jpg",1024,683,true],"1536x1536":["https:\/\/mairie-montataire.fr\/app\/uploads\/2024\/08\/2024-08-06-Sortie-base-Saint-Leu-41-1536x1024.jpg",1536,1024,true],"2048x2048":["https:\/\/mairie-montataire.fr\/app\/uploads\/2024\/08\/2024-08-06-Sortie-base-Saint-Leu-41-2048x1365.jpg",2048,1365,true],"trp-custom-language-flag":["https:\/\/mairie-montataire.fr\/app\/uploads\/2024\/08\/2024-08-06-Sortie-base-Saint-Leu-41-18x12.jpg",18,12,true],"gform-image-choice-sm":["https:\/\/mairie-montataire.fr\/app\/uploads\/2024\/08\/2024-08-06-Sortie-base-Saint-Leu-41-scaled.jpg",300,200,false],"gform-image-choice-md":["https:\/\/mairie-montataire.fr\/app\/uploads\/2024\/08\/2024-08-06-Sortie-base-Saint-Leu-41-scaled.jpg",400,267,false],"gform-image-choice-lg":["https:\/\/mairie-montataire.fr\/app\/uploads\/2024\/08\/2024-08-06-Sortie-base-Saint-Leu-41-scaled.jpg",600,400,false]},"uagb_author_info":{"display_name":"mentalworks","author_link":"https:\/\/mairie-montataire.fr\/en\/actualites\/author\/mentalworks\/"},"uagb_comment_info":0,"uagb_excerpt":"La base de loisirs intercommunale de Saint-Leu-d\u2019Esserent propose diverses activit\u00e9s en pleine nature selon les saisons : baignade surveill\u00e9e, activit\u00e9s nautiques, accrobranche, explor&rsquo;games, aires de pique-nique, parc animalier avec balades en poney, mini-golf, jeux d&rsquo;eau&#8230;&nbsp; Les habitant\u00b7e\u00b7s et agent\u00b7e\u00b7s de Montataire b\u00e9n\u00e9ficient d\u2019un tarif pr\u00e9f\u00e9rentiel&nbsp;sur pr\u00e9sentation d\u2019une carte qui s\u2019obtient en mairie.","_links":{"self":[{"href":"https:\/\/mairie-montataire.fr\/en\/wp-json\/wp\/v2\/pages\/425","targetHints":{"allow":["GET"]}}],"collection":[{"href":"https:\/\/mairie-montataire.fr\/en\/wp-json\/wp\/v2\/pages"}],"about":[{"href":"https:\/\/mairie-montataire.fr\/en\/wp-json\/wp\/v2\/types\/page"}],"author":[{"embeddable":true,"href":"https:\/\/mairie-montataire.fr\/en\/wp-json\/wp\/v2\/users\/1"}],"replies":[{"embeddable":true,"href":"https:\/\/mairie-montataire.fr\/en\/wp-json\/wp\/v2\/comments?post=425"}],"version-history":[{"count":14,"href":"https:\/\/mairie-montataire.fr\/en\/wp-json\/wp\/v2\/pages\/425\/revisions"}],"predecessor-version":[{"id":7354,"href":"https:\/\/mairie-montataire.fr\/en\/wp-json\/wp\/v2\/pages\/425\/revisions\/7354"}],"up":[{"embeddable":true,"href":"https:\/\/mairie-montataire.fr\/en\/wp-json\/wp\/v2\/pages\/56"}],"wp:featuredmedia":[{"embeddable":true,"href":"https:\/\/mairie-montataire.fr\/en\/wp-json\/wp\/v2\/media\/3451"}],"wp:attachment":[{"href":"https:\/\/mairie-montataire.fr\/en\/wp-json\/wp\/v2\/media?parent=425"}],"curies":[{"name":"wp","href":"https:\/\/api.w.org\/{rel}","templated":true}]}}