{"id":160,"date":"2024-05-03T09:31:19","date_gmt":"2024-05-03T09:31:19","guid":{"rendered":"https:\/\/montataire.local\/?page_id=160"},"modified":"2025-12-16T10:48:14","modified_gmt":"2025-12-16T10:48:14","slug":"town-planning","status":"publish","type":"page","link":"https:\/\/mairie-montataire.fr\/en\/habiter\/cadre-de-vie\/urbanisme\/","title":{"rendered":"Urban strategy in Montataire"},"content":{"rendered":"<p><strong>The planning decisions taken by elected representatives are set out in the Local Urban Development Plan (PLU). In addition to local choices that meet the needs of residents, legislation imposes a rigorous regulatory framework (the Solidarit\u00e9 et Renouvellement Urbain, Urbanisme et Habitat and Grenelle Acts, etc.).<\/strong><\/p>\n\n\n\n<p>Balancing jobs and housing is a key priority for the municipality. This means developing existing activities and welcoming new businesses, as well as stimulating demographic growth and diversifying the housing offer, with a planned redevelopment of the historic centre and certain recent districts, and greater diversity in residential programmes.<\/p>\n\n\n\n<p>These guidelines are reflected in a specific development plan, including :<\/p>\n\n\n\n<ul style=\"padding-right:var(--wp--preset--spacing--70);padding-left:var(--wp--preset--spacing--70)\" class=\"wp-block-list\">\n<li style=\"font-style:normal;font-weight:400\">Densification of the existing urban fabric,<\/li>\n\n\n\n<li style=\"font-style:normal;font-weight:400\">Maintaining shopping areas,<\/li>\n\n\n\n<li style=\"font-style:normal;font-weight:400\">Reserving a fringe for urban development to the north of the town,<\/li>\n\n\n\n<li style=\"font-style:normal;font-weight:400\">Strengthening of the business park to the south of the town and continuation of light business parks and facilities on the Path\u00e9, Marches de l'Oise, Village Economique and former Goss sites,<\/li>\n\n\n\n<li style=\"font-style:normal;font-weight:400\">Preserving agricultural land on the plateaux,<\/li>\n\n\n\n<li style=\"font-style:normal;font-weight:400\">Protecting the wooded areas on the slopes of the valleys overlooking the town, forming a green corridor to the north-east as far as the historic spur,<\/li>\n\n\n\n<li style=\"font-style:normal;font-weight:400\">Maintaining the urban park on the former quarries to the south-west and protecting the banks of the River Th\u00e9rain.<\/li>\n<\/ul>\n\n\n\n<h2 class=\"wp-block-heading\"><strong>The Local Town Planning Scheme (PLU)<\/strong><\/h2>\n\n\n\n<p>The PLU is a strategic document that defines the town's planning and development. This project directly concerns the residents and will shape Montataire for years to come.<\/p>\n\n\n\n<p>It sets out the rules for regional planning and provides a framework for :<\/p>\n\n\n\n<ul style=\"padding-right:var(--wp--preset--spacing--80);padding-left:var(--wp--preset--spacing--80)\" class=\"wp-block-list\">\n<li style=\"margin-right:0;margin-left:0;padding-right:0;padding-left:0;font-style:normal;font-weight:400\">Building zones and zones to be preserved,<\/li>\n\n\n\n<li style=\"margin-right:0;margin-left:0;padding-right:0;padding-left:0;font-style:normal;font-weight:400\">Building types and heights,<\/li>\n\n\n\n<li style=\"margin-right:0;margin-left:0;padding-right:0;padding-left:0;font-style:normal;font-weight:400\">The development of green spaces and infrastructure,<\/li>\n\n\n\n<li style=\"margin-right:0;margin-left:0;padding-right:0;padding-left:0;font-style:normal;font-weight:400\">Improving mobility and public facilities.<\/li>\n<\/ul>\n\n\n\n<div style=\"height:25px\" aria-hidden=\"true\" class=\"wp-block-spacer\"><\/div>\n\n\n\n<p>It also provides detailed answers to the following five questions:<\/p>\n\n\n\n<ul style=\"padding-right:var(--wp--preset--spacing--80);padding-left:var(--wp--preset--spacing--80)\" class=\"wp-block-list\">\n<li style=\"font-style:normal;font-weight:400\">Where can we build?<\/li>\n\n\n\n<li style=\"font-style:normal;font-weight:400\">What can be built?<\/li>\n\n\n\n<li style=\"font-style:normal;font-weight:400\">Under what conditions is it possible to build?<\/li>\n\n\n\n<li style=\"font-style:normal;font-weight:400\">What equipment will be installed?<\/li>\n\n\n\n<li style=\"font-style:normal;font-weight:400\">Which sites are protected?<\/li>\n<\/ul>\n\n\n\n<div style=\"height:25px\" aria-hidden=\"true\" class=\"wp-block-spacer\"><\/div>\n\n\n\n<p>Applicable to the whole of the municipality, the PLU is governed by article L 421-8 of the Code de l'Urbanisme, which requires compliance with town planning rules for all land use exempt from formalities. These rules include protecting natural and agricultural areas, limiting the height of buildings, preserving a minimum of 70 % of green space, aligning buildings with the street, common ownership, etc. The aim is to promote quality architecture and town planning and to preserve a certain harmony within the various neighbourhoods.<\/p>\n\n\n\n<p>Whether you are a private individual or a professional, the Town Planning Department is at your disposal to guide you through the formalities prior to any work being carried out on buildings or in private areas.<\/p>\n\n\n\n<div style=\"height:36px\" aria-hidden=\"true\" class=\"wp-block-spacer\"><\/div>\n\n\n\n<div class=\"wp-block-uagb-separator uagb-block-1b39294a\"><div class=\"uagb-separator-spacing-wrapper\"><div class=\"wp-block-uagb-separator__inner\" style=\"--my-background-image:\"><\/div><\/div><\/div>\n\n\n\n<div class=\"wp-block-uagb-icon-list uagb-block-a29fc561\"><div class=\"uagb-icon-list__wrap\">\n<div class=\"wp-block-uagb-icon-list-child uagb-block-a0da2618\"><a target=\"_blank\" aria-label=\"Click here to consult the latest modification and the complete dossier of the PLU of the town of Montataire.\" rel=\"noopener noreferrer\" href=\"https:\/\/drive.google.com\/drive\/folders\/1vd67cj4JCRQ3m5_d9ZymnZpFIyU_ixl5?usp=drive_link\"> <\/a><span class=\"uagb-icon-list__source-wrap\"><svg xmlns=\"https:\/\/www.w3.org\/2000\/svg\" viewbox=\"0 0 384 512\"><path d=\"M256 0v128h128L256 0zM224 128L224 0H48C21.49 0 0 21.49 0 48v416C0 490.5 21.49 512 48 512h288c26.51 0 48-21.49 48-48V160h-127.1C238.3 160 224 145.7 224 128zM272 416h-160C103.2 416 96 408.8 96 400C96 391.2 103.2 384 112 384h160c8.836 0 16 7.162 16 16C288 408.8 280.8 416 272 416zM272 352h-160C103.2 352 96 344.8 96 336C96 327.2 103.2 320 112 320h160c8.836 0 16 7.162 16 16C288 344.8 280.8 352 272 352zM288 272C288 280.8 280.8 288 272 288h-160C103.2 288 96 280.8 96 272C96 263.2 103.2 256 112 256h160C280.8 256 288 263.2 288 272z\"><\/path><\/svg><\/span><span class=\"uagb-icon-list__label\"><strong>Click here to consult the latest modification and the complete dossier of the PLU of the town of Montataire.<\/strong><\/span><\/div>\n<\/div><\/div>\n\n\n<div class=\"highlight\">\n                <div class=\"highlight__description\"><p style=\"text-align: center;\"><strong>Find out more about the PLU <a href=\"https:\/\/www.geoportail-urbanisme.gouv.fr\/map\/#tile=1&amp;lon=2.4357714468017573&amp;lat=49.26051856083183&amp;zoom=14&amp;mlon=2.434466&amp;mlat=49.256294\" target=\"_blank\" rel=\"noreferrer noopener\">on the government's geoportal<\/a>. <\/strong><\/p>\n<\/div>\n    <\/div>\n\n\n<h2 class=\"wp-block-heading\"><strong>We're with you<\/strong><\/h2>\n\n\n\n<h3 class=\"wp-block-heading\">Cadastres<\/h3>\n\n\n\n<p>The land register is a public register containing plans and descriptions of landed property in a municipality. It makes it possible to identify parcels of land and their owners, and serves as a basis for property assessment and taxation.&nbsp;<\/p>\n\n\n\n<p>Find all the information on the <a href=\"https:\/\/www.cadastre.gouv.fr\/scpc\/accueil.do\" target=\"_blank\" rel=\"noreferrer noopener\">official government website<\/a>&nbsp;<\/p>\n\n\n\n<p>The cadastral map is updated regularly by the State, which provides the local authority with an official annual return. A cadastral surveyor may visit your home to update the data.<\/p>\n\n\n\n<h3 class=\"wp-block-heading\">Fences and demolition permits<\/h3>\n\n\n\n<p><em>\"At the same time as the PLU, the Municipal Council voted :<\/em><em><br>     <\/em><em>- Preliminary Declaration for fences,<\/em><em><br>     <\/em><em>- Demolition permits\".<\/em><\/p>\n\n\n\n<p>For all fence constructions and building demolitions, please contact the Town Planning Department.<\/p>\n\n\n\n<h3 class=\"wp-block-heading\">Work by private individuals<\/h3>\n\n\n\n<p>You need planning permission before starting or modifying any building work. Any change affecting the surface area or external appearance of a property (attic space, mezzanine, joinery, fencing, gates, rendering) must be authorised. The creation of additional accommodation in an existing building also requires authorisation from ACSO (Agglom\u00e9ration Creil Sud Oise) and may entail additional costs, particularly in terms of tax.<\/p>\n\n\n\n<div style=\"height:20px\" aria-hidden=\"true\" class=\"wp-block-spacer\"><\/div>\n\n\n\n<ol class=\"wp-block-list\">\n<li style=\"font-style:normal;font-weight:400\"><mark style=\"background-color:rgba(0, 0, 0, 0)\" class=\"has-inline-color has-primary-color\"><strong>Information from the technical services<\/strong><br><\/mark>For any work affecting the surface area or external appearance of your building, you should contact the technical services. They will provide details of the application to be made, the documents to be supplied and the deadlines. An appointment can be arranged.<br><strong>Good to know: For work affecting the pavement or roadway (e.g. installation of scaffolding), a specific request must be made 15 days before the start of the work.<\/strong><\/li>\n\n\n\n<li style=\"font-style:normal;font-weight:400\"><mark style=\"background-color:rgba(0, 0, 0, 0)\" class=\"has-inline-color has-primary-color\"><strong>Information from the technical services<\/strong><br><\/mark>For any work affecting the surface area or external appearance of your building, you should contact the technical services. They will provide details of the application to be made, the documents to be supplied and the deadlines. An appointment can be arranged.<br><strong>Good to know: For work affecting the pavement or roadway (e.g. installation of scaffolding), a specific request must be made 15 days before the start of the work.<\/strong><\/li>\n\n\n\n<li style=\"font-style:normal;font-weight:400\"><mark style=\"background-color:rgba(0, 0, 0, 0)\" class=\"has-inline-color has-primary-color\"><strong>Procedure in the event of an infringement<\/strong><br><\/mark>If work begins without authorisation, a sworn official will note the offence. An official report is drawn up and sent to the Public Prosecutor, which may lead to prosecution.<br><strong>The Mayor may give formal notice to offenders to regularise their situation by submitting an appropriate request. Failure to comply may result in a fine of \u20ac500 per day's delay.<\/strong><\/li>\n<\/ol>\n\n\n\n<h3 class=\"wp-block-heading\">Professional work<\/h3>\n\n\n\n<p>If you are a shopkeeper or entrepreneur and wish to carry out works or open an establishment open to the public, you are subject to the opinion of two committees: one for accessibility for people with reduced mobility and the other for fire and panic risks.&nbsp;<\/p>\n\n\n\n<p>To find out how to proceed, contact the Technical Services receptionist, who will be able to give you the initial information you need. Depending on your request, you may be given a form with a full list of the documents you need to provide. When you submit your application, you will receive a receipt informing you of the processing times.<\/p>\n\n\n\n<p><\/p>","protected":false},"excerpt":{"rendered":"<p>Les d\u00e9cisions d&rsquo;am\u00e9nagement prises par les \u00e9lus sont concr\u00e9tis\u00e9es \u00e0 travers le Plan Local d\u2019Urbanisme (PLU). En plus des choix locaux r\u00e9pondant aux besoins des r\u00e9sidents, la l\u00e9gislation impose un cadre r\u00e9glementaire rigoureux (Lois Solidarit\u00e9 et Renouvellement Urbain, Urbanisme et Habitat, Grenelle, etc.). L\u2019\u00e9quilibre entre emplois et logements est une priorit\u00e9 essentielle pour la municipalit\u00e9. [&hellip;]<\/p>\n","protected":false},"author":1,"featured_media":1394,"parent":120,"menu_order":36,"comment_status":"closed","ping_status":"closed","template":"","meta":{"_acf_changed":false,"_uag_custom_page_level_css":"","footnotes":""},"class_list":["post-160","page","type-page","status-publish","has-post-thumbnail","hentry"],"acf":[],"uagb_featured_image_src":{"full":["https:\/\/mairie-montataire.fr\/app\/uploads\/2024\/07\/1.6.3_urbanisme.jpg",500,307,false],"thumbnail":["https:\/\/mairie-montataire.fr\/app\/uploads\/2024\/07\/1.6.3_urbanisme-150x150.jpg",150,150,true],"medium":["https:\/\/mairie-montataire.fr\/app\/uploads\/2024\/07\/1.6.3_urbanisme-300x184.jpg",300,184,true],"medium_large":["https:\/\/mairie-montataire.fr\/app\/uploads\/2024\/07\/1.6.3_urbanisme.jpg",500,307,false],"large":["https:\/\/mairie-montataire.fr\/app\/uploads\/2024\/07\/1.6.3_urbanisme.jpg",500,307,false],"1536x1536":["https:\/\/mairie-montataire.fr\/app\/uploads\/2024\/07\/1.6.3_urbanisme.jpg",500,307,false],"2048x2048":["https:\/\/mairie-montataire.fr\/app\/uploads\/2024\/07\/1.6.3_urbanisme.jpg",500,307,false],"trp-custom-language-flag":["https:\/\/mairie-montataire.fr\/app\/uploads\/2024\/07\/1.6.3_urbanisme.jpg",18,12,false],"gform-image-choice-sm":["https:\/\/mairie-montataire.fr\/app\/uploads\/2024\/07\/1.6.3_urbanisme.jpg",300,184,false],"gform-image-choice-md":["https:\/\/mairie-montataire.fr\/app\/uploads\/2024\/07\/1.6.3_urbanisme.jpg",400,246,false],"gform-image-choice-lg":["https:\/\/mairie-montataire.fr\/app\/uploads\/2024\/07\/1.6.3_urbanisme.jpg",500,307,false]},"uagb_author_info":{"display_name":"mentalworks","author_link":"https:\/\/mairie-montataire.fr\/en\/actualites\/author\/mentalworks\/"},"uagb_comment_info":0,"uagb_excerpt":"Les d\u00e9cisions d&rsquo;am\u00e9nagement prises par les \u00e9lus sont concr\u00e9tis\u00e9es \u00e0 travers le Plan Local d\u2019Urbanisme (PLU). En plus des choix locaux r\u00e9pondant aux besoins des r\u00e9sidents, la l\u00e9gislation impose un cadre r\u00e9glementaire rigoureux (Lois Solidarit\u00e9 et Renouvellement Urbain, Urbanisme et Habitat, Grenelle, etc.). L\u2019\u00e9quilibre entre emplois et logements est une priorit\u00e9 essentielle pour la municipalit\u00e9.&hellip;","_links":{"self":[{"href":"https:\/\/mairie-montataire.fr\/en\/wp-json\/wp\/v2\/pages\/160","targetHints":{"allow":["GET"]}}],"collection":[{"href":"https:\/\/mairie-montataire.fr\/en\/wp-json\/wp\/v2\/pages"}],"about":[{"href":"https:\/\/mairie-montataire.fr\/en\/wp-json\/wp\/v2\/types\/page"}],"author":[{"embeddable":true,"href":"https:\/\/mairie-montataire.fr\/en\/wp-json\/wp\/v2\/users\/1"}],"replies":[{"embeddable":true,"href":"https:\/\/mairie-montataire.fr\/en\/wp-json\/wp\/v2\/comments?post=160"}],"version-history":[{"count":47,"href":"https:\/\/mairie-montataire.fr\/en\/wp-json\/wp\/v2\/pages\/160\/revisions"}],"predecessor-version":[{"id":7350,"href":"https:\/\/mairie-montataire.fr\/en\/wp-json\/wp\/v2\/pages\/160\/revisions\/7350"}],"up":[{"embeddable":true,"href":"https:\/\/mairie-montataire.fr\/en\/wp-json\/wp\/v2\/pages\/120"}],"wp:featuredmedia":[{"embeddable":true,"href":"https:\/\/mairie-montataire.fr\/en\/wp-json\/wp\/v2\/media\/1394"}],"wp:attachment":[{"href":"https:\/\/mairie-montataire.fr\/en\/wp-json\/wp\/v2\/media?parent=160"}],"curies":[{"name":"wp","href":"https:\/\/api.w.org\/{rel}","templated":true}]}}