{"id":126,"date":"2024-05-03T09:24:29","date_gmt":"2024-05-03T09:24:29","guid":{"rendered":"https:\/\/montataire.local\/?page_id=126"},"modified":"2024-08-13T15:59:03","modified_gmt":"2024-08-13T15:59:03","slug":"mother-and-child-protection-pmi","status":"publish","type":"page","link":"https:\/\/mairie-montataire.fr\/en\/habiter\/petite-enfance\/protection-maternelle-et-infantile-pmi\/","title":{"rendered":"Maternal and Child Protection (PMI)"},"content":{"rendered":"<p><strong>The PMI is an essential service dedicated to the health and well-being of pregnant women, infants, children and families. In France, the PMI offers a wide range of services, from medical surveillance of pregnant women to health protection for young children. All of the town's early childhood facilities have been approved by the PMI and are funded by the CAF and the commune of Montataire.<\/strong><\/p>\n\n\n\n<p>The PMI provides medical care for pregnant women, offering prenatal consultations and advice on healthy pregnancy. After childbirth, it supports mothers and newborns, providing advice on breastfeeding and infant care. It is also involved in preventing child abuse, by reporting cases and taking preventive action, while promoting the rights of children and vulnerable women.<\/p>","protected":false},"excerpt":{"rendered":"<p>La PMI est un service essentiel d\u00e9di\u00e9 \u00e0 la sant\u00e9 et au bien-\u00eatre des femmes enceintes, des nourrissons, des enfants et des familles. En France, la PMI offre une gamme de services vari\u00e9s, allant de la surveillance m\u00e9dicale des femmes enceintes \u00e0 la protection de la sant\u00e9 des jeunes enfants. Toutes les structures Petite Enfance [&hellip;]<\/p>\n","protected":false},"author":1,"featured_media":1595,"parent":110,"menu_order":12,"comment_status":"closed","ping_status":"closed","template":"","meta":{"_acf_changed":false,"_uag_custom_page_level_css":"","footnotes":""},"class_list":["post-126","page","type-page","status-publish","has-post-thumbnail","hentry"],"acf":[],"uagb_featured_image_src":{"full":["https:\/\/mairie-montataire.fr\/app\/uploads\/2024\/07\/1.1.3_baby-visiting-doctor-checkup\u00a9rawpixel.com_-scaled.jpg",2560,1709,false],"thumbnail":["https:\/\/mairie-montataire.fr\/app\/uploads\/2024\/07\/1.1.3_baby-visiting-doctor-checkup\u00a9rawpixel.com_-150x150.jpg",150,150,true],"medium":["https:\/\/mairie-montataire.fr\/app\/uploads\/2024\/07\/1.1.3_baby-visiting-doctor-checkup\u00a9rawpixel.com_-300x200.jpg",300,200,true],"medium_large":["https:\/\/mairie-montataire.fr\/app\/uploads\/2024\/07\/1.1.3_baby-visiting-doctor-checkup\u00a9rawpixel.com_-768x513.jpg",768,513,true],"large":["https:\/\/mairie-montataire.fr\/app\/uploads\/2024\/07\/1.1.3_baby-visiting-doctor-checkup\u00a9rawpixel.com_-1024x683.jpg",1024,683,true],"1536x1536":["https:\/\/mairie-montataire.fr\/app\/uploads\/2024\/07\/1.1.3_baby-visiting-doctor-checkup\u00a9rawpixel.com_-1536x1025.jpg",1536,1025,true],"2048x2048":["https:\/\/mairie-montataire.fr\/app\/uploads\/2024\/07\/1.1.3_baby-visiting-doctor-checkup\u00a9rawpixel.com_-2048x1367.jpg",2048,1367,true],"trp-custom-language-flag":["https:\/\/mairie-montataire.fr\/app\/uploads\/2024\/07\/1.1.3_baby-visiting-doctor-checkup\u00a9rawpixel.com_-scaled.jpg",18,12,false],"gform-image-choice-sm":["https:\/\/mairie-montataire.fr\/app\/uploads\/2024\/07\/1.1.3_baby-visiting-doctor-checkup\u00a9rawpixel.com_-scaled.jpg",300,200,false],"gform-image-choice-md":["https:\/\/mairie-montataire.fr\/app\/uploads\/2024\/07\/1.1.3_baby-visiting-doctor-checkup\u00a9rawpixel.com_-scaled.jpg",400,267,false],"gform-image-choice-lg":["https:\/\/mairie-montataire.fr\/app\/uploads\/2024\/07\/1.1.3_baby-visiting-doctor-checkup\u00a9rawpixel.com_-scaled.jpg",600,401,false]},"uagb_author_info":{"display_name":"mentalworks","author_link":"https:\/\/mairie-montataire.fr\/en\/actualites\/author\/mentalworks\/"},"uagb_comment_info":0,"uagb_excerpt":"La PMI est un service essentiel d\u00e9di\u00e9 \u00e0 la sant\u00e9 et au bien-\u00eatre des femmes enceintes, des nourrissons, des enfants et des familles. En France, la PMI offre une gamme de services vari\u00e9s, allant de la surveillance m\u00e9dicale des femmes enceintes \u00e0 la protection de la sant\u00e9 des jeunes enfants. Toutes les structures Petite Enfance&hellip;","_links":{"self":[{"href":"https:\/\/mairie-montataire.fr\/en\/wp-json\/wp\/v2\/pages\/126","targetHints":{"allow":["GET"]}}],"collection":[{"href":"https:\/\/mairie-montataire.fr\/en\/wp-json\/wp\/v2\/pages"}],"about":[{"href":"https:\/\/mairie-montataire.fr\/en\/wp-json\/wp\/v2\/types\/page"}],"author":[{"embeddable":true,"href":"https:\/\/mairie-montataire.fr\/en\/wp-json\/wp\/v2\/users\/1"}],"replies":[{"embeddable":true,"href":"https:\/\/mairie-montataire.fr\/en\/wp-json\/wp\/v2\/comments?post=126"}],"version-history":[{"count":19,"href":"https:\/\/mairie-montataire.fr\/en\/wp-json\/wp\/v2\/pages\/126\/revisions"}],"predecessor-version":[{"id":3382,"href":"https:\/\/mairie-montataire.fr\/en\/wp-json\/wp\/v2\/pages\/126\/revisions\/3382"}],"up":[{"embeddable":true,"href":"https:\/\/mairie-montataire.fr\/en\/wp-json\/wp\/v2\/pages\/110"}],"wp:featuredmedia":[{"embeddable":true,"href":"https:\/\/mairie-montataire.fr\/en\/wp-json\/wp\/v2\/media\/1595"}],"wp:attachment":[{"href":"https:\/\/mairie-montataire.fr\/en\/wp-json\/wp\/v2\/media?parent=126"}],"curies":[{"name":"wp","href":"https:\/\/api.w.org\/{rel}","templated":true}]}}