{"id":114,"date":"2024-05-03T09:22:08","date_gmt":"2024-05-03T09:22:08","guid":{"rendered":"https:\/\/montataire.local\/?page_id=114"},"modified":"2024-09-03T08:47:39","modified_gmt":"2024-09-03T08:47:39","slug":"youth","status":"publish","type":"page","link":"https:\/\/mairie-montataire.fr\/en\/habiter\/jeunesse\/","title":{"rendered":"Youth"},"content":{"rendered":"<p><strong>The town supports young Montatairiens in their academic and professional careers through a variety of schemes. These include grants to help with projects, and human support by taking on trainees, apprentices and seasonal jobs in municipal services. It also monitors the educational success programme and provides support for the world of work through the local mission and other structures. In addition, the Jeunesse, Activit\u00e9s et D\u00e9veloppement \u00c9ducatif (JADE) association, which is very active in the town, offers recreational, educational and integration activities.<\/strong><\/p>\n\n\n\n<div class=\"wp-block-uagb-container uagb-block-2eea0966 alignfull uagb-is-root-container\"><div class=\"uagb-container-inner-blocks-wrap\"><div class=\"hub\">\n            <ul class=\"hub__list\" style=\"--nb-items: 4; --width-desktop: 3; --width-tablet: 3; --width-mobile: 2;\">\n                            <li class=\"hub__item\">\n                                            \n<div class=\"mw-card mw-card--3\">\n    <a class=\"mw-card__link\" href=\"https:\/\/mairie-montataire.fr\/en\/habiter\/jeunesse\/programme-de-reussite-educative\/\" aria-label=\"\">\n        <div class=\"mw-card__top\">\n                                                                <figure class=\"mw-card__thumbnail-container\">\n                <img loading=\"lazy\" decoding=\"async\" class=\"mw-card__thumbnail\" src=\"https:\/\/mairie-montataire.fr\/app\/uploads\/2024\/09\/1.3.1_ProgReussiteEduc.jpg\" srcset=\"https:\/\/mairie-montataire.fr\/app\/uploads\/2024\/09\/1.3.1_ProgReussiteEduc.jpg 500w, https:\/\/mairie-montataire.fr\/app\/uploads\/2024\/09\/1.3.1_ProgReussiteEduc-300x210.jpg 300w, https:\/\/mairie-montataire.fr\/app\/uploads\/2024\/09\/1.3.1_ProgReussiteEduc-18x12.jpg 18w\"\n                     sizes=\"auto, (max-width: 500px) 100vw, 500px\" alt=\"\" width=\"500\"\n                     height=\"350\"\/>\n            <\/figure>\n        <\/div>\n        <div class=\"mw-card__bottom\">\n            <div class=\"mw-card__content\">\n                                <h3 class=\"mw-card__title\">Educational Success Programme (PRE)<\/h3>\n                            <\/div>\n            <p class=\"mw-card__text-link\">\n                                    <span>Find out more<\/span>\n                                <svg width=\"20\" height=\"20\" viewbox=\"0 0 24 24\" fill=\"none\" xmlns=\"http:\/\/www.w3.org\/2000\/svg\">\n<path d=\"M12 5V19M5 12H19\" stroke=\"black\" stroke-width=\"2\" stroke-linecap=\"round\" stroke-linejoin=\"round\"\/>\n<\/svg>\n            <\/p>\n        <\/div>\n    <\/a>\n<\/div>                                    <\/li>\n                            <li class=\"hub__item\">\n                                            \n<div class=\"mw-card mw-card--3\">\n    <a class=\"mw-card__link\" href=\"https:\/\/mairie-montataire.fr\/en\/habiter\/jeunesse\/vers-le-monde-du-travail\/\" aria-label=\"\">\n        <div class=\"mw-card__top\">\n                                                                <figure class=\"mw-card__thumbnail-container\">\n                <img loading=\"lazy\" decoding=\"async\" class=\"mw-card__thumbnail\" src=\"https:\/\/mairie-montataire.fr\/app\/uploads\/2024\/09\/1.3.2_Vers-le-monde-du-travail.jpg\" srcset=\"https:\/\/mairie-montataire.fr\/app\/uploads\/2024\/09\/1.3.2_Vers-le-monde-du-travail.jpg 500w, https:\/\/mairie-montataire.fr\/app\/uploads\/2024\/09\/1.3.2_Vers-le-monde-du-travail-300x210.jpg 300w, https:\/\/mairie-montataire.fr\/app\/uploads\/2024\/09\/1.3.2_Vers-le-monde-du-travail-18x12.jpg 18w\"\n                     sizes=\"auto, (max-width: 500px) 100vw, 500px\" alt=\"\" width=\"500\"\n                     height=\"350\"\/>\n            <\/figure>\n        <\/div>\n        <div class=\"mw-card__bottom\">\n            <div class=\"mw-card__content\">\n                                <h3 class=\"mw-card__title\">Towards the world of work<\/h3>\n                            <\/div>\n            <p class=\"mw-card__text-link\">\n                                    <span>Find out more<\/span>\n                                <svg width=\"20\" height=\"20\" viewbox=\"0 0 24 24\" fill=\"none\" xmlns=\"http:\/\/www.w3.org\/2000\/svg\">\n<path d=\"M12 5V19M5 12H19\" stroke=\"black\" stroke-width=\"2\" stroke-linecap=\"round\" stroke-linejoin=\"round\"\/>\n<\/svg>\n            <\/p>\n        <\/div>\n    <\/a>\n<\/div>                                    <\/li>\n                            <li class=\"hub__item\">\n                                            \n<div class=\"mw-card mw-card--3\">\n    <a class=\"mw-card__link\" href=\"https:\/\/mairie-montataire.fr\/en\/habiter\/jeunesse\/accompagnement\/\" aria-label=\"\">\n        <div class=\"mw-card__top\">\n                                                                <figure class=\"mw-card__thumbnail-container\">\n                <img loading=\"lazy\" decoding=\"async\" class=\"mw-card__thumbnail\" src=\"https:\/\/mairie-montataire.fr\/app\/uploads\/2024\/07\/1.3.3_AccompagnementsJeunesse.jpg\" srcset=\"https:\/\/mairie-montataire.fr\/app\/uploads\/2024\/07\/1.3.3_AccompagnementsJeunesse.jpg 500w, https:\/\/mairie-montataire.fr\/app\/uploads\/2024\/07\/1.3.3_AccompagnementsJeunesse-300x210.jpg 300w\"\n                     sizes=\"auto, (max-width: 500px) 100vw, 500px\" alt=\"\" width=\"500\"\n                     height=\"350\"\/>\n            <\/figure>\n        <\/div>\n        <div class=\"mw-card__bottom\">\n            <div class=\"mw-card__content\">\n                                <h3 class=\"mw-card__title\">Support<\/h3>\n                            <\/div>\n            <p class=\"mw-card__text-link\">\n                                    <span>Find out more<\/span>\n                                <svg width=\"20\" height=\"20\" viewbox=\"0 0 24 24\" fill=\"none\" xmlns=\"http:\/\/www.w3.org\/2000\/svg\">\n<path d=\"M12 5V19M5 12H19\" stroke=\"black\" stroke-width=\"2\" stroke-linecap=\"round\" stroke-linejoin=\"round\"\/>\n<\/svg>\n            <\/p>\n        <\/div>\n    <\/a>\n<\/div>                                    <\/li>\n                            <li class=\"hub__item\">\n                                            \n<div class=\"mw-card mw-card--3\">\n    <a class=\"mw-card__link\" href=\"https:\/\/mairie-montataire.fr\/en\/habiter\/jeunesse\/jade\/\" aria-label=\"\">\n        <div class=\"mw-card__top\">\n                                                                <figure class=\"mw-card__thumbnail-container\">\n                <img loading=\"lazy\" decoding=\"async\" class=\"mw-card__thumbnail\" src=\"https:\/\/mairie-montataire.fr\/app\/uploads\/2024\/07\/1.3.4_2024-07-04-JADE-1.jpg\" srcset=\"https:\/\/mairie-montataire.fr\/app\/uploads\/2024\/07\/1.3.4_2024-07-04-JADE-1.jpg 500w, https:\/\/mairie-montataire.fr\/app\/uploads\/2024\/07\/1.3.4_2024-07-04-JADE-1-300x210.jpg 300w\"\n                     sizes=\"auto, (max-width: 500px) 100vw, 500px\" alt=\"\" width=\"500\"\n                     height=\"350\"\/>\n            <\/figure>\n        <\/div>\n        <div class=\"mw-card__bottom\">\n            <div class=\"mw-card__content\">\n                                <h3 class=\"mw-card__title\">JADE<\/h3>\n                            <\/div>\n            <p class=\"mw-card__text-link\">\n                                    <span>Find out more<\/span>\n                                <svg width=\"20\" height=\"20\" viewbox=\"0 0 24 24\" fill=\"none\" xmlns=\"http:\/\/www.w3.org\/2000\/svg\">\n<path d=\"M12 5V19M5 12H19\" stroke=\"black\" stroke-width=\"2\" stroke-linecap=\"round\" stroke-linejoin=\"round\"\/>\n<\/svg>\n            <\/p>\n        <\/div>\n    <\/a>\n<\/div>                                    <\/li>\n                    <\/ul>\n    <\/div><\/div><\/div>","protected":false},"excerpt":{"rendered":"<p>La ville soutient les jeunes Montatairiens dans leur cursus scolaire et professionnel par divers dispositifs. Cela inclut des bourses d\u2019aide aux projets et un accompagnement humain avec l\u2019accueil de stagiaires, d\u2019apprentis et d\u2019emplois saisonniers dans les services municipaux. Elle suit \u00e9galement le programme de r\u00e9ussite \u00e9ducative et l\u2019accompagnement vers le monde du travail via la [&hellip;]<\/p>\n","protected":false},"author":1,"featured_media":4194,"parent":32,"menu_order":18,"comment_status":"closed","ping_status":"closed","template":"","meta":{"_acf_changed":false,"_uag_custom_page_level_css":"","footnotes":""},"class_list":["post-114","page","type-page","status-publish","has-post-thumbnail","hentry"],"acf":[],"uagb_featured_image_src":{"full":["https:\/\/mairie-montataire.fr\/app\/uploads\/2024\/09\/1.3_Jeunesse.jpg",500,350,false],"thumbnail":["https:\/\/mairie-montataire.fr\/app\/uploads\/2024\/09\/1.3_Jeunesse-150x150.jpg",150,150,true],"medium":["https:\/\/mairie-montataire.fr\/app\/uploads\/2024\/09\/1.3_Jeunesse-300x210.jpg",300,210,true],"medium_large":["https:\/\/mairie-montataire.fr\/app\/uploads\/2024\/09\/1.3_Jeunesse.jpg",500,350,false],"large":["https:\/\/mairie-montataire.fr\/app\/uploads\/2024\/09\/1.3_Jeunesse.jpg",500,350,false],"1536x1536":["https:\/\/mairie-montataire.fr\/app\/uploads\/2024\/09\/1.3_Jeunesse.jpg",500,350,false],"2048x2048":["https:\/\/mairie-montataire.fr\/app\/uploads\/2024\/09\/1.3_Jeunesse.jpg",500,350,false],"trp-custom-language-flag":["https:\/\/mairie-montataire.fr\/app\/uploads\/2024\/09\/1.3_Jeunesse-18x12.jpg",18,12,true],"gform-image-choice-sm":["https:\/\/mairie-montataire.fr\/app\/uploads\/2024\/09\/1.3_Jeunesse.jpg",300,210,false],"gform-image-choice-md":["https:\/\/mairie-montataire.fr\/app\/uploads\/2024\/09\/1.3_Jeunesse.jpg",400,280,false],"gform-image-choice-lg":["https:\/\/mairie-montataire.fr\/app\/uploads\/2024\/09\/1.3_Jeunesse.jpg",500,350,false]},"uagb_author_info":{"display_name":"mentalworks","author_link":"https:\/\/mairie-montataire.fr\/en\/actualites\/author\/mentalworks\/"},"uagb_comment_info":0,"uagb_excerpt":"La ville soutient les jeunes Montatairiens dans leur cursus scolaire et professionnel par divers dispositifs. Cela inclut des bourses d\u2019aide aux projets et un accompagnement humain avec l\u2019accueil de stagiaires, d\u2019apprentis et d\u2019emplois saisonniers dans les services municipaux. Elle suit \u00e9galement le programme de r\u00e9ussite \u00e9ducative et l\u2019accompagnement vers le monde du travail via la&hellip;","_links":{"self":[{"href":"https:\/\/mairie-montataire.fr\/en\/wp-json\/wp\/v2\/pages\/114","targetHints":{"allow":["GET"]}}],"collection":[{"href":"https:\/\/mairie-montataire.fr\/en\/wp-json\/wp\/v2\/pages"}],"about":[{"href":"https:\/\/mairie-montataire.fr\/en\/wp-json\/wp\/v2\/types\/page"}],"author":[{"embeddable":true,"href":"https:\/\/mairie-montataire.fr\/en\/wp-json\/wp\/v2\/users\/1"}],"replies":[{"embeddable":true,"href":"https:\/\/mairie-montataire.fr\/en\/wp-json\/wp\/v2\/comments?post=114"}],"version-history":[{"count":6,"href":"https:\/\/mairie-montataire.fr\/en\/wp-json\/wp\/v2\/pages\/114\/revisions"}],"predecessor-version":[{"id":1680,"href":"https:\/\/mairie-montataire.fr\/en\/wp-json\/wp\/v2\/pages\/114\/revisions\/1680"}],"up":[{"embeddable":true,"href":"https:\/\/mairie-montataire.fr\/en\/wp-json\/wp\/v2\/pages\/32"}],"wp:featuredmedia":[{"embeddable":true,"href":"https:\/\/mairie-montataire.fr\/en\/wp-json\/wp\/v2\/media\/4194"}],"wp:attachment":[{"href":"https:\/\/mairie-montataire.fr\/en\/wp-json\/wp\/v2\/media?parent=114"}],"curies":[{"name":"wp","href":"https:\/\/api.w.org\/{rel}","templated":true}]}}