{"id":112,"date":"2024-05-03T09:21:52","date_gmt":"2024-05-03T09:21:52","guid":{"rendered":"https:\/\/montataire.local\/?page_id=112"},"modified":"2024-07-29T15:16:43","modified_gmt":"2024-07-29T15:16:43","slug":"childhood","status":"publish","type":"page","link":"https:\/\/mairie-montataire.fr\/en\/habiter\/enfance\/","title":{"rendered":"Children"},"content":{"rendered":"<div class=\"wp-block-columns is-layout-flex wp-container-core-columns-is-layout-9d6595d7 wp-block-columns-is-layout-flex\">\n<div class=\"wp-block-column is-layout-flow wp-block-column-is-layout-flow\" style=\"flex-basis:66.66%\">\n<p><strong>As well as providing suitable premises, the city employs qualified staff and encourages pupils' access to culture, sport and a varied diet.\u00a0<\/strong><br><br>The city has set up a <a href=\"https:\/\/www.espace-citoyens.net\/montataire\/espace-citoyens\/Home\/AccueilPublic\" data-type=\"link\" data-id=\"https:\/\/www.espace-citoyens.net\/montataire\/espace-citoyens\/Home\/AccueilPublic\" target=\"_blank\" rel=\"noreferrer noopener\">Citizen Space<\/a> which lets you register and book directly online for the municipal activities your children need: after-school care, leisure activities and school meals. You can also pay your bills online and print out your administrative documents...<\/p>\n<\/div>\n\n\n\n<div class=\"wp-block-column is-layout-flow wp-block-column-is-layout-flow\" style=\"flex-basis:33.33%\">\n<figure class=\"wp-block-image size-full no-ds\"><a href=\"https:\/\/mairie-montataire.fr\/en\/unicef-child-friendly-city\/\"><img loading=\"lazy\" decoding=\"async\" width=\"490\" height=\"164\" src=\"https:\/\/mairie-montataire.fr\/app\/uploads\/2024\/06\/unicef-villeamiedesenfants.jpg\" alt=\"\" class=\"wp-image-702\" srcset=\"https:\/\/mairie-montataire.fr\/app\/uploads\/2024\/06\/unicef-villeamiedesenfants.jpg 490w, https:\/\/mairie-montataire.fr\/app\/uploads\/2024\/06\/unicef-villeamiedesenfants-300x100.jpg 300w\" sizes=\"auto, (max-width: 490px) 100vw, 490px\" \/><\/a><\/figure>\n<\/div>\n<\/div>\n\n\n\n<div class=\"wp-block-uagb-container uagb-block-bab61008 alignfull uagb-is-root-container\"><div class=\"uagb-container-inner-blocks-wrap\"><div class=\"hub\">\n            <ul class=\"hub__list\" style=\"--nb-items: 4; --width-desktop: 3; --width-tablet: 2; --width-mobile: 1;\">\n                            <li class=\"hub__item\">\n                                            \n<div class=\"mw-card mw-card--3\">\n    <a class=\"mw-card__link\" href=\"https:\/\/mairie-montataire.fr\/en\/habiter\/enfance\/ecoles\/\" aria-label=\"\">\n        <div class=\"mw-card__top\">\n                                                                <figure class=\"mw-card__thumbnail-container\">\n                <img loading=\"lazy\" decoding=\"async\" class=\"mw-card__thumbnail\" src=\"https:\/\/mairie-montataire.fr\/app\/uploads\/2024\/07\/1.2.1_ecoles.jpg\" srcset=\"https:\/\/mairie-montataire.fr\/app\/uploads\/2024\/07\/1.2.1_ecoles.jpg 475w, https:\/\/mairie-montataire.fr\/app\/uploads\/2024\/07\/1.2.1_ecoles-300x220.jpg 300w\"\n                     sizes=\"auto, (max-width: 475px) 100vw, 475px\" alt=\"Schools\" width=\"475\"\n                     height=\"348\"\/>\n            <\/figure>\n        <\/div>\n        <div class=\"mw-card__bottom\">\n            <div class=\"mw-card__content\">\n                                <h3 class=\"mw-card__title\">Schools<\/h3>\n                            <\/div>\n            <p class=\"mw-card__text-link\">\n                                    <span>Find out more<\/span>\n                                <svg width=\"20\" height=\"20\" viewbox=\"0 0 24 24\" fill=\"none\" xmlns=\"http:\/\/www.w3.org\/2000\/svg\">\n<path d=\"M12 5V19M5 12H19\" stroke=\"black\" stroke-width=\"2\" stroke-linecap=\"round\" stroke-linejoin=\"round\"\/>\n<\/svg>\n            <\/p>\n        <\/div>\n    <\/a>\n<\/div>                                    <\/li>\n                            <li class=\"hub__item\">\n                                            \n<div class=\"mw-card mw-card--3\">\n    <a class=\"mw-card__link\" href=\"https:\/\/mairie-montataire.fr\/en\/habiter\/enfance\/restaurants-scolaires\/\" aria-label=\"\">\n        <div class=\"mw-card__top\">\n                                                                <figure class=\"mw-card__thumbnail-container\">\n                <img loading=\"lazy\" decoding=\"async\" class=\"mw-card__thumbnail\" src=\"https:\/\/mairie-montataire.fr\/app\/uploads\/2024\/07\/1.2.2_bis_2022-07-28-Une-Dossier-Vivre-Restauration-Cantine-Scolaire-15.jpg\" srcset=\"https:\/\/mairie-montataire.fr\/app\/uploads\/2024\/07\/1.2.2_bis_2022-07-28-Une-Dossier-Vivre-Restauration-Cantine-Scolaire-15.jpg 500w, https:\/\/mairie-montataire.fr\/app\/uploads\/2024\/07\/1.2.2_bis_2022-07-28-Une-Dossier-Vivre-Restauration-Cantine-Scolaire-15-300x210.jpg 300w\"\n                     sizes=\"auto, (max-width: 500px) 100vw, 500px\" alt=\"\" width=\"500\"\n                     height=\"350\"\/>\n            <\/figure>\n        <\/div>\n        <div class=\"mw-card__bottom\">\n            <div class=\"mw-card__content\">\n                                <h3 class=\"mw-card__title\">School restaurants<\/h3>\n                            <\/div>\n            <p class=\"mw-card__text-link\">\n                                    <span>Find out more<\/span>\n                                <svg width=\"20\" height=\"20\" viewbox=\"0 0 24 24\" fill=\"none\" xmlns=\"http:\/\/www.w3.org\/2000\/svg\">\n<path d=\"M12 5V19M5 12H19\" stroke=\"black\" stroke-width=\"2\" stroke-linecap=\"round\" stroke-linejoin=\"round\"\/>\n<\/svg>\n            <\/p>\n        <\/div>\n    <\/a>\n<\/div>                                    <\/li>\n                            <li class=\"hub__item\">\n                                            \n<div class=\"mw-card mw-card--3\">\n    <a class=\"mw-card__link\" href=\"https:\/\/mairie-montataire.fr\/en\/habiter\/enfance\/accueils-periscolaires\/\" aria-label=\"\">\n        <div class=\"mw-card__top\">\n                                                                <figure class=\"mw-card__thumbnail-container\">\n                <img loading=\"lazy\" decoding=\"async\" class=\"mw-card__thumbnail\" src=\"https:\/\/mairie-montataire.fr\/app\/uploads\/2024\/07\/1.2.3_peinture-enfants-heureux-plan-moyen\u00a9Istock-1024x683.jpg\" srcset=\"https:\/\/mairie-montataire.fr\/app\/uploads\/2024\/07\/1.2.3_peinture-enfants-heureux-plan-moyen\u00a9Istock-1024x683.jpg 1024w, https:\/\/mairie-montataire.fr\/app\/uploads\/2024\/07\/1.2.3_peinture-enfants-heureux-plan-moyen\u00a9Istock-300x200.jpg 300w, https:\/\/mairie-montataire.fr\/app\/uploads\/2024\/07\/1.2.3_peinture-enfants-heureux-plan-moyen\u00a9Istock-768x512.jpg 768w, https:\/\/mairie-montataire.fr\/app\/uploads\/2024\/07\/1.2.3_peinture-enfants-heureux-plan-moyen\u00a9Istock-1536x1024.jpg 1536w, https:\/\/mairie-montataire.fr\/app\/uploads\/2024\/07\/1.2.3_peinture-enfants-heureux-plan-moyen\u00a9Istock-2048x1365.jpg 2048w\"\n                     sizes=\"auto, (max-width: 1024px) 100vw, 1024px\" alt=\"\" width=\"2560\"\n                     height=\"1707\"\/>\n            <\/figure>\n        <\/div>\n        <div class=\"mw-card__bottom\">\n            <div class=\"mw-card__content\">\n                                <h3 class=\"mw-card__title\">After-school care<\/h3>\n                            <\/div>\n            <p class=\"mw-card__text-link\">\n                                    <span>Find out more<\/span>\n                                <svg width=\"20\" height=\"20\" viewbox=\"0 0 24 24\" fill=\"none\" xmlns=\"http:\/\/www.w3.org\/2000\/svg\">\n<path d=\"M12 5V19M5 12H19\" stroke=\"black\" stroke-width=\"2\" stroke-linecap=\"round\" stroke-linejoin=\"round\"\/>\n<\/svg>\n            <\/p>\n        <\/div>\n    <\/a>\n<\/div>                                    <\/li>\n                            <li class=\"hub__item\">\n                                            \n<div class=\"mw-card mw-card--3\">\n    <a class=\"mw-card__link\" href=\"https:\/\/mairie-montataire.fr\/en\/habiter\/enfance\/accueil-de-loisirs-pierre-legrand\/\" aria-label=\"\">\n        <div class=\"mw-card__top\">\n                                                                <figure class=\"mw-card__thumbnail-container\">\n                <img loading=\"lazy\" decoding=\"async\" class=\"mw-card__thumbnail\" src=\"https:\/\/mairie-montataire.fr\/app\/uploads\/2024\/06\/2022-08-25-fete-alsh-1024x683.jpg\" srcset=\"https:\/\/mairie-montataire.fr\/app\/uploads\/2024\/06\/2022-08-25-fete-alsh-1024x683.jpg 1024w, https:\/\/mairie-montataire.fr\/app\/uploads\/2024\/06\/2022-08-25-fete-alsh-300x200.jpg 300w, https:\/\/mairie-montataire.fr\/app\/uploads\/2024\/06\/2022-08-25-fete-alsh-768x512.jpg 768w, https:\/\/mairie-montataire.fr\/app\/uploads\/2024\/06\/2022-08-25-fete-alsh-1536x1024.jpg 1536w, https:\/\/mairie-montataire.fr\/app\/uploads\/2024\/06\/2022-08-25-fete-alsh.jpg 1600w\"\n                     sizes=\"auto, (max-width: 1024px) 100vw, 1024px\" alt=\"Children dancing on stage in front of their parents at the leisure centre party\" width=\"1600\"\n                     height=\"1067\"\/>\n            <\/figure>\n        <\/div>\n        <div class=\"mw-card__bottom\">\n            <div class=\"mw-card__content\">\n                                <h3 class=\"mw-card__title\">Pierre Legrand Leisure Centre<\/h3>\n                            <\/div>\n            <p class=\"mw-card__text-link\">\n                                    <span>Find out more<\/span>\n                                <svg width=\"20\" height=\"20\" viewbox=\"0 0 24 24\" fill=\"none\" xmlns=\"http:\/\/www.w3.org\/2000\/svg\">\n<path d=\"M12 5V19M5 12H19\" stroke=\"black\" stroke-width=\"2\" stroke-linecap=\"round\" stroke-linejoin=\"round\"\/>\n<\/svg>\n            <\/p>\n        <\/div>\n    <\/a>\n<\/div>                                    <\/li>\n                    <\/ul>\n    <\/div><\/div><\/div>","protected":false},"excerpt":{"rendered":"<p>En plus de fournir des locaux adapt\u00e9s, la Ville emploie du personnel qualifi\u00e9 et encourage l&rsquo;acc\u00e8s des \u00e9l\u00e8ves \u00e0 la culture, au sport et \u00e0 une alimentation vari\u00e9e.\u00a0 La ville a mis en place un Espace Citoyen qui vous permet d&rsquo;inscrire et de r\u00e9server directement en ligne les activit\u00e9s municipales dont vos enfants ont besoin [&hellip;]<\/p>\n","protected":false},"author":1,"featured_media":1605,"parent":32,"menu_order":13,"comment_status":"closed","ping_status":"closed","template":"","meta":{"_acf_changed":false,"_uag_custom_page_level_css":"","footnotes":""},"class_list":["post-112","page","type-page","status-publish","has-post-thumbnail","hentry"],"acf":[],"uagb_featured_image_src":{"full":["https:\/\/mairie-montataire.fr\/app\/uploads\/2024\/07\/1.2_full-shot-kids-running-outdoors\u00a9Freepik.jpg",500,350,false],"thumbnail":["https:\/\/mairie-montataire.fr\/app\/uploads\/2024\/07\/1.2_full-shot-kids-running-outdoors\u00a9Freepik-150x150.jpg",150,150,true],"medium":["https:\/\/mairie-montataire.fr\/app\/uploads\/2024\/07\/1.2_full-shot-kids-running-outdoors\u00a9Freepik-300x210.jpg",300,210,true],"medium_large":["https:\/\/mairie-montataire.fr\/app\/uploads\/2024\/07\/1.2_full-shot-kids-running-outdoors\u00a9Freepik.jpg",500,350,false],"large":["https:\/\/mairie-montataire.fr\/app\/uploads\/2024\/07\/1.2_full-shot-kids-running-outdoors\u00a9Freepik.jpg",500,350,false],"1536x1536":["https:\/\/mairie-montataire.fr\/app\/uploads\/2024\/07\/1.2_full-shot-kids-running-outdoors\u00a9Freepik.jpg",500,350,false],"2048x2048":["https:\/\/mairie-montataire.fr\/app\/uploads\/2024\/07\/1.2_full-shot-kids-running-outdoors\u00a9Freepik.jpg",500,350,false],"trp-custom-language-flag":["https:\/\/mairie-montataire.fr\/app\/uploads\/2024\/07\/1.2_full-shot-kids-running-outdoors\u00a9Freepik.jpg",18,12,false],"gform-image-choice-sm":["https:\/\/mairie-montataire.fr\/app\/uploads\/2024\/07\/1.2_full-shot-kids-running-outdoors\u00a9Freepik.jpg",300,210,false],"gform-image-choice-md":["https:\/\/mairie-montataire.fr\/app\/uploads\/2024\/07\/1.2_full-shot-kids-running-outdoors\u00a9Freepik.jpg",400,280,false],"gform-image-choice-lg":["https:\/\/mairie-montataire.fr\/app\/uploads\/2024\/07\/1.2_full-shot-kids-running-outdoors\u00a9Freepik.jpg",500,350,false]},"uagb_author_info":{"display_name":"mentalworks","author_link":"https:\/\/mairie-montataire.fr\/en\/actualites\/author\/mentalworks\/"},"uagb_comment_info":0,"uagb_excerpt":"En plus de fournir des locaux adapt\u00e9s, la Ville emploie du personnel qualifi\u00e9 et encourage l&rsquo;acc\u00e8s des \u00e9l\u00e8ves \u00e0 la culture, au sport et \u00e0 une alimentation vari\u00e9e.\u00a0 La ville a mis en place un Espace Citoyen qui vous permet d&rsquo;inscrire et de r\u00e9server directement en ligne les activit\u00e9s municipales dont vos enfants ont besoin&hellip;","_links":{"self":[{"href":"https:\/\/mairie-montataire.fr\/en\/wp-json\/wp\/v2\/pages\/112","targetHints":{"allow":["GET"]}}],"collection":[{"href":"https:\/\/mairie-montataire.fr\/en\/wp-json\/wp\/v2\/pages"}],"about":[{"href":"https:\/\/mairie-montataire.fr\/en\/wp-json\/wp\/v2\/types\/page"}],"author":[{"embeddable":true,"href":"https:\/\/mairie-montataire.fr\/en\/wp-json\/wp\/v2\/users\/1"}],"replies":[{"embeddable":true,"href":"https:\/\/mairie-montataire.fr\/en\/wp-json\/wp\/v2\/comments?post=112"}],"version-history":[{"count":6,"href":"https:\/\/mairie-montataire.fr\/en\/wp-json\/wp\/v2\/pages\/112\/revisions"}],"predecessor-version":[{"id":1983,"href":"https:\/\/mairie-montataire.fr\/en\/wp-json\/wp\/v2\/pages\/112\/revisions\/1983"}],"up":[{"embeddable":true,"href":"https:\/\/mairie-montataire.fr\/en\/wp-json\/wp\/v2\/pages\/32"}],"wp:featuredmedia":[{"embeddable":true,"href":"https:\/\/mairie-montataire.fr\/en\/wp-json\/wp\/v2\/media\/1605"}],"wp:attachment":[{"href":"https:\/\/mairie-montataire.fr\/en\/wp-json\/wp\/v2\/media?parent=112"}],"curies":[{"name":"wp","href":"https:\/\/api.w.org\/{rel}","templated":true}]}}