{"id":5222,"date":"2024-10-15T10:00:46","date_gmt":"2024-10-15T10:00:46","guid":{"rendered":"https:\/\/mairie-montataire.fr\/?page_id=5222"},"modified":"2025-03-21T12:56:32","modified_gmt":"2025-03-21T12:56:32","slug":"zuganglichkeit","status":"publish","type":"page","link":"https:\/\/mairie-montataire.fr\/de\/accessibilite\/","title":{"rendered":"Zug\u00e4nglichkeit"},"content":{"rendered":"<h2 class=\"wp-block-heading\">Was ist digitale Barrierefreiheit?<\/h2>\n\n\n\n<p>Eine barrierefreie Website ist eine Website, die es Menschen mit Behinderungen erm\u00f6glicht, problemlos auf ihre Inhalte und Funktionen zuzugreifen.<br>Eine barrierefreie Seite erm\u00f6glicht zum Beispiel :<\/p>\n\n\n\n<ul class=\"wp-block-list\">\n<li style=\"font-style:normal;font-weight:400\">Mit einer Sprachausgabe und\/oder einer Braillezeile (insbesondere von Blinden und Sehbehinderten verwendet) navigieren.<\/li>\n\n\n\n<li style=\"font-style:normal;font-weight:400\">Die Anzeige der Website an ihre Bed\u00fcrfnisse anpassen (Schrift vergr\u00f6\u00dfern, Farben \u00e4ndern usw.).<\/li>\n\n\n\n<li style=\"font-style:normal;font-weight:400\">Navigieren ohne Maus (nur mit der Tastatur, \u00fcber einen Touchscreen, mit der Stimme oder einem anderen geeigneten Ger\u00e4t).<\/li>\n<\/ul>\n\n\n\n<div style=\"height:18px\" aria-hidden=\"true\" class=\"wp-block-spacer\"><\/div>\n\n\n\n<p>Dazu muss die Website bei ihrer Erstellung und Aktualisierung die geltenden Normen einhalten.<\/p>\n\n\n\n<h2 class=\"wp-block-heading\">Erkl\u00e4rung der Konformit\u00e4t mit dem RGAA<\/h2>\n\n\n\n<p><\/p>\n\n\n\n<h3 class=\"wp-block-heading\">Stand der Einhaltung<\/h3>\n\n\n\n<p>Diese Website wurde bislang noch nicht auf ihre Konformit\u00e4t mit dem Allgemeinen Referenzrahmen f\u00fcr die Verbesserung der Zug\u00e4nglichkeit Version 4 (RGAA 4) gepr\u00fcft. Ein Konformit\u00e4tsaudit wird derzeit gepr\u00fcft.<\/p>\n\n\n\n<h3 class=\"wp-block-heading\">Ergebnisse der Tests<\/h3>\n\n\n\n<h3 class=\"wp-block-heading\">Nicht zug\u00e4ngliche Inhalte<\/h3>\n\n\n\n<h3 class=\"wp-block-heading\">Erstellung dieser Erkl\u00e4rung zur Barrierefreiheit<\/h3>\n\n\n\n<h3 class=\"wp-block-heading\">Nutzeragenten, unterst\u00fctzende Technologien und Instrumente, die zur \u00dcberpr\u00fcfung der Zug\u00e4nglichkeit verwendet werden<\/h3>\n\n\n\n<h3 class=\"wp-block-heading\">Seiten der Website, die der Konformit\u00e4tspr\u00fcfung unterzogen wurden :<\/h3>\n\n\n\n<h2 class=\"wp-block-heading\">Feedback und Kontakt<\/h2>\n\n\n\n<p>Wenn Sie auf einen Inhalt oder eine Dienstleistung nicht zugreifen k\u00f6nnen, k\u00f6nnen Sie den Verantwortlichen der Website kontaktieren, um auf eine zug\u00e4ngliche Alternative verwiesen zu werden oder den Inhalt in einer anderen Form zu erhalten.<\/p>\n\n\n\n<ul style=\"padding-right:var(--wp--preset--spacing--60);padding-left:var(--wp--preset--spacing--60)\" class=\"wp-block-list\">\n<li style=\"font-style:normal;font-weight:400\">Kontaktieren Sie die Kommunikationsabteilung unter communication@mairie-montataire.fr<\/li>\n<\/ul>\n\n\n\n<h3 class=\"wp-block-heading\">Rechtsmittel<\/h3>\n\n\n\n<p>Wenn Sie dem Verantwortlichen der Website einen Mangel an Zug\u00e4nglichkeit gemeldet haben, der Sie daran hindert, auf einen Inhalt oder eine Funktion der Website zuzugreifen, und Sie keine zufrieden stellende Antwort erhalten haben, sind Sie berechtigt, sich an den Rechtsverteidiger zu wenden. Es stehen Ihnen mehrere M\u00f6glichkeiten zur Verf\u00fcgung:<\/p>\n\n\n\n<ul class=\"wp-block-list\">\n<li style=\"font-style:normal;font-weight:400\">Schreiben Sie eine Nachricht an den Rechtsverteidiger&nbsp;<a href=\"https:\/\/formulaire.defenseurdesdroits.fr\/\">https:\/\/formulaire.defenseurdesdroits.fr\/<\/a><\/li>\n\n\n\n<li style=\"font-style:normal;font-weight:400\">Den Delegierten des Rechtsverteidigers in Ihrer Region kontaktieren&nbsp;<a href=\"https:\/\/www.defenseurdesdroits.fr\/saisir\/delegues\">https:\/\/www.defenseurdesdroits.fr\/saisir\/delegues<\/a><\/li>\n\n\n\n<li style=\"font-style:normal;font-weight:400\">Einen Brief per Post versenden (kostenlos, keine Briefmarke verwenden).<\/li>\n<\/ul>\n\n\n\n<h2 class=\"wp-block-heading\">Mehrjahresplan zur Herstellung von Barrierefreiheit<\/h2>\n\n\n\n<p>F\u00fcr diese Website wurde bislang noch kein mehrj\u00e4hriger Plan zur Herstellung der Barrierefreiheit erstellt. Der Plan wird derzeit gepr\u00fcft.<\/p>\n\n\n\n<p><\/p>","protected":false},"excerpt":{"rendered":"<p>Qu\u2019est-ce que l\u2019accessibilit\u00e9 num\u00e9rique ? Un site web accessible est un site qui permet aux personnes en situation de handicap d\u2019acc\u00e9der \u00e0 ses contenus et ses fonctionnalit\u00e9s sans difficult\u00e9.Un site accessible permet par exemple de : Pour cela, le site doit respecter les normes en vigueur lors de sa r\u00e9alisation et de ses mises \u00e0 [&hellip;]<\/p>\n","protected":false},"author":2,"featured_media":0,"parent":0,"menu_order":1,"comment_status":"closed","ping_status":"closed","template":"","meta":{"_acf_changed":false,"_uag_custom_page_level_css":"","footnotes":""},"class_list":["post-5222","page","type-page","status-publish","hentry"],"acf":[],"uagb_featured_image_src":{"full":false,"thumbnail":false,"medium":false,"medium_large":false,"large":false,"1536x1536":false,"2048x2048":false,"trp-custom-language-flag":false,"gform-image-choice-sm":false,"gform-image-choice-md":false,"gform-image-choice-lg":false},"uagb_author_info":{"display_name":"Laure Pubert","author_link":"https:\/\/mairie-montataire.fr\/de\/actualites\/author\/l-pubert\/"},"uagb_comment_info":0,"uagb_excerpt":"Qu\u2019est-ce que l\u2019accessibilit\u00e9 num\u00e9rique ? Un site web accessible est un site qui permet aux personnes en situation de handicap d\u2019acc\u00e9der \u00e0 ses contenus et ses fonctionnalit\u00e9s sans difficult\u00e9.Un site accessible permet par exemple de : Pour cela, le site doit respecter les normes en vigueur lors de sa r\u00e9alisation et de ses mises \u00e0&hellip;","_links":{"self":[{"href":"https:\/\/mairie-montataire.fr\/de\/wp-json\/wp\/v2\/pages\/5222","targetHints":{"allow":["GET"]}}],"collection":[{"href":"https:\/\/mairie-montataire.fr\/de\/wp-json\/wp\/v2\/pages"}],"about":[{"href":"https:\/\/mairie-montataire.fr\/de\/wp-json\/wp\/v2\/types\/page"}],"author":[{"embeddable":true,"href":"https:\/\/mairie-montataire.fr\/de\/wp-json\/wp\/v2\/users\/2"}],"replies":[{"embeddable":true,"href":"https:\/\/mairie-montataire.fr\/de\/wp-json\/wp\/v2\/comments?post=5222"}],"version-history":[{"count":2,"href":"https:\/\/mairie-montataire.fr\/de\/wp-json\/wp\/v2\/pages\/5222\/revisions"}],"predecessor-version":[{"id":5912,"href":"https:\/\/mairie-montataire.fr\/de\/wp-json\/wp\/v2\/pages\/5222\/revisions\/5912"}],"wp:attachment":[{"href":"https:\/\/mairie-montataire.fr\/de\/wp-json\/wp\/v2\/media?parent=5222"}],"curies":[{"name":"wp","href":"https:\/\/api.w.org\/{rel}","templated":true}]}}