{"id":70,"date":"2024-05-03T09:16:11","date_gmt":"2024-05-03T09:16:11","guid":{"rendered":"https:\/\/montataire.local\/?page_id=70"},"modified":"2026-04-10T07:27:05","modified_gmt":"2026-04-10T07:27:05","slug":"%d8%b1%d8%a6%d9%8a%d8%b3-%d8%a7%d9%84%d8%a8%d9%84%d8%af%d9%8a%d8%a9-%d8%a7%d9%84%d9%85%d9%85%d8%ab%d9%84%d9%8a%d9%86-%d8%a7%d9%84%d9%85%d9%86%d8%aa%d8%ae%d8%a8%d9%8a%d9%86","status":"publish","type":"page","link":"https:\/\/mairie-montataire.fr\/ar\/s-informer\/le-maire-les-elu-e-s\/","title":{"rendered":"\u0631\u0626\u064a\u0633 \u0627\u0644\u0628\u0644\u062f\u064a\u0629 \u0648\u0627\u0644\u0645\u0645\u062b\u0644\u0648\u0646 \u0627\u0644\u0645\u0646\u062a\u062e\u0628\u0648\u0646"},"content":{"rendered":"<p><strong><strong>\u064a\u062a\u0623\u0644\u0641 \u0645\u062c\u0644\u0633 \u0645\u062f\u064a\u0646\u0629 \u0645\u0648\u0646\u062a\u0627\u062a\u064a\u0631\u060c \u0627\u0644\u0630\u064a \u062a\u0645 \u0627\u0646\u062a\u062e\u0627\u0628\u0647 \u0641\u064a 15 \u0645\u0627\u0631\u0633 2026 \u0641\u064a \u0627\u0644\u0627\u0646\u062a\u062e\u0627\u0628\u0627\u062a \u0627\u0644\u0628\u0644\u062f\u064a\u0629 \u0644\u0644\u0641\u062a\u0631\u0629 2026-2032\u060c \u0645\u0646 33 \u0639\u0636\u0648\u064b\u0627 \u0641\u064a \u0627\u0644\u0645\u062c\u0644\u0633 \u0627\u0644\u0628\u0644\u062f\u064a.<\/strong><\/strong><\/p>\n\n\n\t\t\t\t\t<div\n\t\t\t\t\t\tclass=\"wp-block-uagb-image-gallery uagb-block-57b63d9a\"\n\t\t\t\t\t\tstyle=\"\"\n\t\t\t\t\t>\n\t\t\t\t\t\t\t\t\t\t\t<div class=\"spectra-image-gallery spectra-image-gallery__layout--masonry spectra-image-gallery__layout--masonry-col-1 spectra-image-gallery__layout--masonry-col-tab-1 spectra-image-gallery__layout--masonry-col-mob-1\">\n\t\t\t\t\t\t\t\t\t\t\t<div class='spectra-image-gallery__media-wrapper--isotope'>\n\t\t\t\t\t\t\t<div class='spectra-image-gallery__media-wrapper' data-spectra-gallery-image-id='7796' tabindex=\"0\">\n\t\t\t\t\t\t\t<div class=\"spectra-image-gallery__media spectra-image-gallery__media--masonry\">\n\t\t\t\t<picture>\n\t\t\t\t\t<source media=\"(min-width: 1024px)\" srcset=\"https:\/\/mairie-montataire.fr\/app\/uploads\/2026\/04\/Trombinoscope-2026-scaled.png\">\n\t\t\t\t\t<source media=\"(min-width: 768px)\" srcset=\"https:\/\/mairie-montataire.fr\/app\/uploads\/2026\/04\/Trombinoscope-2026-1024x724.png\">\n\t\t\t\t\t<img decoding=\"async\" class=\"spectra-image-gallery__media-thumbnail spectra-image-gallery__media-thumbnail--masonry\" src=\"https:\/\/mairie-montataire.fr\/app\/uploads\/2026\/04\/Trombinoscope-2026-300x212.png\" alt=\"\" loading=\"lazy\" \/>\n\t\t\t\t<\/picture>\n\t\t\t\t<div class=\"spectra-image-gallery__media-thumbnail-blurrer\"><\/div>\n\t\t\t\t\t\t\t\t\t\t\t<div class=\"spectra-image-gallery__media-thumbnail-caption-wrapper spectra-image-gallery__media-thumbnail-caption-wrapper--overlay\"><\/div>\n\t\t\t\t\t\t\t\t<\/div>\n\t\t\t\t\t\t<\/div>\n\t\t\t\t\t\t<\/div>\n\t\t\t\t\t\t\t\t\t\t<\/div>\n\t\t\t\t\t\t\t\t\t\t\t\t\t\t\t\t\t\t<\/div>\n\t\t\t\t\t\t\t\t\t\t\t<div class='spectra-image-gallery__control-lightbox' tabindex='0'>\n\t\t\t\t\t\t\t\t\t\t\t<div class=\"swiper spectra-image-gallery__control-lightbox--main\" dir=\"\">\n\t\t\t\t\t<div class=\"swiper-wrapper\">\n\t\t\t\t\t\t\t\t\t\t\t\t\t\n\t\t\t\t\t\t\t<div class=\"swiper-slide\">\n\t\t\t\t\t\t\t\t<img class=\"swiper-lazy\" data-src=\"https:\/\/mairie-montataire.fr\/app\/uploads\/2026\/04\/Trombinoscope-2026-scaled.png\" alt=\"\"\/>\n\t\t\t\t\t\t\t\t<div class=\"swiper-lazy-preloader swiper-lazy-preloader-white\"><\/div>\n\t\t\t\t\t\t\t\t\t\t\t\t\t\t\t<\/div>\n\t\t\t\t\t\t\t\t\t\t\t<\/div>\n\t\t\t\t\t<div class=\"swiper-button-next\"><\/div>\n\t\t\t\t\t<div class=\"swiper-button-prev\"><\/div>\n\t\t\t\t<\/div>\t\t\t\n\t\t\t\t\t\t\t\t\t\t\t\t\t\t\t\t\t\t\t\t\t\t\t\t\t\t\t\t\t\t\t\t<button class='spectra-image-gallery__control-lightbox--close' aria-label=\"\u0625\u063a\u0644\u0627\u0642\">\n\t\t\t\t\t\t\t\t\t\t\t\t\t<svg xmlns=\"https:\/\/www.w3.org\/2000\/svg\" viewbox= \"0 0 320 512\"><path d=\"M310.6 361.4c12.5 12.5 12.5 32.75 0 45.25C304.4 412.9 296.2 416 288 416s-16.38-3.125-22.62-9.375L160 301.3L54.63 406.6C48.38 412.9 40.19 416 32 416S15.63 412.9 9.375 406.6c-12.5-12.5-12.5-32.75 0-45.25l105.4-105.4L9.375 150.6c-12.5-12.5-12.5-32.75 0-45.25s32.75-12.5 45.25 0L160 210.8l105.4-105.4c12.5-12.5 32.75-12.5 45.25 0s12.5 32.75 0 45.25l-105.4 105.4L310.6 361.4z\"><\/path><\/svg>\n\t\t\t\t\t\t\t\t\t\t\t\t<\/button>\n\t\t\t\t\t\t\t\t\t\t\t\t\t<\/div>\n\t\t\t\t\t\t\t\t\t\n\n\n<p>\u0641\u0627\u0632\u062a \u0642\u0627\u0626\u0645\u0629 \u00abCitoyen.n.n.s rassembl\u00e9.e.s pour Montataire\u00bb \u0628\u0627\u0644\u0623\u063a\u0644\u0628\u064a\u0629 \u0627\u0644\u0645\u0637\u0644\u0642\u0629 \u0645\u0646 \u0627\u0644\u0623\u0635\u0648\u0627\u062a \u0628\u062d\u0635\u0648\u0644\u0647\u0627 \u0639\u0644\u0649 77.59 % \u0641\u064a \u0627\u0644\u0627\u0646\u062a\u062e\u0627\u0628\u0627\u062a \u0627\u0644\u0623\u062e\u064a\u0631\u0629 \u0641\u064a \u0645\u0627\u0631\u0633 2026. \u0648\u0628\u0630\u0644\u0643 \u062d\u0635\u0644\u062a \u0627\u0644\u0642\u0627\u0626\u0645\u0629 \u0639\u0644\u0649 \u062b\u0644\u0627\u062b\u064a\u0646 \u0645\u0642\u0639\u062f\u064b\u0627 \u0645\u0646 \u0623\u0635\u0644 \u062b\u0644\u0627\u062b\u0629 \u0648\u062b\u0644\u0627\u062b\u064a\u0646 \u0645\u0642\u0639\u062f\u064b\u0627\u060c \u0628\u064a\u0646\u0645\u0627 \u0633\u062a\u062d\u0635\u0644 \u0642\u0627\u0626\u0645\u0629 \u00ab\u0645\u0648\u0646\u062a\u0627\u062a\u064a\u0631 \u0625\u0646 \u0643\u0648\u0645\u00bb \u0639\u0644\u0649 \u062b\u0644\u0627\u062b\u0629 \u0645\u0642\u0627\u0639\u062f. \u0641\u064a \u064a\u0648\u0645 \u0627\u0644\u0633\u0628\u062a 21 \u0645\u0627\u0631\u0633\u060c \u0627\u0646\u062a\u062e\u0628 \u0627\u0644\u0645\u062c\u0644\u0633 \u0627\u0644\u0628\u0644\u062f\u064a \u062c\u0627\u0646 \u0628\u064a\u064a\u0631 \u0628\u0648\u0633\u064a\u0646\u0648 \u0639\u0645\u062f\u0629 \u0644\u0645\u0648\u0646\u062a\u0627\u062a\u064a\u0631 \u0645\u0639 \u0646\u0648\u0627\u0628\u0647.<\/p>\n\n\n\n<h2 class=\"wp-block-heading\">\u0642\u0627\u0626\u0645\u0629 \u0631\u0624\u0633\u0627\u0621 \u0628\u0644\u062f\u064a\u0627\u062a \u0627\u0644\u0645\u062f\u064a\u0646\u0629 :<\/h2>\n\n\n\n<figure class=\"wp-block-table is-style-stripes\"><table class=\"has-fixed-layout\"><thead><tr><th class=\"has-text-align-center\" data-align=\"center\">\u0627\u0644\u0639\u0645\u062f\u0629<\/th><th class=\"has-text-align-center\" data-align=\"center\">\u0628\u062f\u0627\u064a\u0629 \u0627\u0644\u062a\u0641\u0648\u064a\u0636<\/th><th class=\"has-text-align-center\" data-align=\"center\">\u0646\u0647\u0627\u064a\u0629 \u0627\u0644\u062a\u0641\u0648\u064a\u0636<\/th><th class=\"has-text-align-center\" data-align=\"center\">\u0627\u0644\u0642\u064a\u0627\u062f\u0629 \u0627\u0644\u0633\u064a\u0627\u0633\u064a\u0629<\/th><th>\u0627\u0644\u0623\u0639\u0645\u0627\u0644 \u0627\u0644\u062a\u062c\u0627\u0631\u064a\u0629<\/th><\/tr><\/thead><tbody><tr><td class=\"has-text-align-center\" data-align=\"center\">\u062c\u0627\u0646 \u0628\u064a\u064a\u0631 \u0628\u0648\u0633\u064a\u0646\u0648<\/td><td class=\"has-text-align-center\" data-align=\"center\">\u0645\u0627\u0631\u0633 1994<\/td><td class=\"has-text-align-center\" data-align=\"center\">\u0642\u064a\u062f \u0627\u0644\u062a\u0646\u0641\u064a\u0630<\/td><td class=\"has-text-align-center\" data-align=\"center\"><br>PCF<\/td><td><br>- \u0646\u0627\u0626\u0628 \u0631\u0626\u064a\u0633 \u0645\u062c\u0644\u0633 \u0625\u062f\u0627\u0631\u0629 \u0627\u0644\u0645\u0646\u0638\u0645\u0629&nbsp;<em>(\u0645\u0646\u0630 \u0639\u0627\u0645 2017)<\/em><br>- \u0645\u0633\u062a\u0634\u0627\u0631 \u0627\u0644\u0645\u0642\u0627\u0637\u0639\u0629 \u0644\u0645\u0648\u0646\u062a\u0627\u062a\u064a\u0631&nbsp;<em>(\u0645\u0646\u0630 \u0639\u0627\u0645 2017)<\/em><br>- \u0646\u0627\u0626\u0628 \u0631\u0626\u064a\u0633 \u0645\u062c\u0644\u0633 \u0625\u062f\u0627\u0631\u0629 \u0634\u0631\u0643\u0629 Communaut\u00e9 de l'agglom\u00e9ration creilloise&nbsp;<em>(\u062d\u062a\u0649 \u0639\u0627\u0645 2016)<\/em><br>- \u0633\u064a\u0646\u0627\u062a\u0648\u0631 \u0639\u0646 \u0623\u0648\u0632&nbsp;<em>(\u0645\u0646 \u0645\u0627\u064a\u0648 2014 \u0625\u0644\u0649 \u064a\u0648\u0646\u064a\u0648 2017)<\/em><br>\u2013 <em>\u0623\u064f\u0639\u064a\u062f \u0627\u0646\u062a\u062e\u0627\u0628\u0647 \u0644\u0644\u0641\u062a\u0631\u0629 2026-2032<\/em><br>- \u0639\u0627\u0645\u0644 \u0641\u064a \u0634\u0648\u0633\u0648\u0646\u060c \u0646\u0627\u0634\u0637 \u0646\u0642\u0627\u0628\u064a,<\/td><\/tr><tr><td class=\"has-text-align-center\" data-align=\"center\">\u0645\u0648\u0631\u064a\u0633 \u0628\u0627\u0645\u0628\u064a\u0631<\/td><td class=\"has-text-align-center\" data-align=\"center\">\u0645\u0627\u0631\u0633 1983<\/td><td class=\"has-text-align-center\" data-align=\"center\">\u0645\u0627\u0631\u0633 1994<\/td><td class=\"has-text-align-center\" data-align=\"center\"><br>PCF<\/td><td>- \u0627\u0644\u0645\u0633\u062a\u0634\u0627\u0631 \u0627\u0644\u0639\u0627\u0645 \u0644\u0645\u0648\u0646\u062a\u0627\u062a\u064a\u0631&nbsp;<em>(\u0645\u0646 1976 \u0625\u0644\u0649 1994)<\/em><br>- \u0627\u0644\u0633\u0643\u0631\u062a\u064a\u0631 \u0627\u0644\u0627\u062a\u062d\u0627\u062f\u064a \u0644\u0644\u062d\u0632\u0628 \u0627\u0644\u0634\u064a\u0648\u0639\u064a \u0627\u0644\u0641\u0631\u0646\u0633\u064a<br>- \u0646\u0627\u0634\u0637 \u0646\u0642\u0627\u0628\u064a<br><br><em>\u062a\u0648\u0641\u064a \u0641\u064a \u0627\u0644\u0645\u0643\u062a\u0628<\/em><\/td><\/tr><tr><td class=\"has-text-align-center\" data-align=\"center\">\u0631\u0648\u0628\u0631\u062a \u062a\u0631\u064a\u0646<\/td><td class=\"has-text-align-center\" data-align=\"center\">\u062d\u0632\u064a\u0631\u0627\u0646\/\u064a\u0648\u0646\u064a\u0648 1966<\/td><td class=\"has-text-align-center\" data-align=\"center\">\u0645\u0627\u0631\u0633 1983<\/td><td class=\"has-text-align-center\" data-align=\"center\"><br>PCF<\/td><td><\/td><\/tr><tr><td class=\"has-text-align-center\" data-align=\"center\">\u0645\u0627\u0631\u0633\u064a\u0644 \u0643\u0648\u064a\u0646<\/td><td class=\"has-text-align-center\" data-align=\"center\">1945<\/td><td class=\"has-text-align-center\" data-align=\"center\">\u062d\u0632\u064a\u0631\u0627\u0646\/\u064a\u0648\u0646\u064a\u0648 1966<\/td><td class=\"has-text-align-center\" data-align=\"center\"><br>PCF<\/td><td>\u0646\u0627\u0634\u0637\u0629 \u0646\u0642\u0627\u0628\u064a\u0629\u060c \u0645\u0646\u0627\u0636\u0644\u0629 \u0641\u064a \u0627\u0644\u0645\u0642\u0627\u0648\u0645\u0629 <\/td><\/tr><tr><td class=\"has-text-align-center\" data-align=\"center\">\u0641\u0631\u0646\u0627\u0646\u062f \u0641\u0648\u0631\u0646\u064a\u064a\u0647<\/td><td class=\"has-text-align-center\" data-align=\"center\">1938<\/td><td class=\"has-text-align-center\" data-align=\"center\">1945<\/td><td class=\"has-text-align-center\" data-align=\"center\">SFIO<\/td><td>- \u0627\u0644\u0645\u0633\u062a\u0634\u0627\u0631 \u0627\u0644\u0639\u0627\u0645 \u0644\u0645\u0648\u0646\u062a\u0627\u062a\u064a\u0631 <em>(\u0645\u0646 1973 \u0625\u0644\u0649 1976)<\/em><br>- \u0627\u0644\u0645\u0633\u062a\u0634\u0627\u0631 \u0627\u0644\u0639\u0627\u0645 \u0644\u0645\u0646\u0637\u0642\u0629 \u0643\u0631\u064a\u0644 <em>(\u0645\u0646 1945 \u0625\u0644\u0649 1973)<\/em><br>- \u0628\u0627\u0626\u0639 \u0627\u0644\u062a\u062c\u0632\u0626\u0629<\/td><\/tr><tr><td class=\"has-text-align-center\" data-align=\"center\">\u0623\u0648\u063a\u0633\u062a \u062c\u064a\u0646\u064a<\/td><td class=\"has-text-align-center\" data-align=\"center\"><br>1919<\/td><td class=\"has-text-align-center\" data-align=\"center\">1938<\/td><td class=\"has-text-align-center\" data-align=\"center\">SFIO<\/td><td>\u0639\u0627\u0645\u0644 \u0645\u0639\u0627\u062f\u0646 \u0648\u0646\u0627\u0634\u0637 \u0646\u0642\u0627\u0628\u064a<\/td><\/tr><tr><td class=\"has-text-align-center\" data-align=\"center\">\u062c\u0648\u0644 \u062f\u0627\u0648\u0633\u064a\u0646<\/td><td class=\"has-text-align-center\" data-align=\"center\">1904<\/td><td class=\"has-text-align-center\" data-align=\"center\">1919<\/td><td class=\"has-text-align-center\" data-align=\"center\">\u0627\u0644\u062d\u0632\u0628 \u0627\u0644\u0631\u0627\u062f\u064a\u0643\u0627\u0644\u064a<\/td><td>\u0627\u0644\u0645\u0633\u062a\u0634\u0627\u0631 \u0627\u0644\u0639\u0627\u0645 \u0644\u0645\u0646\u0637\u0642\u0629 \u0643\u0631\u064a\u0644 <em>(\u0645\u0646 1910 \u0625\u0644\u0649 1919)<\/em><\/td><\/tr><tr><td class=\"has-text-align-center\" data-align=\"center\">\u062f\u0648\u0645\u064a\u0646\u064a\u0643 \u0641\u0648\u0631\u064a\u0647-\u0647\u064a\u0631\u0648\u0627\u0631<\/td><td class=\"has-text-align-center\" data-align=\"center\"><br>1895<\/td><td class=\"has-text-align-center\" data-align=\"center\"><br>1904<\/td><td class=\"has-text-align-center\" data-align=\"center\">\u0627\u0644\u062d\u0632\u0628 \u0627\u0644\u0631\u0627\u062f\u064a\u0643\u0627\u0644\u064a<\/td><td>\u0639\u0636\u0648 \u0645\u062c\u0644\u0633 \u0627\u0644\u0628\u0644\u062f\u0629<\/td><\/tr><tr><td class=\"has-text-align-center\" data-align=\"center\">\u0625\u0645\u064a\u0644 \u0643\u0648\u064a\u0646\u064a\u0646<\/td><td class=\"has-text-align-center\" data-align=\"center\">1892<\/td><td class=\"has-text-align-center\" data-align=\"center\">1895<\/td><td class=\"has-text-align-center\" data-align=\"center\">\u0627\u0644\u062d\u0632\u0628 \u0627\u0644\u0631\u0627\u062f\u064a\u0643\u0627\u0644\u064a<\/td><td>\u0635\u064a\u062f\u0644\u064a<\/td><\/tr><tr><td class=\"has-text-align-center\" data-align=\"center\">\u0645\u0643\u0633\u064a\u0645 \u0628\u0627\u0631\u0628\u064a\u064a\u0647<\/td><td class=\"has-text-align-center\" data-align=\"center\">1886<\/td><td class=\"has-text-align-center\" data-align=\"center\">1892<\/td><td class=\"has-text-align-center\" data-align=\"center\">\u0627\u0644\u062d\u0632\u0628 \u0627\u0644\u0631\u0627\u062f\u064a\u0643\u0627\u0644\u064a<\/td><td><\/td><\/tr><tr><td class=\"has-text-align-center\" data-align=\"center\">\u0633\u064a\u0644\u064a\u0633\u062a\u0627\u0646 \u0645\u0627\u0631\u0633\u064a\u0644 \u0647\u064a\u0631\u0648\u0627\u0631<\/td><td class=\"has-text-align-center\" data-align=\"center\">1878<\/td><td class=\"has-text-align-center\" data-align=\"center\">1886<\/td><td class=\"has-text-align-center\" data-align=\"center\">\u0627\u0644\u062d\u0632\u0628 \u0627\u0644\u0631\u0627\u062f\u064a\u0643\u0627\u0644\u064a<\/td><td><\/td><\/tr><tr><td class=\"has-text-align-center\" data-align=\"center\">\u062c\u0648\u0631\u062c \u0641\u0631\u062f\u064a\u0646\u0627\u0646\u062f \u062f\u064a \u0643\u0648\u0646\u062f\u064a<\/td><td class=\"has-text-align-center\" data-align=\"center\">1870<\/td><td class=\"has-text-align-center\" data-align=\"center\">1878<\/td><td class=\"has-text-align-center\" data-align=\"center\"><\/td><td>- \u0627\u0644\u0645\u0633\u062a\u0634\u0627\u0631 \u0627\u0644\u0639\u0627\u0645 \u0644\u0645\u0646\u0637\u0642\u0629 \u0643\u0631\u064a\u0644 <em>(\u0645\u0646 1868 \u0625\u0644\u0649 1878)<\/em><br>- \u0645\u0627\u0644\u0643 \u0642\u0635\u0631 \u0634\u0627\u062a\u0648 \u062f\u064a \u0645\u0648\u0646\u062a\u0627\u062a\u064a\u0631<br>- \u0627\u0644\u0645\u0641\u062a\u0634 \u0627\u0644\u0639\u0627\u0645 \u0644\u0644\u0633\u0643\u0643 \u0627\u0644\u062d\u062f\u064a\u062f\u064a\u0629<br>- \u0639\u0636\u0648 \u0645\u062c\u0644\u0633 \u0627\u0644\u062f\u0648\u0644\u0629<br>- \u0627\u0644\u0628\u0627\u0631\u0648\u0646 \u062f\u064a \u0643\u0648\u0646\u062f\u064a<\/td><\/tr><\/tbody><\/table><\/figure>","protected":false},"excerpt":{"rendered":"<p>Le Conseil municipal de Montataire, \u00e9lu le 15 mars 2026 lors des \u00e9lections municipales pour le mandat de 2026 \u00e0 2032, est compos\u00e9 de 33 conseillers. La liste \u00ab&nbsp;Citoyen.ne.s rassembl\u00e9.e.s pour Montataire&nbsp;\u00bb a remport\u00e9 la majorit\u00e9 absolue des voix avec 77.59 % lors des derni\u00e8res \u00e9lections en mars 2026. Elle s\u2019est ainsi vue attribuer trente [&hellip;]<\/p>\n","protected":false},"author":1,"featured_media":1113,"parent":36,"menu_order":56,"comment_status":"closed","ping_status":"closed","template":"","meta":{"_acf_changed":false,"_uag_custom_page_level_css":"","footnotes":""},"class_list":["post-70","page","type-page","status-publish","has-post-thumbnail","hentry"],"acf":[],"uagb_featured_image_src":{"full":["https:\/\/mairie-montataire.fr\/app\/uploads\/2024\/07\/3.1_le-maire-et-les-elu.e.s.jpg",490,327,false],"thumbnail":["https:\/\/mairie-montataire.fr\/app\/uploads\/2024\/07\/3.1_le-maire-et-les-elu.e.s-150x150.jpg",150,150,true],"medium":["https:\/\/mairie-montataire.fr\/app\/uploads\/2024\/07\/3.1_le-maire-et-les-elu.e.s-300x200.jpg",300,200,true],"medium_large":["https:\/\/mairie-montataire.fr\/app\/uploads\/2024\/07\/3.1_le-maire-et-les-elu.e.s.jpg",490,327,false],"large":["https:\/\/mairie-montataire.fr\/app\/uploads\/2024\/07\/3.1_le-maire-et-les-elu.e.s.jpg",490,327,false],"1536x1536":["https:\/\/mairie-montataire.fr\/app\/uploads\/2024\/07\/3.1_le-maire-et-les-elu.e.s.jpg",490,327,false],"2048x2048":["https:\/\/mairie-montataire.fr\/app\/uploads\/2024\/07\/3.1_le-maire-et-les-elu.e.s.jpg",490,327,false],"trp-custom-language-flag":["https:\/\/mairie-montataire.fr\/app\/uploads\/2024\/07\/3.1_le-maire-et-les-elu.e.s.jpg",18,12,false],"gform-image-choice-sm":["https:\/\/mairie-montataire.fr\/app\/uploads\/2024\/07\/3.1_le-maire-et-les-elu.e.s.jpg",300,200,false],"gform-image-choice-md":["https:\/\/mairie-montataire.fr\/app\/uploads\/2024\/07\/3.1_le-maire-et-les-elu.e.s.jpg",400,267,false],"gform-image-choice-lg":["https:\/\/mairie-montataire.fr\/app\/uploads\/2024\/07\/3.1_le-maire-et-les-elu.e.s.jpg",490,327,false]},"uagb_author_info":{"display_name":"mentalworks","author_link":"https:\/\/mairie-montataire.fr\/ar\/actualites\/author\/mentalworks\/"},"uagb_comment_info":0,"uagb_excerpt":"Le Conseil municipal de Montataire, \u00e9lu le 15 mars 2026 lors des \u00e9lections municipales pour le mandat de 2026 \u00e0 2032, est compos\u00e9 de 33 conseillers. La liste \u00ab&nbsp;Citoyen.ne.s rassembl\u00e9.e.s pour Montataire&nbsp;\u00bb a remport\u00e9 la majorit\u00e9 absolue des voix avec 77.59 % lors des derni\u00e8res \u00e9lections en mars 2026. Elle s\u2019est ainsi vue attribuer trente&hellip;","_links":{"self":[{"href":"https:\/\/mairie-montataire.fr\/ar\/wp-json\/wp\/v2\/pages\/70","targetHints":{"allow":["GET"]}}],"collection":[{"href":"https:\/\/mairie-montataire.fr\/ar\/wp-json\/wp\/v2\/pages"}],"about":[{"href":"https:\/\/mairie-montataire.fr\/ar\/wp-json\/wp\/v2\/types\/page"}],"author":[{"embeddable":true,"href":"https:\/\/mairie-montataire.fr\/ar\/wp-json\/wp\/v2\/users\/1"}],"replies":[{"embeddable":true,"href":"https:\/\/mairie-montataire.fr\/ar\/wp-json\/wp\/v2\/comments?post=70"}],"version-history":[{"count":33,"href":"https:\/\/mairie-montataire.fr\/ar\/wp-json\/wp\/v2\/pages\/70\/revisions"}],"predecessor-version":[{"id":7797,"href":"https:\/\/mairie-montataire.fr\/ar\/wp-json\/wp\/v2\/pages\/70\/revisions\/7797"}],"up":[{"embeddable":true,"href":"https:\/\/mairie-montataire.fr\/ar\/wp-json\/wp\/v2\/pages\/36"}],"wp:featuredmedia":[{"embeddable":true,"href":"https:\/\/mairie-montataire.fr\/ar\/wp-json\/wp\/v2\/media\/1113"}],"wp:attachment":[{"href":"https:\/\/mairie-montataire.fr\/ar\/wp-json\/wp\/v2\/media?parent=70"}],"curies":[{"name":"\u062f\u0628\u0644\u064a\u0648 \u0628\u064a","href":"https:\/\/api.w.org\/{rel}","templated":true}]}}