{"id":68,"date":"2024-05-03T09:15:07","date_gmt":"2024-05-03T09:15:07","guid":{"rendered":"https:\/\/montataire.local\/?page_id=68"},"modified":"2025-08-19T09:49:01","modified_gmt":"2025-08-19T09:49:01","slug":"%d9%85%d8%b9%d9%84%d9%88%d9%85%d8%a7%d8%aa-%d8%b9%d9%85%d9%84%d9%8a%d8%a9","status":"publish","type":"page","link":"https:\/\/mairie-montataire.fr\/ar\/s-epanouir\/le-palace\/infos-pratiques\/","title":{"rendered":"\u0645\u0639\u0644\u0648\u0645\u0627\u062a \u0639\u0645\u0644\u064a\u0629"},"content":{"rendered":"<div class=\"wp-block-uagb-separator uagb-block-1a0c7cbc\"><div class=\"wp-block-uagb-separator__inner\" style=\"--my-background-image:\"><\/div><\/div>\n\n\n\n<h2 class=\"wp-block-heading\">\u0627\u0644\u0623\u0633\u0639\u0627\u0631<\/h2>\n\n\n\n<h3 class=\"wp-block-heading\">\u0623\u0633\u0639\u0627\u0631\u0646\u0627 \u0644\u0643\u0644 \u0639\u0631\u0636 \u0648\u0644\u0643\u0644 \u0634\u062e\u0635<\/h3>\n\n\n\n<div class=\"wp-block-columns is-layout-flex wp-container-core-columns-is-layout-9d6595d7 wp-block-columns-is-layout-flex\">\n<div class=\"wp-block-column is-layout-flow wp-block-column-is-layout-flow\">\n<div class=\"wp-block-uagb-counter uagb-block-bbf58b2d wp-block-uagb-counter--number\"><div class=\"wp-block-uagb-counter__number\"><span class=\"uagb-counter-block-number\" data-duration=\"0.001\" data-to-value=\"10\" data-from-value=\"0\" data-delimiter=\",\"><\/span><span class=\"uagb-counter-block-suffix\"> \u20ac<\/span><\/div><div class=\"wp-block-uagb-counter__title\"><strong>\u0627\u0644\u0645\u0639\u062f\u0644 \u0627\u0644\u0643\u0627\u0645\u0644<\/strong><\/div><\/div>\n\n\n\n<p class=\"has-text-align-center\"><strong>\u0627\u0644\u0645\u0639\u062f\u0644 \u0623<\/strong><\/p>\n<\/div>\n\n\n\n<div class=\"wp-block-column is-layout-flow wp-block-column-is-layout-flow\">\n<div class=\"wp-block-uagb-counter uagb-block-7f1a9da1 wp-block-uagb-counter--number\"><div class=\"wp-block-uagb-counter__number\"><span class=\"uagb-counter-block-number\" data-duration=\"0.001\" data-to-value=\"4\" data-from-value=\"0\" data-delimiter=\",\"><\/span><span class=\"uagb-counter-block-suffix\"> \u20ac<\/span><\/div><div class=\"wp-block-uagb-counter__title\"><strong>\u0627\u0644\u0645\u0639\u062f\u0644 \u0627\u0644\u0645\u062e\u0641\u0636<\/strong>*<\/div><\/div>\n\n\n\n<p class=\"has-text-align-center\"><strong>\u0627\u0644\u0645\u0639\u062f\u0644 \u0623*<\/strong><br><strong>\u0627\u0644\u0645\u0639\u062f\u0644 \u0628<\/strong><\/p>\n<\/div>\n\n\n\n<div class=\"wp-block-column is-layout-flow wp-block-column-is-layout-flow\">\n<div class=\"wp-block-uagb-counter uagb-block-43c6c7d5 wp-block-uagb-counter--number\"><div class=\"wp-block-uagb-counter__number\"><span class=\"uagb-counter-block-number\" data-duration=\"0.001\" data-to-value=\"2.5\" data-from-value=\"0\" data-delimiter=\",\"><\/span><span class=\"uagb-counter-block-suffix\"> \u20ac<\/span><\/div><div class=\"wp-block-uagb-counter__title\"><strong>\u0645\u0639\u062f\u0644 \u0627\u0644\u0645\u062c\u0645\u0648\u0639\u0629<\/strong><\/div><\/div>\n\n\n\n<p class=\"has-text-align-center\"><strong>\u0645\u0646 10 \u0623\u0634\u062e\u0627\u0635<br>(\u0627\u0644\u0645\u062f\u0627\u0631\u0633\u060c \u0627\u0644\u062c\u0645\u0639\u064a\u0627\u062a ...)<\/strong><\/p>\n<\/div>\n<\/div>\n\n\n\n<p>*<em>\u062a\u062a\u0648\u0641\u0631 \u0627\u0644\u0623\u0633\u0639\u0627\u0631 \u0627\u0644\u0645\u062e\u0641\u0636\u0629 \u0639\u0646\u062f \u062a\u0642\u062f\u064a\u0645 \u0645\u0627 \u064a\u062b\u0628\u062a \u0630\u0644\u0643: \u0644\u062d\u0627\u0645\u0644\u064a \u0628\u0637\u0627\u0642\u0629 \u0627\u0644\u0625\u062f\u0645\u0627\u062c \u0641\u064a \u0627\u0644\u062a\u0646\u0642\u0644 (CMI) \u0623\u0648 \u0628\u0637\u0627\u0642\u0629 \u0627\u0644\u0637\u0627\u0644\u0628\u060c \u0623\u0648 \u0627\u0644\u0628\u0627\u062d\u062b\u064a\u0646 \u0639\u0646 \u0639\u0645\u0644 \u0627\u0644\u0645\u0633\u062c\u0644\u064a\u0646\u060c \u0623\u0648 \u0627\u0644\u0645\u0633\u062a\u0641\u064a\u062f\u064a\u0646 \u0645\u0646 \u0639\u0627\u0626\u062f\u0627\u062a \u0627\u0644\u062a\u0636\u0627\u0645\u0646 \u0627\u0644\u0646\u0634\u0637 (RSA)\u060c \u0623\u0648 \u0627\u0644\u0623\u0634\u062e\u0627\u0635 \u0627\u0644\u0630\u064a\u0646 \u062a\u0642\u0644 \u0623\u0639\u0645\u0627\u0631\u0647\u0645 \u0639\u0646 20 \u0639\u0627\u0645\u064b\u0627 \u0623\u0648 \u0627\u0644\u0645\u062a\u0642\u0627\u0639\u062f\u064a\u0646.<\/em><\/p>\n\n\n\n<p><strong>\u0625\u0630\u0627 \u0643\u0646\u062a \u062a\u0631\u063a\u0628 \u0641\u064a \u062d\u062c\u0632 \u0639\u0631\u0636\u060c \u064a\u064f\u0631\u062c\u0649 \u0627\u0644\u0627\u062a\u0635\u0627\u0644 \u0628\u0646\u0627 \u0639\u0644\u0649 03 44 24 24 69 97 \u0623\u0648 \u0625\u0631\u0633\u0627\u0644 \u0628\u0631\u064a\u062f \u0625\u0644\u0643\u062a\u0631\u0648\u0646\u064a \u0625\u0644\u064a\u0646\u0627.<\/strong><\/p>\n\n\n\n<h3 class=\"wp-block-heading\">\u0623\u0633\u0639\u0627\u0631 \u0627\u0644\u0627\u0634\u062a\u0631\u0627\u0643 \u0644\u062f\u064a\u0646\u0627 \u0644\u0643\u0644 \u0639\u0631\u0636 \u0648\u0644\u0643\u0644 \u0634\u062e\u0635 \u0644\u0640 4 \u0639\u0631\u0648\u0636 \u0623\u0648 \u0623\u0643\u062b\u0631 \u0641\u064a \u0627\u0644\u0645\u0648\u0633\u0645<\/h3>\n\n\n\n<div class=\"wp-block-columns is-layout-flex wp-container-core-columns-is-layout-9d6595d7 wp-block-columns-is-layout-flex\">\n<div class=\"wp-block-column is-layout-flow wp-block-column-is-layout-flow\">\n<div class=\"wp-block-uagb-counter uagb-block-a88b4baf wp-block-uagb-counter--number\"><div class=\"wp-block-uagb-counter__number\"><span class=\"uagb-counter-block-number\" data-duration=\"0.001\" data-to-value=\"7\" data-from-value=\"0\" data-delimiter=\",\"><\/span><span class=\"uagb-counter-block-suffix\"> \u20ac<\/span><\/div><div class=\"wp-block-uagb-counter__title\"><strong>\u0627\u0644\u0645\u0639\u062f\u0644 \u0627\u0644\u0643\u0627\u0645\u0644<\/strong><\/div><\/div>\n\n\n\n<p class=\"has-text-align-center\"><strong>\u0627\u0644\u0645\u0639\u062f\u0644 \u0623<\/strong><\/p>\n<\/div>\n\n\n\n<div class=\"wp-block-column is-layout-flow wp-block-column-is-layout-flow\">\n<div class=\"wp-block-uagb-counter uagb-block-99f76f46 wp-block-uagb-counter--number\"><div class=\"wp-block-uagb-counter__number\"><span class=\"uagb-counter-block-number\" data-duration=\"0.001\" data-to-value=\"3\" data-from-value=\"0\" data-delimiter=\",\"><\/span><span class=\"uagb-counter-block-suffix\"> \u20ac<\/span><\/div><div class=\"wp-block-uagb-counter__title\"><strong>\u0627\u0644\u0645\u0639\u062f\u0644 \u0627\u0644\u0645\u062e\u0641\u0636<\/strong><\/div><\/div>\n\n\n\n<p class=\"has-text-align-center\"><strong>\u0627\u0644\u0645\u0639\u062f\u0644 \u0623*<\/strong><br><strong>\u0627\u0644\u0645\u0639\u062f\u0644 \u0628<\/strong><\/p>\n<\/div>\n<\/div>\n\n\n\n<p>*<em>\u062a\u062a\u0648\u0641\u0631 \u0623\u0633\u0639\u0627\u0631 \u0645\u062e\u0641\u0636\u0629 \u0639\u0646\u062f \u062a\u0642\u062f\u064a\u0645 \u0645\u0627 \u064a\u062b\u0628\u062a \u0630\u0644\u0643: \u0644\u062d\u0627\u0645\u0644\u064a \u0628\u0637\u0627\u0642\u0629 \u0627\u0644\u0625\u062f\u0645\u0627\u062c \u0641\u064a \u0627\u0644\u062a\u0646\u0642\u0644 (CMI) \u0623\u0648 \u0628\u0637\u0627\u0642\u0629 \u0627\u0644\u0637\u0627\u0644\u0628\u060c \u0623\u0648 \u0627\u0644\u0628\u0627\u062d\u062b\u064a\u0646 \u0639\u0646 \u0639\u0645\u0644 \u0627\u0644\u0645\u0633\u062c\u0644\u064a\u0646\u060c \u0623\u0648 \u0627\u0644\u0645\u0633\u062a\u0641\u064a\u062f\u064a\u0646 \u0645\u0646 \u0639\u0627\u0626\u062f\u0627\u062a \u0627\u0644\u062a\u0636\u0627\u0645\u0646 \u0627\u0644\u0646\u0634\u0637 (RSA)\u060c \u0623\u0648 \u0627\u0644\u0623\u0634\u062e\u0627\u0635 \u0627\u0644\u0630\u064a\u0646 \u062a\u0642\u0644 \u0623\u0639\u0645\u0627\u0631\u0647\u0645 \u0639\u0646 20 \u0639\u0627\u0645\u064b\u0627 \u0623\u0648 \u0627\u0644\u0645\u062a\u0642\u0627\u0639\u062f\u064a\u0646. \u0628\u0627\u0644\u0646\u0633\u0628\u0629 \u0644\u0644\u062a\u0630\u0627\u0643\u0631 \u0627\u0644\u0645\u0648\u0633\u0645\u064a\u0629\u060c \u064a\u0645\u0643\u0646\u0643 \u0627\u0644\u062f\u0641\u0639 \u0628\u062d\u062f \u0623\u0642\u0635\u0649 3 \u0645\u0631\u0627\u062a.<\/em><\/p>\n\n\n\n<h2 class=\"wp-block-heading\">\u0627\u0634\u062a\u0631 \u0645\u0642\u0639\u062f\u0643...<\/h2>\n\n\n\n<h3 class=\"wp-block-heading\">...\u0641\u064a \u0627\u0644\u0645\u0648\u0642\u0639<\/h3>\n\n\n\n<p>30 \u062f\u0642\u064a\u0642\u0629 \u0642\u0628\u0644 \u0643\u0644 \u0639\u0631\u0636 \u0623\u0648 \u062e\u0644\u0627\u0644 \u0633\u0627\u0639\u0627\u062a \u0639\u0645\u0644 \u0627\u0644\u0642\u0635\u0631.<\/p>\n\n\n\n<h3 class=\"wp-block-heading\">...\u0628\u0627\u0644\u0628\u0631\u064a\u062f<\/h3>\n\n\n\n<p>\u0623\u0631\u0633\u0644 \u0644\u0646\u0627 \u0627\u0633\u062a\u0645\u0627\u0631\u062a\u0643 \u0648\u0634\u064a\u0643\u064b\u0627 \u0645\u0633\u062a\u062d\u0642 \u0627\u0644\u062f\u0641\u0639 \u0644\u0644\u062e\u0632\u0627\u0646\u0629 \u0627\u0644\u0641\u0631\u0646\u0633\u064a\u0629 \u0628\u0627\u0644\u0628\u0631\u064a\u062f \u0625\u0644\u0649&nbsp;<strong>Mairie - Service Culturel BP 50209 - 60762 \u0645\u0648\u0646\u062a\u0627\u062a\u064a\u0631 \u0633\u064a\u062f\u0643\u0633<\/strong>&nbsp;\u0623\u0648 \u0639\u0646 \u0637\u0631\u064a\u0642 \u062a\u0633\u0644\u064a\u0645\u0647\u0627 \u0641\u064a \u0645\u0643\u062a\u0628 \u0627\u0644\u0627\u0633\u062a\u0642\u0628\u0627\u0644 \u0628\u0627\u0644\u0642\u0635\u0631. \u0627\u0634\u062a\u0631\u0643 \u0641\u064a 4 \u0639\u0631\u0648\u0636 \u0623\u0648 \u0623\u0643\u062b\u0631\u060c \u0648\u0627\u062f\u0641\u0639 \u062d\u062a\u0649 3 \u0645\u0631\u0627\u062a.<\/p>\n\n\n\n<div style=\"height:24px\" aria-hidden=\"true\" class=\"wp-block-spacer\"><\/div>\n\n\n\n<h3 class=\"wp-block-heading\">\u0637\u0631\u0642 \u0627\u0644\u062f\u0641\u0639<\/h3>\n\n\n\n<div class=\"wp-block-columns is-layout-flex wp-container-core-columns-is-layout-9d6595d7 wp-block-columns-is-layout-flex\">\n<div class=\"wp-block-column is-layout-flow wp-block-column-is-layout-flow\">\n<p class=\"has-text-align-center\">\u274c \u0628\u0637\u0627\u0642\u0629 \u0627\u0626\u062a\u0645\u0627\u0646&nbsp;<\/p>\n<\/div>\n\n\n\n<div class=\"wp-block-column is-layout-flow wp-block-column-is-layout-flow\">\n<p class=\"has-text-align-center\">\u2705 \u0634\u064a\u0643<\/p>\n<\/div>\n\n\n\n<div class=\"wp-block-column is-layout-flow wp-block-column-is-layout-flow\">\n<p class=\"has-text-align-center\">\u2705 \u0627\u0644\u0623\u0646\u0648\u0627\u0639<\/p>\n<\/div>\n<\/div>\n\n\n\n<div class=\"wp-block-columns are-vertically-aligned-center is-layout-flex wp-container-core-columns-is-layout-9d6595d7 wp-block-columns-is-layout-flex\">\n<div class=\"wp-block-column is-vertically-aligned-center is-layout-flow wp-block-column-is-layout-flow\">\n<p class=\"has-text-align-center\">\u2705 \u062a\u0635\u0631\u064a\u062d \u0627\u0644\u062b\u0642\u0627\u0641\u0629&nbsp;&nbsp;<\/p>\n<\/div>\n\n\n\n<div class=\"wp-block-column is-vertically-aligned-center is-layout-flow wp-block-column-is-layout-flow\">\n<p class=\"has-text-align-center\">\u2705 \u0642\u0633\u0627\u0626\u0645 \u0627\u0644\u062b\u0642\u0627\u0641\u0629 \u2705 \u0642\u0633\u0627\u0626\u0645 \u0627\u0644\u062b\u0642\u0627\u0641\u0629<\/p>\n<\/div>\n<\/div>\n\n\n\n<h2 class=\"wp-block-heading\">\u0627\u0644\u0648\u0635\u0648\u0644<\/h2>\n\n\n\n<div class=\"wp-block-columns is-layout-flex wp-container-core-columns-is-layout-9d6595d7 wp-block-columns-is-layout-flex\">\n<div class=\"wp-block-column is-layout-flow wp-block-column-is-layout-flow\">\n<h3 class=\"wp-block-heading\">\u0628\u0627\u0644\u062d\u0627\u0641\u0644\u0629<\/h3>\n\n\n\n<p>\u0627\u0644\u062e\u0637\u0648\u0637 A \/ S3 \/ S5 \/ S6&nbsp;<strong>\u0625\u064a\u0642\u0627\u0641 \u0627\u0644\u062a\u0631\u062d\u064a\u0644<\/strong><br><a href=\"https:\/\/www.oise-mobilite.fr\/horaires-arret\/41706\" target=\"_blank\" rel=\"noreferrer noopener\"><strong>\u062a\u0646\u0642\u0644\u0627\u062a \u0623\u0648\u064a\u0633<\/strong><\/a><\/p>\n<\/div>\n\n\n\n<div class=\"wp-block-column is-layout-flow wp-block-column-is-layout-flow\">\n<h3 class=\"wp-block-heading\">\u0628\u0627\u0644\u0633\u064a\u0627\u0631\u0629<\/h3>\n\n\n\n<ul class=\"wp-block-list\">\n<li style=\"font-style:normal;font-weight:400\">12 \u062f\u0642\u064a\u0642\u0629 \u0645\u0646 \u0643\u0631\u064a\u0644<\/li>\n\n\n\n<li style=\"font-style:normal;font-weight:400\">40 \u062f\u0642\u064a\u0642\u0629 \u0645\u0646 \u0643\u0648\u0645\u0628\u064a\u064a\u0646 \u0648\u0628\u0648\u0641\u064a\u0647<\/li>\n\n\n\n<li style=\"font-style:normal;font-weight:400\">1\u0633\u0627\u0639\u0629 \u064815 \u062f\u0642\u064a\u0642\u0629 \u0645\u0646 \u0623\u0645\u064a\u0627\u0646 \u0648\u0628\u0627\u0631\u064a\u0633<\/li>\n<\/ul>\n<\/div>\n\n\n\n<div class=\"wp-block-column is-layout-flow wp-block-column-is-layout-flow\">\n<h3 class=\"wp-block-heading\">\u0645\u0648\u0642\u0641 \u0633\u064a\u0627\u0631\u0627\u062a \u0642\u0631\u064a\u0628<\/h3>\n\n\n\n<ul class=\"wp-block-list\">\n<li style=\"font-style:normal;font-weight:400\">\u0645\u0648\u0642\u0641 \u0633\u064a\u0627\u0631\u0627\u062a \u0644\u0648 \u0628\u0627\u0644\u0627\u0633 \u0645\u062c\u0627\u0646\u0627\u064b<\/li>\n\n\n\n<li style=\"font-style:normal;font-weight:400\">\u0645\u0648\u0642\u0641 \u0633\u064a\u0627\u0631\u0627\u062a \u0645\u062c\u0627\u0646\u064a \u0641\u064a \u062f\u0627\u0631 \u0627\u0644\u0628\u0644\u062f\u064a\u0629 (2 \u062f\u0642\u064a\u0642\u0629 \u0633\u064a\u0631\u0627\u064b \u0639\u0644\u0649 \u0627\u0644\u0623\u0642\u062f\u0627\u0645)<\/li>\n\n\n\n<li style=\"font-style:normal;font-weight:400\">\u0645\u0648\u0642\u0641 \u0633\u064a\u0627\u0631\u0627\u062a \u0623\u0645\u0628\u0631\u0648\u0627\u0632 \u0643\u0631\u0648\u064a\u0632\u0627\u062a \u0627\u0644\u0645\u062c\u0627\u0646\u064a (5 \u062f\u0642\u0627\u0626\u0642 \u0633\u064a\u0631\u0627\u064b \u0639\u0644\u0649 \u0627\u0644\u0623\u0642\u062f\u0627\u0645)<\/li>\n<\/ul>\n<\/div>\n<\/div>","protected":false},"excerpt":{"rendered":"<p>Tarifs Nos tarifs par spectacle et par personne TARIF A TARIF A*TARIF B \u00c0 PARTIR DE 10 PERSONNES(SCOLAIRES, ASSOCIATIONS\u2026) *Le tarif r\u00e9duit est propos\u00e9 sur pr\u00e9sentation d\u2019un justificatif : aux personnes titulaires d\u2019une carte mobilit\u00e9 inclusion (CMI) ou d\u2019une carte \u00e9tudiant, inscrit comme demandeur d\u2019emploi, b\u00e9n\u00e9ficiaire du revenu de solidarit\u00e9 active (RSA), aux personnes de [&hellip;]<\/p>\n","protected":false},"author":1,"featured_media":6743,"parent":48,"menu_order":46,"comment_status":"closed","ping_status":"closed","template":"","meta":{"_acf_changed":false,"_uag_custom_page_level_css":"","footnotes":""},"class_list":["post-68","page","type-page","status-publish","has-post-thumbnail","hentry"],"acf":[],"uagb_featured_image_src":{"full":["https:\/\/mairie-montataire.fr\/app\/uploads\/2025\/08\/2.1.6_InfosPratiques25-26.jpg",500,350,false],"thumbnail":["https:\/\/mairie-montataire.fr\/app\/uploads\/2025\/08\/2.1.6_InfosPratiques25-26-150x150.jpg",150,150,true],"medium":["https:\/\/mairie-montataire.fr\/app\/uploads\/2025\/08\/2.1.6_InfosPratiques25-26-300x210.jpg",300,210,true],"medium_large":["https:\/\/mairie-montataire.fr\/app\/uploads\/2025\/08\/2.1.6_InfosPratiques25-26.jpg",500,350,false],"large":["https:\/\/mairie-montataire.fr\/app\/uploads\/2025\/08\/2.1.6_InfosPratiques25-26.jpg",500,350,false],"1536x1536":["https:\/\/mairie-montataire.fr\/app\/uploads\/2025\/08\/2.1.6_InfosPratiques25-26.jpg",500,350,false],"2048x2048":["https:\/\/mairie-montataire.fr\/app\/uploads\/2025\/08\/2.1.6_InfosPratiques25-26.jpg",500,350,false],"trp-custom-language-flag":["https:\/\/mairie-montataire.fr\/app\/uploads\/2025\/08\/2.1.6_InfosPratiques25-26-18x12.jpg",18,12,true],"gform-image-choice-sm":["https:\/\/mairie-montataire.fr\/app\/uploads\/2025\/08\/2.1.6_InfosPratiques25-26.jpg",300,210,false],"gform-image-choice-md":["https:\/\/mairie-montataire.fr\/app\/uploads\/2025\/08\/2.1.6_InfosPratiques25-26.jpg",400,280,false],"gform-image-choice-lg":["https:\/\/mairie-montataire.fr\/app\/uploads\/2025\/08\/2.1.6_InfosPratiques25-26.jpg",500,350,false]},"uagb_author_info":{"display_name":"mentalworks","author_link":"https:\/\/mairie-montataire.fr\/ar\/actualites\/author\/mentalworks\/"},"uagb_comment_info":0,"uagb_excerpt":"Tarifs Nos tarifs par spectacle et par personne TARIF A TARIF A*TARIF B \u00c0 PARTIR DE 10 PERSONNES(SCOLAIRES, ASSOCIATIONS\u2026) *Le tarif r\u00e9duit est propos\u00e9 sur pr\u00e9sentation d\u2019un justificatif : aux personnes titulaires d\u2019une carte mobilit\u00e9 inclusion (CMI) ou d\u2019une carte \u00e9tudiant, inscrit comme demandeur d\u2019emploi, b\u00e9n\u00e9ficiaire du revenu de solidarit\u00e9 active (RSA), aux personnes de&hellip;","_links":{"self":[{"href":"https:\/\/mairie-montataire.fr\/ar\/wp-json\/wp\/v2\/pages\/68","targetHints":{"allow":["GET"]}}],"collection":[{"href":"https:\/\/mairie-montataire.fr\/ar\/wp-json\/wp\/v2\/pages"}],"about":[{"href":"https:\/\/mairie-montataire.fr\/ar\/wp-json\/wp\/v2\/types\/page"}],"author":[{"embeddable":true,"href":"https:\/\/mairie-montataire.fr\/ar\/wp-json\/wp\/v2\/users\/1"}],"replies":[{"embeddable":true,"href":"https:\/\/mairie-montataire.fr\/ar\/wp-json\/wp\/v2\/comments?post=68"}],"version-history":[{"count":25,"href":"https:\/\/mairie-montataire.fr\/ar\/wp-json\/wp\/v2\/pages\/68\/revisions"}],"predecessor-version":[{"id":6772,"href":"https:\/\/mairie-montataire.fr\/ar\/wp-json\/wp\/v2\/pages\/68\/revisions\/6772"}],"up":[{"embeddable":true,"href":"https:\/\/mairie-montataire.fr\/ar\/wp-json\/wp\/v2\/pages\/48"}],"wp:featuredmedia":[{"embeddable":true,"href":"https:\/\/mairie-montataire.fr\/ar\/wp-json\/wp\/v2\/media\/6743"}],"wp:attachment":[{"href":"https:\/\/mairie-montataire.fr\/ar\/wp-json\/wp\/v2\/media?parent=68"}],"curies":[{"name":"\u062f\u0628\u0644\u064a\u0648 \u0628\u064a","href":"https:\/\/api.w.org\/{rel}","templated":true}]}}