{"id":66,"date":"2024-05-03T09:14:42","date_gmt":"2024-05-03T09:14:42","guid":{"rendered":"https:\/\/montataire.local\/?page_id=66"},"modified":"2025-09-16T08:00:02","modified_gmt":"2025-09-16T08:00:02","slug":"%d8%a7%d9%84%d8%a8%d8%b1%d9%85%d8%ac%d8%a9-%d8%a7%d9%84%d9%85%d8%af%d8%b1%d8%b3%d9%8a%d8%a9","status":"publish","type":"page","link":"https:\/\/mairie-montataire.fr\/ar\/s-epanouir\/le-palace\/programmation-scolaire\/","title":{"rendered":"\u0627\u0644\u0628\u0631\u0646\u0627\u0645\u062c \u0627\u0644\u0645\u062f\u0631\u0633\u064a"},"content":{"rendered":"<p><strong>\u062a\u0642\u062f\u0645 \u0627\u0644\u0628\u0644\u062f\u064a\u0629 \u0639\u0631\u0636\u064b\u0627 \u0645\u062c\u0627\u0646\u064a\u064b\u0627 \u0648\u0627\u062d\u062f\u064b\u0627 \u0644\u0635\u0641\u0648\u0641 \u0627\u0644\u062d\u0636\u0627\u0646\u0629 \u0648\u0639\u0631\u0636\u064a\u0646 \u0645\u062c\u0627\u0646\u064b\u0627 \u0644\u0635\u0641\u0648\u0641 \u0627\u0644\u0645\u0631\u062d\u0644\u0629 \u0627\u0644\u0627\u0628\u062a\u062f\u0627\u0626\u064a\u0629. \u0623\u0645\u0627 \u0628\u0627\u0644\u0646\u0633\u0628\u0629 \u0644\u0644\u0639\u0631\u0648\u0636 \u0627\u0644\u0625\u0636\u0627\u0641\u064a\u0629 \u0648\u0644\u0635\u0641\u0648\u0641 \u0627\u0644\u0645\u062f\u0627\u0631\u0633 \u0627\u0644\u062b\u0627\u0646\u0648\u064a\u0629\u060c \u0641\u064a\u0628\u0644\u063a \u0627\u0644\u0633\u0639\u0631 2.50 \u064a\u0648\u0631\u0648 \u0644\u0643\u0644 \u062a\u0644\u0645\u064a\u0630 (\u064a\u0645\u0643\u0646 \u0627\u0644\u062f\u0641\u0639 \u0628\u0627\u0633\u062a\u062e\u062f\u0627\u0645 \u0628\u0637\u0627\u0642\u0629 ADAGE \u0627\u0644\u062b\u0642\u0627\u0641\u064a\u0629).<\/strong><\/p>\n\n\n\n<div class=\"wp-block-uagb-separator uagb-block-1a0c7cbc\"><div class=\"wp-block-uagb-separator__inner\" style=\"--my-background-image:\"><\/div><\/div>\n\n\n\n<h2 class=\"wp-block-heading\">\u0645\u0627 \u0646\u0642\u062f\u0645\u0647<\/h2>\n\n\n\n<p>\u064a\u0642\u062f\u0645 \"\u0644\u0648 \u0628\u0627\u0644\u0627\u0633\" \u0639\u0631\u0648\u0636\u0627\u064b \u0645\u0633\u062a\u0647\u062f\u0641\u0629 \u0644\u0644\u062f\u0648\u0631\u0629 1 (\u0627\u0644\u062d\u0636\u0627\u0646\u0629) \u0648\u0627\u0644\u062f\u0648\u0631\u0629 2 (\u0627\u0644\u0645\u062f\u0631\u0633\u0629 \u0627\u0644\u0627\u0628\u062a\u062f\u0627\u0626\u064a\u0629) \u0648\u0627\u0644\u062f\u0648\u0631\u0629 3 (\u0627\u0644\u0645\u062f\u0631\u0633\u0629 \u0627\u0644\u062b\u0627\u0646\u0648\u064a\u0629). \u062a\u062a\u0648\u0641\u0631 \u062d\u0632\u0645 \u062a\u0639\u0644\u064a\u0645\u064a\u0629 \u0644\u0628\u0639\u0636 \u0627\u0644\u0639\u0631\u0648\u0636 \u0644\u0625\u0639\u0637\u0627\u0626\u0643 \u063a\u0630\u0627\u0621\u064b \u0644\u0644\u062a\u0641\u0643\u064a\u0631\u060c \u0648\u0625\u0639\u062f\u0627\u062f \u0648\u0631\u0634\u0629 \u0639\u0645\u0644 \u0641\u064a \u0627\u0644\u0641\u0635\u0648\u0644 \u0627\u0644\u062f\u0631\u0627\u0633\u064a\u0629\u060c \u0648\u0632\u064a\u0627\u062f\u0629 \u0627\u0644\u0648\u0639\u064a \u0628\u0627\u0644\u0645\u0648\u0636\u0648\u0639...&nbsp;<\/p>\n\n\n<div class=\"highlight\">\n                <div class=\"highlight__description\"><p style=\"text-align: center;\"><strong>\u0633\u064a\u062a\u0645 \u062a\u0642\u062f\u064a\u0645 \u0627\u0644\u062e\u0627\u0646\u0627\u062a \u0645\u0646 \u0642\u0628\u0644 \u0627\u0644\u0642\u0633\u0645 \u0627\u0644\u062b\u0642\u0627\u0641\u064a.<\/strong><\/p>\n<p>\u0628\u0627\u0644\u0646\u0633\u0628\u0629 \u0644\u0644\u0645\u062f\u0627\u0631\u0633 \u0627\u0644\u0627\u0628\u062a\u062f\u0627\u0626\u064a\u0629 \u0648\u0627\u0644\u062d\u0636\u0627\u0646\u0629 \u0641\u064a \u0627\u0644\u0645\u062f\u064a\u0646\u0629\u060c \u0628\u0645\u062c\u0631\u062f \u062d\u0635\u0648\u0644\u0643 \u0639\u0644\u0649 \u0627\u0644\u062a\u0623\u0643\u064a\u062f\u060c \u064a\u0645\u0643\u0646\u0643 \u0627\u0644\u0648\u0635\u0648\u0644 \u0625\u0644\u0649 <strong>15 \u064a\u0648\u0645\u0627\u064b<\/strong> \u0644\u0637\u0644\u0628 \u062d\u0627\u0641\u0644\u0629 \u0645\u0646 \u0627\u0644\u0642\u0633\u0645 \u0627\u0644\u062b\u0642\u0627\u0641\u064a.<\/p>\n<\/div>\n    <\/div>\n\n\n<p>\u0642\u062f \u064a\u0641\u062a\u062d \"\u0644\u0648 \u0628\u0627\u0644\u0627\u0633\" \u0627\u0644\u0639\u0631\u0648\u0636 \u0644\u0644\u062c\u0645\u0647\u0648\u0631 \u0627\u0644\u0639\u0627\u0645 \u062d\u064a\u062b \u0644\u0627 \u062a\u0632\u0627\u0644 \u0647\u0646\u0627\u0643 \u0645\u0642\u0627\u0639\u062f \u0645\u062a\u0627\u062d\u0629.<\/p>\n\n\n\n<h2 class=\"wp-block-heading\">\u0627\u0644\u0645\u0633\u062a\u0648\u0649 \u0627\u0644\u0645\u0635\u0627\u062d\u0628<\/h2>\n\n\n\n<p>\u0647\u0646\u0627\u0643 \u062d\u0627\u062c\u0629 \u0625\u0644\u0649 3 \u0645\u0631\u0627\u0641\u0642\u064a\u0646 \u0628\u0627\u0644\u063a\u064a\u0646 \u0644\u0635\u0641 \u0627\u0644\u062d\u0636\u0627\u0646\u0629 \u06482 \u0644\u0635\u0641 \u0627\u0644\u0645\u0631\u062d\u0644\u0629 \u0627\u0644\u0627\u0628\u062a\u062f\u0627\u0626\u064a\u0629. \u0633\u064a\u062c\u0644\u0633\u0648\u0646 \u0641\u064a \u0646\u0647\u0627\u064a\u0627\u062a \u0627\u0644\u0635\u0641\u0648\u0641. \u0625\u0630\u0627 \u062a\u0645 \u062a\u062c\u0627\u0648\u0632 \u0647\u0630\u0627 \u0627\u0644\u0639\u062f\u062f\u060c \u0633\u064a\u062a\u0645 \u0648\u0636\u0639 \u0627\u0644\u0628\u062f\u0644\u0627\u0621 \u0641\u064a \u0622\u062e\u0631 \u0627\u0644\u063a\u0631\u0641\u0629.<\/p>\n\n\n\n<h2 class=\"wp-block-heading\">\u0643\u064a\u0641\u064a\u0629 \u0645\u0634\u0627\u0647\u062f\u0629 \u0627\u0644\u0639\u0631\u0636<\/h2>\n\n\n\n<p style=\"padding-right:var(--wp--preset--spacing--70);padding-left:var(--wp--preset--spacing--70)\">\u2705 \u0623\u0635\u0644 \u0642\u0628\u0644 15 \u062f\u0642\u064a\u0642\u0629 \u0645\u0646 \u0627\u0644\u0639\u0631\u0636.<\/p>\n\n\n\n<p style=\"padding-right:var(--wp--preset--spacing--70);padding-left:var(--wp--preset--spacing--70)\">\u2705 \u0623\u0630\u0647\u0628 \u0625\u0644\u0649 \u0627\u0644\u0645\u0631\u062d\u0627\u0636 \u0623\u0648 \u064a\u0631\u0627\u0641\u0642\u0646\u064a \u0623\u062d\u062f \u0627\u0644\u0623\u0634\u062e\u0627\u0635 \u0642\u0628\u0644 \u0628\u062f\u0621 \u0627\u0644\u0639\u0631\u0636.&nbsp;<\/p>\n\n\n\n<p style=\"padding-right:var(--wp--preset--spacing--70);padding-left:var(--wp--preset--spacing--70)\">\u2705\u0623\u0646\u0627 \u0645\u0646\u062a\u0628\u0647\u0629\u060c \u0635\u0627\u0645\u062a\u0629 \u062a\u0642\u0631\u064a\u0628\u064b\u0627...&nbsp;<\/p>\n\n\n\n<p style=\"padding-right:var(--wp--preset--spacing--70);padding-left:var(--wp--preset--spacing--70)\">\u2705 \u0628\u0639\u062f \u0630\u0644\u0643\u060c \u064a\u0645\u0643\u0646\u0646\u064a \u0627\u0644\u062a\u062d\u062f\u062b \u0625\u0644\u0649 \u0623\u0635\u062f\u0642\u0627\u0626\u064a \u0648\u0645\u0639\u0644\u0645\u064a \u0648\u0639\u0627\u0626\u0644\u062a\u064a...<\/p>\n\n\n\n<p style=\"padding-right:var(--wp--preset--spacing--70);padding-left:var(--wp--preset--spacing--70)\">\u274c \u0623\u063a\u0644\u0642 \u0647\u0627\u062a\u0641\u064a.<\/p>\n\n\n\n<p style=\"padding-right:var(--wp--preset--spacing--70);padding-left:var(--wp--preset--spacing--70)\">\u274c \u0623\u0646\u0627 \u0644\u0627 \u0623\u0642\u0648\u0645 \u0628\u0627\u0644\u062a\u0635\u0648\u064a\u0631\/\u0627\u0644\u062a\u0635\u0648\u064a\u0631 \u0627\u0644\u0641\u0648\u062a\u0648\u063a\u0631\u0627\u0641\u064a.<\/p>\n\n\n\n<p style=\"padding-right:var(--wp--preset--spacing--70);padding-left:var(--wp--preset--spacing--70)\">\u274c \u0644\u0646 \u0623\u0630\u0647\u0628 \u0625\u0644\u0649 \u0623\u064a \u0645\u0643\u0627\u0646.&nbsp;<\/p>\n\n\n\n<p style=\"padding-right:var(--wp--preset--spacing--70);padding-left:var(--wp--preset--spacing--70)\">\u274c \u274c \u0623\u0646\u0627 \u0644\u0627 \u0623\u062f\u062e\u0646\/\u0633\u064a\u062c\u0627\u0631\u0629 \u0625\u0644\u0643\u062a\u0631\u0648\u0646\u064a\u0629.<\/p>\n\n\n\n<h2 class=\"wp-block-heading\">\u0643\u0644\u064a\u0627<\/h2>\n\n\n\n<p>\u0639\u0642\u062f \u0627\u0644\u062a\u0639\u0644\u064a\u0645 \u0627\u0644\u0645\u062d\u0644\u064a \u0644\u0644\u0641\u0646\u0648\u0646 (CL\u00c9A) \u0647\u0648 \u0645\u062e\u0637\u0637 \u0644\u0644\u062a\u0639\u0644\u064a\u0645 \u0641\u064a \u0645\u062c\u0627\u0644 \u0627\u0644\u0641\u0646\u0648\u0646 \u0648\u0627\u0644\u062b\u0642\u0627\u0641\u0629 \u0628\u062f\u0639\u0645 \u0645\u0646 \u0648\u0632\u0627\u0631\u062a\u064a \u0627\u0644\u062b\u0642\u0627\u0641\u0629 \u0648\u0627\u0644\u062a\u0631\u0628\u064a\u0629 \u0627\u0644\u0648\u0637\u0646\u064a\u0629 \u0648\u0627\u0644\u0633\u0644\u0637\u0629 \u0627\u0644\u0645\u062d\u0644\u064a\u0629. \u064a\u062a\u0645 \u062a\u0646\u0641\u064a\u0630\u0647 \u0641\u064a \u0645\u0646\u0637\u0642\u0629 \u0643\u0631\u064a\u0644 \u0633\u0648\u062f \u0623\u0648\u0632 (ACSO) \u0628\u0627\u0644\u0634\u0631\u0627\u0643\u0629 \u0645\u0639 \u0627\u0644\u0625\u062f\u0627\u0631\u0629 \u0627\u0644\u0625\u0642\u0644\u064a\u0645\u064a\u0629 \u0644\u0644\u0634\u0624\u0648\u0646 \u0627\u0644\u062b\u0642\u0627\u0641\u064a\u0629 \u0641\u064a \u0645\u0646\u0637\u0642\u0629 \u0623\u0648\u062a \u062f\u0648 \u0641\u0631\u0627\u0646\u0633 (DRAC) \u0648\u0625\u062f\u0627\u0631\u0629 \u0627\u0644\u062a\u0631\u0628\u064a\u0629 \u0627\u0644\u0648\u0637\u0646\u064a\u0629 \u0641\u064a \u0623\u0648\u0632 (DSDEN).<\/p>\n\n\n\n<p><br>\u0644\u0644\u0628\u062f\u0621 \u0641\u064a \u0627\u0644\u062d\u0635\u0648\u0644 \u0639\u0644\u0649 CL\u00c9A \u064a\u0645\u0643\u0646\u0643 \u0627\u0644\u0630\u0647\u0627\u0628 \u0625\u0644\u0649 <a href=\"https:\/\/www.creilsudoise.fr\/mon-quotidien\/loisirs\/culture\/le-contrat-local-deducation-artistique-clea\/#:~:text=Le%20Contrat%20Local%20d'Education%20Artistique%20(CLEA)%20est%20un,%C3%89ducation%20nationale%20et%20la%20collectivit%C3%A9.)\" target=\"_blank\" rel=\"noreferrer noopener\">\u0627\u0644\u062f\u0639\u0648\u0629 \u0644\u0644\u0645\u0634\u0627\u0631\u064a\u0639 \u0639\u0644\u0649 \u0645\u0648\u0642\u0639 ACSO \u0639\u0644\u0649 \u0627\u0644\u0625\u0646\u062a\u0631\u0646\u062a<\/a><\/p>\n\n\n\n<p>\u064a\u0645\u0643\u0646 \u0644\u0641\u0631\u064a\u0642 \u0627\u0644\u0642\u0635\u0631 \u0627\u0644\u062b\u0642\u0627\u0641\u064a \u0623\u0646 \u064a\u0633\u0627\u0639\u062f\u0643 \u0623\u064a\u0636\u0627\u064b \u0641\u064a \u0628\u0646\u0627\u0621 \u0648\u0627\u0628\u062a\u0643\u0627\u0631 \u0648\u062a\u0635\u0648\u0631 \u0645\u0634\u0631\u0648\u0639\u0643 \u0641\u064a\u0645\u0627 \u064a\u062a\u0639\u0644\u0642 \u0628\u0628\u0631\u0627\u0645\u062c\u0647 \u0644\u0644\u062c\u0645\u0647\u0648\u0631 \u0627\u0644\u0634\u0627\u0628 \u0623\u0648 \u0627\u0644\u0641\u0646\u0627\u0646\u064a\u0646 \u0627\u0644\u0645\u0642\u064a\u0645\u064a\u0646 \u0623\u0648 \u0627\u0644\u0634\u0631\u0643\u0627\u0621.<\/p>","protected":false},"excerpt":{"rendered":"<p>La municipalit\u00e9 offre un spectacle gratuit pour les maternelles et deux spectacles pour les \u00e9l\u00e9mentaires. Pour plus de spectacles et pour les classes du coll\u00e8ge et lyc\u00e9e, les tarifs sont de 2,50\u20ac par \u00e9l\u00e8ve (paiement possible avec le pass culturel ADAGE). Ce que l\u2019on vous propose Le Palace vous propose des spectacles cibler pour le [&hellip;]<\/p>\n","protected":false},"author":1,"featured_media":6746,"parent":48,"menu_order":44,"comment_status":"closed","ping_status":"closed","template":"","meta":{"_acf_changed":false,"_uag_custom_page_level_css":"","footnotes":""},"class_list":["post-66","page","type-page","status-publish","has-post-thumbnail","hentry"],"acf":[],"uagb_featured_image_src":{"full":["https:\/\/mairie-montataire.fr\/app\/uploads\/2025\/08\/2.1.4_ProgScolaire25-26.jpg",500,350,false],"thumbnail":["https:\/\/mairie-montataire.fr\/app\/uploads\/2025\/08\/2.1.4_ProgScolaire25-26-150x150.jpg",150,150,true],"medium":["https:\/\/mairie-montataire.fr\/app\/uploads\/2025\/08\/2.1.4_ProgScolaire25-26-300x210.jpg",300,210,true],"medium_large":["https:\/\/mairie-montataire.fr\/app\/uploads\/2025\/08\/2.1.4_ProgScolaire25-26.jpg",500,350,false],"large":["https:\/\/mairie-montataire.fr\/app\/uploads\/2025\/08\/2.1.4_ProgScolaire25-26.jpg",500,350,false],"1536x1536":["https:\/\/mairie-montataire.fr\/app\/uploads\/2025\/08\/2.1.4_ProgScolaire25-26.jpg",500,350,false],"2048x2048":["https:\/\/mairie-montataire.fr\/app\/uploads\/2025\/08\/2.1.4_ProgScolaire25-26.jpg",500,350,false],"trp-custom-language-flag":["https:\/\/mairie-montataire.fr\/app\/uploads\/2025\/08\/2.1.4_ProgScolaire25-26-18x12.jpg",18,12,true],"gform-image-choice-sm":["https:\/\/mairie-montataire.fr\/app\/uploads\/2025\/08\/2.1.4_ProgScolaire25-26.jpg",300,210,false],"gform-image-choice-md":["https:\/\/mairie-montataire.fr\/app\/uploads\/2025\/08\/2.1.4_ProgScolaire25-26.jpg",400,280,false],"gform-image-choice-lg":["https:\/\/mairie-montataire.fr\/app\/uploads\/2025\/08\/2.1.4_ProgScolaire25-26.jpg",500,350,false]},"uagb_author_info":{"display_name":"mentalworks","author_link":"https:\/\/mairie-montataire.fr\/ar\/actualites\/author\/mentalworks\/"},"uagb_comment_info":0,"uagb_excerpt":"La municipalit\u00e9 offre un spectacle gratuit pour les maternelles et deux spectacles pour les \u00e9l\u00e9mentaires. Pour plus de spectacles et pour les classes du coll\u00e8ge et lyc\u00e9e, les tarifs sont de 2,50\u20ac par \u00e9l\u00e8ve (paiement possible avec le pass culturel ADAGE). Ce que l\u2019on vous propose Le Palace vous propose des spectacles cibler pour le&hellip;","_links":{"self":[{"href":"https:\/\/mairie-montataire.fr\/ar\/wp-json\/wp\/v2\/pages\/66","targetHints":{"allow":["GET"]}}],"collection":[{"href":"https:\/\/mairie-montataire.fr\/ar\/wp-json\/wp\/v2\/pages"}],"about":[{"href":"https:\/\/mairie-montataire.fr\/ar\/wp-json\/wp\/v2\/types\/page"}],"author":[{"embeddable":true,"href":"https:\/\/mairie-montataire.fr\/ar\/wp-json\/wp\/v2\/users\/1"}],"replies":[{"embeddable":true,"href":"https:\/\/mairie-montataire.fr\/ar\/wp-json\/wp\/v2\/comments?post=66"}],"version-history":[{"count":14,"href":"https:\/\/mairie-montataire.fr\/ar\/wp-json\/wp\/v2\/pages\/66\/revisions"}],"predecessor-version":[{"id":6833,"href":"https:\/\/mairie-montataire.fr\/ar\/wp-json\/wp\/v2\/pages\/66\/revisions\/6833"}],"up":[{"embeddable":true,"href":"https:\/\/mairie-montataire.fr\/ar\/wp-json\/wp\/v2\/pages\/48"}],"wp:featuredmedia":[{"embeddable":true,"href":"https:\/\/mairie-montataire.fr\/ar\/wp-json\/wp\/v2\/media\/6746"}],"wp:attachment":[{"href":"https:\/\/mairie-montataire.fr\/ar\/wp-json\/wp\/v2\/media?parent=66"}],"curies":[{"name":"\u062f\u0628\u0644\u064a\u0648 \u0628\u064a","href":"https:\/\/api.w.org\/{rel}","templated":true}]}}