{"id":5222,"date":"2024-10-15T10:00:46","date_gmt":"2024-10-15T10:00:46","guid":{"rendered":"https:\/\/mairie-montataire.fr\/?page_id=5222"},"modified":"2025-03-21T12:56:32","modified_gmt":"2025-03-21T12:56:32","slug":"%d8%a5%d9%85%d9%83%d8%a7%d9%86%d9%8a%d8%a9-%d8%a7%d9%84%d9%88%d8%b5%d9%88%d9%84","status":"publish","type":"page","link":"https:\/\/mairie-montataire.fr\/ar\/accessibilite\/","title":{"rendered":"\u0625\u0645\u0643\u0627\u0646\u064a\u0629 \u0627\u0644\u0648\u0635\u0648\u0644"},"content":{"rendered":"<h2 class=\"wp-block-heading\">\u0645\u0627 \u0647\u064a \u0625\u0645\u0643\u0627\u0646\u064a\u0629 \u0627\u0644\u0648\u0635\u0648\u0644 \u0627\u0644\u0631\u0642\u0645\u064a\u061f<\/h2>\n\n\n\n<p>\u0627\u0644\u0645\u0648\u0642\u0639 \u0627\u0644\u0625\u0644\u0643\u062a\u0631\u0648\u0646\u064a \u0627\u0644\u0630\u064a \u064a\u0645\u0643\u0646 \u0627\u0644\u0648\u0635\u0648\u0644 \u0625\u0644\u064a\u0647 \u0647\u0648 \u0627\u0644\u0645\u0648\u0642\u0639 \u0627\u0644\u0630\u064a \u064a\u0645\u0643\u0651\u0646 \u0627\u0644\u0623\u0634\u062e\u0627\u0635 \u0630\u0648\u064a \u0627\u0644\u0625\u0639\u0627\u0642\u0629 \u0645\u0646 \u0627\u0644\u0648\u0635\u0648\u0644 \u0625\u0644\u0649 \u0645\u062d\u062a\u0648\u0627\u0647 \u0648\u0648\u0638\u0627\u0626\u0641\u0647 \u062f\u0648\u0646 \u0635\u0639\u0648\u0628\u0629.<br>\u0639\u0644\u0649 \u0633\u0628\u064a\u0644 \u0627\u0644\u0645\u062b\u0627\u0644\u060c \u064a\u062a\u064a\u062d \u0644\u0643 \u0627\u0644\u0645\u0648\u0642\u0639 \u0627\u0644\u0630\u064a \u064a\u0645\u0643\u0646 \u0627\u0644\u0648\u0635\u0648\u0644 \u0625\u0644\u064a\u0647 :<\/p>\n\n\n\n<ul class=\"wp-block-list\">\n<li style=\"font-style:normal;font-weight:400\">\u0627\u0644\u062a\u0646\u0642\u0644 \u0628\u0627\u0633\u062a\u062e\u062f\u0627\u0645 \u062c\u0647\u0627\u0632 \u062a\u0648\u0644\u064a\u0641 \u0627\u0644\u0635\u0648\u062a \u0648\/\u0623\u0648 \u0634\u0627\u0634\u0629 \u0639\u0631\u0636 \u0628\u0637\u0631\u064a\u0642\u0629 \u0628\u0631\u0627\u064a\u0644 (\u064a\u0633\u062a\u062e\u062f\u0645\u0647\u0627 \u0627\u0644\u0645\u0643\u0641\u0648\u0641\u0648\u0646 \u0648\u0636\u0639\u0627\u0641 \u0627\u0644\u0628\u0635\u0631 \u0628\u0634\u0643\u0644 \u062e\u0627\u0635).<\/li>\n\n\n\n<li style=\"font-style:normal;font-weight:400\">\u0642\u0645 \u0628\u062a\u062e\u0635\u064a\u0635 \u0639\u0631\u0636 \u0627\u0644\u0645\u0648\u0642\u0639 \u0648\u0641\u0642\u0627\u064b \u0644\u0627\u062d\u062a\u064a\u0627\u062c\u0627\u062a\u0643 (\u062a\u0643\u0628\u064a\u0631 \u0627\u0644\u062e\u0637\u060c \u062a\u0639\u062f\u064a\u0644 \u0627\u0644\u0644\u0648\u0646\u060c \u0625\u0644\u062e).<\/li>\n\n\n\n<li style=\"font-style:normal;font-weight:400\">\u0627\u0644\u062a\u0646\u0642\u0644 \u062f\u0648\u0646 \u0627\u0633\u062a\u062e\u062f\u0627\u0645 \u0627\u0644\u0641\u0623\u0631\u0629 (\u0628\u0627\u0633\u062a\u062e\u062f\u0627\u0645 \u0644\u0648\u062d\u0629 \u0627\u0644\u0645\u0641\u0627\u062a\u064a\u062d \u0641\u0642\u0637\u060c \u0623\u0648 \u0639\u0628\u0631 \u0634\u0627\u0634\u0629 \u062a\u0639\u0645\u0644 \u0628\u0627\u0644\u0644\u0645\u0633\u060c \u0623\u0648 \u0639\u0646 \u0637\u0631\u064a\u0642 \u0627\u0644\u0635\u0648\u062a \u0623\u0648 \u0623\u064a \u062c\u0647\u0627\u0632 \u0622\u062e\u0631 \u0645\u064f\u0643\u064a\u0651\u0641).<\/li>\n<\/ul>\n\n\n\n<div style=\"height:18px\" aria-hidden=\"true\" class=\"wp-block-spacer\"><\/div>\n\n\n\n<p>\u0644\u062a\u062d\u0642\u064a\u0642 \u0630\u0644\u0643\u060c \u064a\u062c\u0628 \u0623\u0646 \u064a\u062a\u0648\u0627\u0641\u0642 \u0627\u0644\u0645\u0648\u0642\u0639 \u0645\u0639 \u0627\u0644\u0645\u0639\u0627\u064a\u064a\u0631 \u0627\u0644\u0633\u0627\u0631\u064a\u0629 \u0639\u0646\u062f \u0625\u0646\u0634\u0627\u0626\u0647 \u0648\u062a\u062d\u062f\u064a\u062b\u0647.<\/p>\n\n\n\n<h2 class=\"wp-block-heading\">\u0625\u0639\u0644\u0627\u0646 \u0627\u0644\u0645\u0637\u0627\u0628\u0642\u0629 \u0645\u0639 \u0627\u062a\u0641\u0627\u0642\u064a\u0629 \u0627\u0644\u0627\u0645\u062a\u062b\u0627\u0644 \u0644\u0623\u062d\u0643\u0627\u0645 \u0627\u062a\u0641\u0627\u0642\u064a\u0629 \u0631\u0648\u062a\u0631\u062f\u0627\u0645<\/h2>\n\n\n\n<p><\/p>\n\n\n\n<h3 class=\"wp-block-heading\">\u062d\u0627\u0644\u0629 \u0627\u0644\u0627\u0645\u062a\u062b\u0627\u0644<\/h3>\n\n\n\n<p>\u062d\u062a\u0649 \u0627\u0644\u0622\u0646\u060c \u0644\u0645 \u064a\u062a\u0645 \u062a\u062f\u0642\u064a\u0642 \u0647\u0630\u0627 \u0627\u0644\u0645\u0648\u0642\u0639 \u0644\u0644\u062a\u062d\u0642\u0642 \u0645\u0646 \u0627\u0645\u062a\u062b\u0627\u0644\u0647 \u0644\u0644\u0625\u0635\u062f\u0627\u0631 4 \u0645\u0646 R\u00e9f\u00e9rentiel G\u00e9n\u00e9ral d'Am\u00e9lioration de l'Accessibilit\u00e9 (RGAA 4). \u062a\u062c\u0631\u064a \u062d\u0627\u0644\u064a\u064b\u0627 \u062f\u0631\u0627\u0633\u0629 \u062a\u062f\u0642\u064a\u0642 \u0627\u0644\u0627\u0645\u062a\u062b\u0627\u0644.<\/p>\n\n\n\n<h3 class=\"wp-block-heading\">\u0646\u062a\u0627\u0626\u062c \u0627\u0644\u0627\u062e\u062a\u0628\u0627\u0631<\/h3>\n\n\n\n<h3 class=\"wp-block-heading\">\u0644\u0627 \u064a\u0645\u0643\u0646 \u0627\u0644\u0648\u0635\u0648\u0644 \u0625\u0644\u0649 \u0627\u0644\u0645\u062d\u062a\u0648\u0649<\/h3>\n\n\n\n<h3 class=\"wp-block-heading\">\u0648\u0636\u0639 \u0647\u0630\u0627 \u0627\u0644\u0625\u0639\u0644\u0627\u0646 \u0639\u0646 \u0625\u0645\u0643\u0627\u0646\u064a\u0629 \u0627\u0644\u0648\u0635\u0648\u0644<\/h3>\n\n\n\n<h3 class=\"wp-block-heading\">\u0648\u0643\u0644\u0627\u0621 \u0627\u0644\u0645\u0633\u062a\u062e\u062f\u0645 \u0648\u0627\u0644\u062a\u0642\u0646\u064a\u0627\u062a \u0627\u0644\u0645\u0633\u0627\u0639\u062f\u0629 \u0648\u0627\u0644\u0623\u062f\u0648\u0627\u062a \u0627\u0644\u0645\u0633\u062a\u062e\u062f\u0645\u0629 \u0644\u0644\u062a\u062d\u0642\u0642 \u0645\u0646 \u0625\u0645\u0643\u0627\u0646\u064a\u0629 \u0627\u0644\u0648\u0635\u0648\u0644<\/h3>\n\n\n\n<h3 class=\"wp-block-heading\">\u062a\u0645 \u0641\u062d\u0635 \u0635\u0641\u062d\u0627\u062a \u0627\u0644\u0645\u0648\u0642\u0639 \u0644\u0644\u062a\u0623\u0643\u062f \u0645\u0646 \u062a\u0648\u0627\u0641\u0642\u0647\u0627 :<\/h3>\n\n\n\n<h2 class=\"wp-block-heading\">\u0627\u0644\u0645\u0644\u0627\u062d\u0638\u0627\u062a \u0648\u0627\u0644\u0627\u062a\u0635\u0627\u0644<\/h2>\n\n\n\n<p>\u0625\u0630\u0627 \u0643\u0646\u062a \u063a\u064a\u0631 \u0642\u0627\u062f\u0631 \u0639\u0644\u0649 \u0627\u0644\u0648\u0635\u0648\u0644 \u0625\u0644\u0649 \u0623\u064a \u0645\u062d\u062a\u0648\u0649 \u0623\u0648 \u062e\u062f\u0645\u0629\u060c \u064a\u0645\u0643\u0646\u0643 \u0627\u0644\u0627\u062a\u0635\u0627\u0644 \u0628\u0645\u062f\u064a\u0631 \u0627\u0644\u0645\u0648\u0642\u0639 \u0627\u0644\u0625\u0644\u0643\u062a\u0631\u0648\u0646\u064a \u0644\u062a\u0648\u062c\u064a\u0647\u0643 \u0625\u0644\u0649 \u0628\u062f\u064a\u0644 \u064a\u0645\u0643\u0646 \u0627\u0644\u0648\u0635\u0648\u0644 \u0625\u0644\u064a\u0647 \u0623\u0648 \u0644\u0644\u062d\u0635\u0648\u0644 \u0639\u0644\u0649 \u0627\u0644\u0645\u062d\u062a\u0648\u0649 \u0628\u0634\u0643\u0644 \u0622\u062e\u0631.<\/p>\n\n\n\n<ul style=\"padding-right:var(--wp--preset--spacing--60);padding-left:var(--wp--preset--spacing--60)\" class=\"wp-block-list\">\n<li style=\"font-style:normal;font-weight:400\">\u0627\u062a\u0635\u0644 \u0628\u0642\u0633\u0645 \u0627\u0644\u0627\u062a\u0635\u0627\u0644\u0627\u062a \u0639\u0644\u0649 communication@mairie-montataire.fr<\/li>\n<\/ul>\n\n\n\n<h3 class=\"wp-block-heading\">\u0633\u0628\u0644 \u0627\u0644\u0627\u0633\u062a\u0626\u0646\u0627\u0641<\/h3>\n\n\n\n<p>\u0625\u0630\u0627 \u0643\u0646\u062a \u0642\u062f \u0623\u0628\u0644\u063a\u062a \u0645\u062f\u064a\u0631 \u0627\u0644\u0645\u0648\u0642\u0639 \u0627\u0644\u0625\u0644\u0643\u062a\u0631\u0648\u0646\u064a \u0628\u0646\u0642\u0635 \u0641\u064a \u0625\u0645\u0643\u0627\u0646\u064a\u0629 \u0627\u0644\u0648\u0635\u0648\u0644 \u064a\u0645\u0646\u0639\u0643 \u0645\u0646 \u0627\u0644\u0648\u0635\u0648\u0644 \u0625\u0644\u0649 \u0645\u062d\u062a\u0648\u0649 \u0627\u0644\u0645\u0648\u0642\u0639 \u0623\u0648 \u0648\u0638\u064a\u0641\u062a\u0647\u060c \u0648\u0644\u0645 \u062a\u062a\u0644\u0642 \u0631\u062f\u064b\u0627 \u0645\u0631\u0636\u064a\u064b\u0627\u060c \u064a\u062d\u0642 \u0644\u0643 \u0627\u0644\u0627\u062a\u0635\u0627\u0644 \u0628\u0645\u062f\u064a\u0631 \u0627\u0644\u0645\u0648\u0642\u0639 \u0627\u0644\u0625\u0644\u0643\u062a\u0631\u0648\u0646\u064a. \u0647\u0646\u0627\u0643 \u0639\u062f\u0629 \u0637\u0631\u0642 \u0644\u0644\u0642\u064a\u0627\u0645 \u0628\u0630\u0644\u0643:<\/p>\n\n\n\n<ul class=\"wp-block-list\">\n<li style=\"font-style:normal;font-weight:400\">\u0627\u0643\u062a\u0628 \u0631\u0633\u0627\u0644\u0629 \u0625\u0644\u0649 \u0627\u0644\u0645\u062f\u0627\u0641\u0639 \u0639\u0646 \u062d\u0642\u0648\u0642 \u0627\u0644\u0625\u0646\u0633\u0627\u0646&nbsp;<a href=\"https:\/\/formulaire.defenseurdesdroits.fr\/\">https:\/\/formulaire.defenseurdesdroits.fr\/<\/a><\/li>\n\n\n\n<li style=\"font-style:normal;font-weight:400\">\u0627\u062a\u0635\u0644 \u0628\u0645\u0646\u062f\u0648\u0628 \u0627\u0644\u0645\u062f\u0627\u0641\u0639 \u0639\u0646 \u0627\u0644\u062d\u0642\u0648\u0642 \u0641\u064a \u0645\u0646\u0637\u0642\u062a\u0643&nbsp;<a href=\"https:\/\/www.defenseurdesdroits.fr\/saisir\/delegues\">https:\/\/www.defenseurdesdroits.fr\/saisir\/delegues<\/a><\/li>\n\n\n\n<li style=\"font-style:normal;font-weight:400\">\u0623\u0631\u0633\u0644 \u0631\u0633\u0627\u0644\u0629 \u0628\u0627\u0644\u0628\u0631\u064a\u062f (\u0645\u062c\u0627\u0646\u0627\u064b\u060c \u0644\u0627 \u062a\u0633\u062a\u062e\u062f\u0645 \u0627\u0644\u0637\u0648\u0627\u0628\u0639 \u0627\u0644\u0628\u0631\u064a\u062f\u064a\u0629).<\/li>\n<\/ul>\n\n\n\n<h2 class=\"wp-block-heading\">\u062e\u0637\u0629 \u0625\u0645\u0643\u0627\u0646\u064a\u0629 \u0627\u0644\u0648\u0635\u0648\u0644 \u0627\u0644\u0645\u062a\u0639\u062f\u062f\u0629 \u0627\u0644\u0633\u0646\u0648\u0627\u062a<\/h2>\n\n\n\n<p>\u0644\u0645 \u064a\u062e\u0636\u0639 \u0647\u0630\u0627 \u0627\u0644\u0645\u0648\u0642\u0639 \u062d\u062a\u0649 \u0627\u0644\u0622\u0646 \u0644\u062e\u0637\u0629 \u0625\u0645\u0643\u0627\u0646\u064a\u0629 \u0627\u0644\u0648\u0635\u0648\u0644 \u0645\u062a\u0639\u062f\u062f\u0629 \u0627\u0644\u0633\u0646\u0648\u0627\u062a. \u0648\u064a\u062c\u0631\u064a \u062d\u0627\u0644\u064a\u0627\u064b \u062f\u0631\u0627\u0633\u0629 \u0627\u0644\u062e\u0637\u0629.<\/p>\n\n\n\n<p><\/p>","protected":false},"excerpt":{"rendered":"<p>Qu\u2019est-ce que l\u2019accessibilit\u00e9 num\u00e9rique ? Un site web accessible est un site qui permet aux personnes en situation de handicap d\u2019acc\u00e9der \u00e0 ses contenus et ses fonctionnalit\u00e9s sans difficult\u00e9.Un site accessible permet par exemple de : Pour cela, le site doit respecter les normes en vigueur lors de sa r\u00e9alisation et de ses mises \u00e0 [&hellip;]<\/p>\n","protected":false},"author":2,"featured_media":0,"parent":0,"menu_order":1,"comment_status":"closed","ping_status":"closed","template":"","meta":{"_acf_changed":false,"_uag_custom_page_level_css":"","footnotes":""},"class_list":["post-5222","page","type-page","status-publish","hentry"],"acf":[],"uagb_featured_image_src":{"full":false,"thumbnail":false,"medium":false,"medium_large":false,"large":false,"1536x1536":false,"2048x2048":false,"trp-custom-language-flag":false,"gform-image-choice-sm":false,"gform-image-choice-md":false,"gform-image-choice-lg":false},"uagb_author_info":{"display_name":"Laure Pubert","author_link":"https:\/\/mairie-montataire.fr\/ar\/actualites\/author\/l-pubert\/"},"uagb_comment_info":0,"uagb_excerpt":"Qu\u2019est-ce que l\u2019accessibilit\u00e9 num\u00e9rique ? Un site web accessible est un site qui permet aux personnes en situation de handicap d\u2019acc\u00e9der \u00e0 ses contenus et ses fonctionnalit\u00e9s sans difficult\u00e9.Un site accessible permet par exemple de : Pour cela, le site doit respecter les normes en vigueur lors de sa r\u00e9alisation et de ses mises \u00e0&hellip;","_links":{"self":[{"href":"https:\/\/mairie-montataire.fr\/ar\/wp-json\/wp\/v2\/pages\/5222","targetHints":{"allow":["GET"]}}],"collection":[{"href":"https:\/\/mairie-montataire.fr\/ar\/wp-json\/wp\/v2\/pages"}],"about":[{"href":"https:\/\/mairie-montataire.fr\/ar\/wp-json\/wp\/v2\/types\/page"}],"author":[{"embeddable":true,"href":"https:\/\/mairie-montataire.fr\/ar\/wp-json\/wp\/v2\/users\/2"}],"replies":[{"embeddable":true,"href":"https:\/\/mairie-montataire.fr\/ar\/wp-json\/wp\/v2\/comments?post=5222"}],"version-history":[{"count":2,"href":"https:\/\/mairie-montataire.fr\/ar\/wp-json\/wp\/v2\/pages\/5222\/revisions"}],"predecessor-version":[{"id":5912,"href":"https:\/\/mairie-montataire.fr\/ar\/wp-json\/wp\/v2\/pages\/5222\/revisions\/5912"}],"wp:attachment":[{"href":"https:\/\/mairie-montataire.fr\/ar\/wp-json\/wp\/v2\/media?parent=5222"}],"curies":[{"name":"\u062f\u0628\u0644\u064a\u0648 \u0628\u064a","href":"https:\/\/api.w.org\/{rel}","templated":true}]}}