{"id":50,"date":"2024-05-03T09:12:40","date_gmt":"2024-05-03T09:12:40","guid":{"rendered":"https:\/\/montataire.local\/?page_id=50"},"modified":"2025-12-02T13:36:58","modified_gmt":"2025-12-02T13:36:58","slug":"%d8%a7%d9%84%d9%85%d9%83%d8%aa%d8%a8%d8%a7%d8%aa","status":"publish","type":"page","link":"https:\/\/mairie-montataire.fr\/ar\/s-epanouir\/bibliotheques\/","title":{"rendered":"\u0627\u0644\u0645\u0643\u062a\u0628\u0627\u062a"},"content":{"rendered":"<p><strong>\u064a\u0648\u062c\u062f \u0628\u0627\u0644\u0628\u0644\u062f\u0629 \u0645\u0643\u062a\u0628\u062a\u0627\u0646 \u0628\u0644\u062f\u064a\u062a\u0627\u0646, <a href=\"https:\/\/mairie-montataire.fr\/ar\/%d8%a7%d9%84%d8%af%d9%84%d8%a7%d8%a6%d9%84\/%d8%a7%d9%84%d8%ae%d8%af%d9%85%d8%a7%d8%aa-%d8%a7%d9%84%d8%a8%d9%84%d8%af%d9%8a%d8%a9\/%d8%af%d8%b3-%d8%af%d8%b3-%d8%af%d8%b3-%d8%af%d8%aa\/%d9%85%d9%83%d8%aa%d8%a8%d8%a9-%d8%a8%d9%88%d9%84-%d8%a5%d9%8a%d9%84%d9%88%d8%a7%d8%b1-%d9%84%d9%84%d9%82%d8%b1%d8%a7%d8%a1%d8%a9-%d8%a7%d9%84%d8%b9%d8%a7%d9%85%d8%a9\/\">\u0628\u0648\u0644 \u0625\u0644\u0648\u0627\u0631<\/a> \u0648 <a href=\"https:\/\/mairie-montataire.fr\/ar\/%d8%a7%d9%84%d8%af%d9%84%d8%a7%d8%a6%d9%84\/%d8%a7%d9%84%d8%ae%d8%af%d9%85%d8%a7%d8%aa-%d8%a7%d9%84%d8%a8%d9%84%d8%af%d9%8a%d8%a9\/%d8%af%d8%b3-%d8%af%d8%b3-%d8%af%d8%b3-%d8%af%d8%aa\/%d9%82%d8%b1%d8%a7%d8%a1%d8%a9-%d8%b9%d8%a7%d9%85%d8%a9-%d9%81%d9%8a-%d9%85%d9%83%d8%aa%d8%a8%d8%a9-%d8%a5%d9%84%d8%b3%d8%a7-%d8%aa%d8%b1%d9%8a%d9%88%d9%84%d9%8a%d8%aa-%d9%81%d9%8a-%d9%85%d9%83%d8%aa\/\">\u0625\u0644\u0633\u0627 \u062a\u0631\u064a\u0648\u0644\u064a\u0647<\/a>\u0648\u0645\u0643\u062a\u0628\u0629 \u0645\u062a\u0646\u0642\u0644\u0629. \u062a\u0632\u0648\u0631 \u0627\u0644\u0645\u0643\u062a\u0628\u0629 \u0627\u0644\u0645\u062a\u0646\u0642\u0644\u0629 \u0627\u0644\u0645\u062f\u0627\u0631\u0633 \u0648\u0627\u0644\u0645\u0646\u0627\u0633\u0628\u0627\u062a. \u064a\u0645\u0643\u0646 \u0627\u0644\u0627\u0637\u0644\u0627\u0639 \u0639\u0644\u0649 \u0627\u0644\u0643\u062a\u0628 \u0648\u0627\u0644\u0645\u062c\u0644\u0627\u062a \u0648\u0623\u0644\u0639\u0627\u0628 \u0627\u0644\u0641\u064a\u062f\u064a\u0648 \u0648\u0623\u0642\u0631\u0627\u0635 \u0627\u0644\u0641\u064a\u062f\u064a\u0648 \u0627\u0644\u0631\u0642\u0645\u064a\u0629 \u0648\u0627\u0633\u062a\u0639\u0627\u0631\u062a\u0647\u0627. \u0647\u0646\u0627\u0643 \u0623\u064a\u0636\u0627\u064b \u0641\u0639\u0627\u0644\u064a\u0627\u062a \u0645\u0639\u0631\u0648\u0636\u0629\u060c \u0645\u062b\u0644 \"\u0628\u064a \u0628\u064a \u062b\u064a\u0643\u060c \u0648\u0634\u0648\u0643\u0648\u0644\u0627\u062a\u0629 \u0627\u0644\u0642\u0631\u0627\u0621\u0629\u060c \u0648\u0627\u0644\u0645\u0642\u0647\u0649 \u0627\u0644\u0623\u062f\u0628\u064a\u060c \u0648\u0648\u0631\u0634 \u0639\u0645\u0644 \u0627\u0644\u0645\u062d\u0627\u062f\u062b\u0629 \u0648\u0627\u0644\u062e\u0637. \u062a\u0648\u062c\u062f \u0623\u064a\u0636\u0627\u064b \u0645\u0646\u0637\u0642\u0629 \u0644\u0639\u0628 \u0644\u0644\u0623\u0637\u0641\u0627\u0644 \u0627\u0644\u0623\u0635\u063a\u0631 \u0633\u0646\u0627\u064b\u060c \u0628\u0627\u0644\u0625\u0636\u0627\u0641\u0629 \u0625\u0644\u0649 \u0645\u0646\u0637\u0642\u0629 \u0648\u0633\u0627\u0626\u0637 \u0645\u062a\u0639\u062f\u062f\u0629 \u0648\u063a\u0631\u0641 \u0639\u0645\u0644 \u0645\u062c\u0647\u0632\u0629 \u0628\u0623\u062c\u0647\u0632\u0629 \u0643\u0645\u0628\u064a\u0648\u062a\u0631 \u0648\u0627\u062a\u0635\u0627\u0644 \u0628\u0627\u0644\u0625\u0646\u062a\u0631\u0646\u062a.<\/strong><\/p>\n\n\n\n<div style=\"height:21px\" aria-hidden=\"true\" class=\"wp-block-spacer\"><\/div>\n\n\n\n<div class=\"wp-block-uagb-buttons uagb-buttons__outer-wrap uagb-btn__default-btn uagb-btn-tablet__default-btn uagb-btn-mobile__default-btn uagb-block-880ff14b\"><div class=\"uagb-buttons__wrap uagb-buttons-layout-wrap\">\n<div class=\"wp-block-uagb-buttons-child uagb-buttons__outer-wrap uagb-block-892171ac wp-block-button\"><div class=\"uagb-button__wrapper\"><a class=\"uagb-buttons-repeater wp-block-button__link\" aria-label=\"\" href=\"https:\/\/lesbibliothequesdemontataire.c3rb.org\/\" rel=\"follow noopener\" target=\"_blank\" role=\"button\"><div class=\"uagb-button__link\"><strong>\u0627\u0644\u0645\u0648\u0642\u0639 \u0627\u0644\u0625\u0644\u0643\u062a\u0631\u0648\u0646\u064a \u0644\u0644\u0645\u0643\u062a\u0628\u0627\u062a<\/strong><\/div><span class=\"uagb-button__icon uagb-button__icon-position-after\"><svg xmlns=\"https:\/\/www.w3.org\/2000\/svg\" viewbox=\"0 0 448 512\" aria-hidden=\"true\" focussable=\"false\"><path d=\"M438.6 278.6l-160 160C272.4 444.9 264.2 448 256 448s-16.38-3.125-22.62-9.375c-12.5-12.5-12.5-32.75 0-45.25L338.8 288H32C14.33 288 .0016 273.7 .0016 256S14.33 224 32 224h306.8l-105.4-105.4c-12.5-12.5-12.5-32.75 0-45.25s32.75-12.5 45.25 0l160 160C451.1 245.9 451.1 266.1 438.6 278.6z\"><\/path><\/svg><\/span><\/a><\/div><\/div>\n<\/div><\/div>\n\n\n\n<div style=\"height:55px\" aria-hidden=\"true\" class=\"wp-block-spacer\"><\/div>\n\n\n\n<div class=\"wp-block-uagb-buttons uagb-buttons__outer-wrap uagb-btn__default-btn uagb-btn-tablet__default-btn uagb-btn-mobile__default-btn uagb-block-394879c2\"><div class=\"uagb-buttons__wrap uagb-buttons-layout-wrap\">\n<div class=\"wp-block-uagb-buttons-child uagb-buttons__outer-wrap uagb-block-5ffa7f67 wp-block-button\"><div class=\"uagb-button__wrapper\"><a class=\"uagb-buttons-repeater wp-block-button__link\" aria-label=\"\" href=\"https:\/\/mairie-montataire.fr\/ar\/%d8%a7%d9%84%d8%a5%d8%ac%d8%b1%d8%a7%d8%a1%d8%a7%d8%aa-%d8%b9%d8%a8%d8%b1-%d8%a7%d9%84%d8%a5%d9%86%d8%aa%d8%b1%d9%86%d8%aa\/%d8%a7%d9%84%d8%aa%d8%b3%d8%ac%d9%8a%d9%84-%d9%81%d9%8a-%d8%a7%d9%84%d9%85%d9%83%d8%aa%d8%a8%d8%a9\/\" rel=\"follow noopener\" target=\"_blank\" role=\"button\"><div class=\"uagb-button__link\"><strong>\u0627\u0644\u062a\u0633\u062c\u064a\u0644 \u0641\u064a \u0627\u0644\u0645\u0643\u062a\u0628\u0629<\/strong><\/div><span class=\"uagb-button__icon uagb-button__icon-position-after\"><svg xmlns=\"https:\/\/www.w3.org\/2000\/svg\" viewbox=\"0 0 448 512\" aria-hidden=\"true\" focussable=\"false\"><path d=\"M438.6 278.6l-160 160C272.4 444.9 264.2 448 256 448s-16.38-3.125-22.62-9.375c-12.5-12.5-12.5-32.75 0-45.25L338.8 288H32C14.33 288 .0016 273.7 .0016 256S14.33 224 32 224h306.8l-105.4-105.4c-12.5-12.5-12.5-32.75 0-45.25s32.75-12.5 45.25 0l160 160C451.1 245.9 451.1 266.1 438.6 278.6z\"><\/path><\/svg><\/span><\/a><\/div><\/div>\n<\/div><\/div>\n\n\n\n<div style=\"height:55px\" aria-hidden=\"true\" class=\"wp-block-spacer\"><\/div>\n\n\n\t\t\t\t\t<div\n\t\t\t\t\t\tclass=\"wp-block-uagb-image-gallery uagb-block-787b0ad0\"\n\t\t\t\t\t\tstyle=\"\"\n\t\t\t\t\t>\n\t\t\t\t\t\t\t\t\t\t\t<div class=\"spectra-image-gallery spectra-image-gallery__layout--masonry spectra-image-gallery__layout--masonry-col-3 spectra-image-gallery__layout--masonry-col-tab-3 spectra-image-gallery__layout--masonry-col-mob-2\">\n\t\t\t\t\t\t\t\t\t\t\t<div class='spectra-image-gallery__media-wrapper--isotope'>\n\t\t\t\t\t\t\t<div class='spectra-image-gallery__media-wrapper' data-spectra-gallery-image-id='7292' tabindex=\"0\">\n\t\t\t\t\t\t\t<div class=\"spectra-image-gallery__media spectra-image-gallery__media--masonry\">\n\t\t\t\t<picture>\n\t\t\t\t\t<source media=\"(min-width: 1024px)\" srcset=\"https:\/\/mairie-montataire.fr\/app\/uploads\/2025\/12\/2022-03-03-Bibliobus-11-1024x683.jpg\">\n\t\t\t\t\t<source media=\"(min-width: 768px)\" srcset=\"https:\/\/mairie-montataire.fr\/app\/uploads\/2025\/12\/2022-03-03-Bibliobus-11-1024x683.jpg\">\n\t\t\t\t\t<img decoding=\"async\" class=\"spectra-image-gallery__media-thumbnail spectra-image-gallery__media-thumbnail--masonry\" src=\"https:\/\/mairie-montataire.fr\/app\/uploads\/2025\/12\/2022-03-03-Bibliobus-11-300x200.jpg\" alt=\"\u062d\u0627\u0641\u0644\u0629 \u0623\u0639\u064a\u062f \u062a\u062c\u0647\u064a\u0632\u0647\u0627 \u0648\u062a\u0632\u064a\u064a\u0646\u0647\u0627 \u0644\u062a\u0635\u0628\u062d \u0645\u0643\u062a\u0628\u0629 \u0645\u062a\u0646\u0642\u0644\u0629\u060c \u0645\u062e\u0635\u0635\u0629 \u0644\u0646\u0642\u0644 \u0627\u0644\u0643\u062a\u0628 \u0625\u0644\u0649 \u0627\u0644\u0645\u062f\u0627\u0631\u0633 \u0648\u0627\u0644\u0623\u062d\u064a\u0627\u0621 \u0644\u062a\u0633\u0647\u064a\u0644 \u0627\u0644\u0648\u0635\u0648\u0644 \u0625\u0644\u0649 \u0627\u0644\u062b\u0642\u0627\u0641\u0629.\" loading=\"lazy\" \/>\n\t\t\t\t<\/picture>\n\t\t\t\t<div class=\"spectra-image-gallery__media-thumbnail-blurrer\"><\/div>\n\t\t\t\t\t\t\t\t\t\t\t<div class=\"spectra-image-gallery__media-thumbnail-caption-wrapper spectra-image-gallery__media-thumbnail-caption-wrapper--overlay\"><\/div>\n\t\t\t\t\t\t\t\t<\/div>\n\t\t\t\t\t\t<\/div>\n\t\t\t\t\t\t<\/div>\n\t\t\t\t\t\t<div class='spectra-image-gallery__media-wrapper--isotope'>\n\t\t\t\t\t\t\t<div class='spectra-image-gallery__media-wrapper' data-spectra-gallery-image-id='7291' tabindex=\"0\">\n\t\t\t\t\t\t\t<div class=\"spectra-image-gallery__media spectra-image-gallery__media--masonry\">\n\t\t\t\t<picture>\n\t\t\t\t\t<source media=\"(min-width: 1024px)\" srcset=\"https:\/\/mairie-montataire.fr\/app\/uploads\/2025\/12\/2022-02-09-Bibliotheque-Paul-Eluard-1-1024x683.jpg\">\n\t\t\t\t\t<source media=\"(min-width: 768px)\" srcset=\"https:\/\/mairie-montataire.fr\/app\/uploads\/2025\/12\/2022-02-09-Bibliotheque-Paul-Eluard-1-1024x683.jpg\">\n\t\t\t\t\t<img decoding=\"async\" class=\"spectra-image-gallery__media-thumbnail spectra-image-gallery__media-thumbnail--masonry\" src=\"https:\/\/mairie-montataire.fr\/app\/uploads\/2025\/12\/2022-02-09-Bibliotheque-Paul-Eluard-1-300x200.jpg\" alt=\"\u0648\u0627\u062c\u0647\u0629 \u0645\u0628\u0646\u0649 \u0639\u0644\u064a\u0647 \u0644\u0627\u0641\u062a\u0629 &quot;\u0645\u0643\u062a\u0628\u0629 \u0628\u0648\u0644 \u0625\u064a\u0644\u0648\u0627\u0631&quot;\" loading=\"lazy\" \/>\n\t\t\t\t<\/picture>\n\t\t\t\t<div class=\"spectra-image-gallery__media-thumbnail-blurrer\"><\/div>\n\t\t\t\t\t\t\t\t\t\t\t<div class=\"spectra-image-gallery__media-thumbnail-caption-wrapper spectra-image-gallery__media-thumbnail-caption-wrapper--overlay\"><\/div>\n\t\t\t\t\t\t\t\t<\/div>\n\t\t\t\t\t\t<\/div>\n\t\t\t\t\t\t<\/div>\n\t\t\t\t\t\t<div class='spectra-image-gallery__media-wrapper--isotope'>\n\t\t\t\t\t\t\t<div class='spectra-image-gallery__media-wrapper' data-spectra-gallery-image-id='7290' tabindex=\"0\">\n\t\t\t\t\t\t\t<div class=\"spectra-image-gallery__media spectra-image-gallery__media--masonry\">\n\t\t\t\t<picture>\n\t\t\t\t\t<source media=\"(min-width: 1024px)\" srcset=\"https:\/\/mairie-montataire.fr\/app\/uploads\/2025\/12\/2022-02-09-Bibliotheque-Elsa-Triolet-1-1024x683.jpg\">\n\t\t\t\t\t<source media=\"(min-width: 768px)\" srcset=\"https:\/\/mairie-montataire.fr\/app\/uploads\/2025\/12\/2022-02-09-Bibliotheque-Elsa-Triolet-1-1024x683.jpg\">\n\t\t\t\t\t<img decoding=\"async\" class=\"spectra-image-gallery__media-thumbnail spectra-image-gallery__media-thumbnail--masonry\" src=\"https:\/\/mairie-montataire.fr\/app\/uploads\/2025\/12\/2022-02-09-Bibliotheque-Elsa-Triolet-1-300x200.jpg\" alt=\"\u0648\u0627\u062c\u0647\u0629 \u0645\u0628\u0646\u0649 \u064a\u062d\u0645\u0644 \u0644\u0627\u0641\u062a\u0629 &quot;Elsa Triolet&quot;\" loading=\"lazy\" \/>\n\t\t\t\t<\/picture>\n\t\t\t\t<div class=\"spectra-image-gallery__media-thumbnail-blurrer\"><\/div>\n\t\t\t\t\t\t\t\t\t\t\t<div class=\"spectra-image-gallery__media-thumbnail-caption-wrapper spectra-image-gallery__media-thumbnail-caption-wrapper--overlay\"><\/div>\n\t\t\t\t\t\t\t\t<\/div>\n\t\t\t\t\t\t<\/div>\n\t\t\t\t\t\t<\/div>\n\t\t\t\t\t\t\t\t\t\t<\/div>\n\t\t\t\t\t\t\t\t\t\t\t\t\t\t\t\t\t\t<\/div>\n\t\t\t\t\t\t\t\t\t\t\t<div class='spectra-image-gallery__control-lightbox' tabindex='0'>\n\t\t\t\t\t\t\t\t\t\t\t<div class=\"swiper spectra-image-gallery__control-lightbox--main\" dir=\"\">\n\t\t\t\t\t<div class=\"swiper-wrapper\">\n\t\t\t\t\t\t\t\t\t\t\t\t\t\n\t\t\t\t\t\t\t<div class=\"swiper-slide\">\n\t\t\t\t\t\t\t\t<img class=\"swiper-lazy\" data-src=\"https:\/\/mairie-montataire.fr\/app\/uploads\/2025\/12\/2022-03-03-Bibliobus-11-scaled.jpg\" alt=\"\u062d\u0627\u0641\u0644\u0629 \u0623\u0639\u064a\u062f \u062a\u062c\u0647\u064a\u0632\u0647\u0627 \u0648\u062a\u0632\u064a\u064a\u0646\u0647\u0627 \u0644\u062a\u0635\u0628\u062d \u0645\u0643\u062a\u0628\u0629 \u0645\u062a\u0646\u0642\u0644\u0629\u060c \u0645\u062e\u0635\u0635\u0629 \u0644\u0646\u0642\u0644 \u0627\u0644\u0643\u062a\u0628 \u0625\u0644\u0649 \u0627\u0644\u0645\u062f\u0627\u0631\u0633 \u0648\u0627\u0644\u0623\u062d\u064a\u0627\u0621 \u0644\u062a\u0633\u0647\u064a\u0644 \u0627\u0644\u0648\u0635\u0648\u0644 \u0625\u0644\u0649 \u0627\u0644\u062b\u0642\u0627\u0641\u0629.\"\/>\n\t\t\t\t\t\t\t\t<div class=\"swiper-lazy-preloader swiper-lazy-preloader-white\"><\/div>\n\t\t\t\t\t\t\t\t\t\t\t\t\t\t\t<\/div>\n\t\t\t\t\t\t\t\t\t\t\t\t\t\n\t\t\t\t\t\t\t<div class=\"swiper-slide\">\n\t\t\t\t\t\t\t\t<img class=\"swiper-lazy\" data-src=\"https:\/\/mairie-montataire.fr\/app\/uploads\/2025\/12\/2022-02-09-Bibliotheque-Paul-Eluard-1-scaled.jpg\" alt=\"\u0648\u0627\u062c\u0647\u0629 \u0645\u0628\u0646\u0649 \u0639\u0644\u064a\u0647 \u0644\u0627\u0641\u062a\u0629 &quot;\u0645\u0643\u062a\u0628\u0629 \u0628\u0648\u0644 \u0625\u064a\u0644\u0648\u0627\u0631&quot;\"\/>\n\t\t\t\t\t\t\t\t<div class=\"swiper-lazy-preloader swiper-lazy-preloader-white\"><\/div>\n\t\t\t\t\t\t\t\t\t\t\t\t\t\t\t<\/div>\n\t\t\t\t\t\t\t\t\t\t\t\t\t\n\t\t\t\t\t\t\t<div class=\"swiper-slide\">\n\t\t\t\t\t\t\t\t<img class=\"swiper-lazy\" data-src=\"https:\/\/mairie-montataire.fr\/app\/uploads\/2025\/12\/2022-02-09-Bibliotheque-Elsa-Triolet-1-scaled.jpg\" alt=\"\u0648\u0627\u062c\u0647\u0629 \u0645\u0628\u0646\u0649 \u064a\u062d\u0645\u0644 \u0644\u0627\u0641\u062a\u0629 &quot;Elsa Triolet&quot;\"\/>\n\t\t\t\t\t\t\t\t<div class=\"swiper-lazy-preloader swiper-lazy-preloader-white\"><\/div>\n\t\t\t\t\t\t\t\t\t\t\t\t\t\t\t<\/div>\n\t\t\t\t\t\t\t\t\t\t\t<\/div>\n\t\t\t\t\t<div class=\"swiper-button-next\"><\/div>\n\t\t\t\t\t<div class=\"swiper-button-prev\"><\/div>\n\t\t\t\t<\/div>\t\t\t\n\t\t\t\t\t\t\t\t\t\t\t\t\t\t\t\t\t\t\t\t\t\t\t\t\t\t\t\t\t\t\t\t<button class='spectra-image-gallery__control-lightbox--close' aria-label=\"\u0625\u063a\u0644\u0627\u0642\">\n\t\t\t\t\t\t\t\t\t\t\t\t\t<svg xmlns=\"https:\/\/www.w3.org\/2000\/svg\" viewbox= \"0 0 320 512\"><path d=\"M310.6 361.4c12.5 12.5 12.5 32.75 0 45.25C304.4 412.9 296.2 416 288 416s-16.38-3.125-22.62-9.375L160 301.3L54.63 406.6C48.38 412.9 40.19 416 32 416S15.63 412.9 9.375 406.6c-12.5-12.5-12.5-32.75 0-45.25l105.4-105.4L9.375 150.6c-12.5-12.5-12.5-32.75 0-45.25s32.75-12.5 45.25 0L160 210.8l105.4-105.4c12.5-12.5 32.75-12.5 45.25 0s12.5 32.75 0 45.25l-105.4 105.4L310.6 361.4z\"><\/path><\/svg>\n\t\t\t\t\t\t\t\t\t\t\t\t<\/button>\n\t\t\t\t\t\t\t\t\t\t\t\t\t<\/div>","protected":false},"excerpt":{"rendered":"<p>La ville dispose de deux biblioth\u00e8ques municipales, Paul \u00c9luard et Elsa Triolet, ainsi qu\u2019un bibliobus. Ce dernier se d\u00e9place dans les \u00e9coles et lors d&rsquo;\u00e9v\u00e9nements. Il est possible de consulter et d&#8217;emprunter des livres, des revues, des jeux vid\u00e9o et des DVD. Des animations sont \u00e9galement propos\u00e9es, telles que la BB-th\u00e8que, le chocolat lecture, le [&hellip;]<\/p>\n","protected":false},"author":1,"featured_media":1065,"parent":34,"menu_order":48,"comment_status":"closed","ping_status":"closed","template":"","meta":{"_acf_changed":false,"_uag_custom_page_level_css":"","footnotes":""},"class_list":["post-50","page","type-page","status-publish","has-post-thumbnail","hentry"],"acf":[],"uagb_featured_image_src":{"full":["https:\/\/mairie-montataire.fr\/app\/uploads\/2024\/07\/2.2_bibliotheque.jpg",480,320,false],"thumbnail":["https:\/\/mairie-montataire.fr\/app\/uploads\/2024\/07\/2.2_bibliotheque-150x150.jpg",150,150,true],"medium":["https:\/\/mairie-montataire.fr\/app\/uploads\/2024\/07\/2.2_bibliotheque-300x200.jpg",300,200,true],"medium_large":["https:\/\/mairie-montataire.fr\/app\/uploads\/2024\/07\/2.2_bibliotheque.jpg",480,320,false],"large":["https:\/\/mairie-montataire.fr\/app\/uploads\/2024\/07\/2.2_bibliotheque.jpg",480,320,false],"1536x1536":["https:\/\/mairie-montataire.fr\/app\/uploads\/2024\/07\/2.2_bibliotheque.jpg",480,320,false],"2048x2048":["https:\/\/mairie-montataire.fr\/app\/uploads\/2024\/07\/2.2_bibliotheque.jpg",480,320,false],"trp-custom-language-flag":["https:\/\/mairie-montataire.fr\/app\/uploads\/2024\/07\/2.2_bibliotheque.jpg",18,12,false],"gform-image-choice-sm":["https:\/\/mairie-montataire.fr\/app\/uploads\/2024\/07\/2.2_bibliotheque.jpg",300,200,false],"gform-image-choice-md":["https:\/\/mairie-montataire.fr\/app\/uploads\/2024\/07\/2.2_bibliotheque.jpg",400,267,false],"gform-image-choice-lg":["https:\/\/mairie-montataire.fr\/app\/uploads\/2024\/07\/2.2_bibliotheque.jpg",480,320,false]},"uagb_author_info":{"display_name":"mentalworks","author_link":"https:\/\/mairie-montataire.fr\/ar\/actualites\/author\/mentalworks\/"},"uagb_comment_info":0,"uagb_excerpt":"La ville dispose de deux biblioth\u00e8ques municipales, Paul \u00c9luard et Elsa Triolet, ainsi qu\u2019un bibliobus. Ce dernier se d\u00e9place dans les \u00e9coles et lors d&rsquo;\u00e9v\u00e9nements. Il est possible de consulter et d&#8217;emprunter des livres, des revues, des jeux vid\u00e9o et des DVD. Des animations sont \u00e9galement propos\u00e9es, telles que la BB-th\u00e8que, le chocolat lecture, le&hellip;","_links":{"self":[{"href":"https:\/\/mairie-montataire.fr\/ar\/wp-json\/wp\/v2\/pages\/50","targetHints":{"allow":["GET"]}}],"collection":[{"href":"https:\/\/mairie-montataire.fr\/ar\/wp-json\/wp\/v2\/pages"}],"about":[{"href":"https:\/\/mairie-montataire.fr\/ar\/wp-json\/wp\/v2\/types\/page"}],"author":[{"embeddable":true,"href":"https:\/\/mairie-montataire.fr\/ar\/wp-json\/wp\/v2\/users\/1"}],"replies":[{"embeddable":true,"href":"https:\/\/mairie-montataire.fr\/ar\/wp-json\/wp\/v2\/comments?post=50"}],"version-history":[{"count":12,"href":"https:\/\/mairie-montataire.fr\/ar\/wp-json\/wp\/v2\/pages\/50\/revisions"}],"predecessor-version":[{"id":7294,"href":"https:\/\/mairie-montataire.fr\/ar\/wp-json\/wp\/v2\/pages\/50\/revisions\/7294"}],"up":[{"embeddable":true,"href":"https:\/\/mairie-montataire.fr\/ar\/wp-json\/wp\/v2\/pages\/34"}],"wp:featuredmedia":[{"embeddable":true,"href":"https:\/\/mairie-montataire.fr\/ar\/wp-json\/wp\/v2\/media\/1065"}],"wp:attachment":[{"href":"https:\/\/mairie-montataire.fr\/ar\/wp-json\/wp\/v2\/media?parent=50"}],"curies":[{"name":"\u062f\u0628\u0644\u064a\u0648 \u0628\u064a","href":"https:\/\/api.w.org\/{rel}","templated":true}]}}