{"id":423,"date":"2024-05-20T09:50:25","date_gmt":"2024-05-20T09:50:25","guid":{"rendered":"https:\/\/montataire.mentalworks.me\/?page_id=423"},"modified":"2024-08-14T10:04:24","modified_gmt":"2024-08-14T10:04:24","slug":"%d8%ad%d9%85%d8%a7%d9%85-%d8%a7%d9%84%d8%b3%d8%a8%d8%a7%d8%ad%d8%a9-%d8%a7%d9%84%d9%85%d8%b4%d8%aa%d8%b1%d9%83-%d8%a8%d9%8a%d9%86-%d8%a7%d9%84%d9%85%d8%ac%d8%aa%d9%85%d8%b9%d8%a7%d8%aa-%d8%a7%d9%84","status":"publish","type":"page","link":"https:\/\/mairie-montataire.fr\/ar\/s-epanouir\/sports-loisirs\/piscine-intercommunale\/","title":{"rendered":"\u062d\u0645\u0627\u0645 \u0633\u0628\u0627\u062d\u0629 \u0645\u0634\u062a\u0631\u0643 \u0628\u064a\u0646 \u0627\u0644\u0637\u0627\u0626\u0641\u062a\u064a\u0646"},"content":{"rendered":"<div class=\"wp-block-columns is-layout-flex wp-container-core-columns-is-layout-9d6595d7 wp-block-columns-is-layout-flex\">\n<div class=\"wp-block-column is-layout-flow wp-block-column-is-layout-flow\" style=\"flex-basis:25%\"><\/div>\n\n\n\n<div class=\"wp-block-column is-layout-flow wp-block-column-is-layout-flow\" style=\"flex-basis:50%\">\n<figure class=\"wp-block-image aligncenter size-full is-resized\"><img loading=\"lazy\" decoding=\"async\" width=\"1579\" height=\"1533\" src=\"https:\/\/mairie-montataire.fr\/app\/uploads\/2024\/08\/Logo-SIPM-HD.jpg\" alt=\"\" class=\"wp-image-2611\" style=\"width:434px;height:auto\" srcset=\"https:\/\/mairie-montataire.fr\/app\/uploads\/2024\/08\/Logo-SIPM-HD.jpg 1579w, https:\/\/mairie-montataire.fr\/app\/uploads\/2024\/08\/Logo-SIPM-HD-300x291.jpg 300w, https:\/\/mairie-montataire.fr\/app\/uploads\/2024\/08\/Logo-SIPM-HD-1024x994.jpg 1024w, https:\/\/mairie-montataire.fr\/app\/uploads\/2024\/08\/Logo-SIPM-HD-768x746.jpg 768w, https:\/\/mairie-montataire.fr\/app\/uploads\/2024\/08\/Logo-SIPM-HD-1536x1491.jpg 1536w\" sizes=\"auto, (max-width: 1579px) 100vw, 1579px\" \/><\/figure>\n<\/div>\n\n\n\n<div class=\"wp-block-column is-layout-flow wp-block-column-is-layout-flow\" style=\"flex-basis:25%\"><\/div>\n<\/div>\n\n\n\n<p><strong>\u064a\u062d\u062a\u0648\u064a \u062d\u0648\u0636 \u0633\u0628\u0627\u062d\u0629 \u0645\u0648\u0646\u062a\u0627\u062a\u064a\u0631 \u0627\u0644\u0645\u0634\u062a\u0631\u0643 \u0628\u064a\u0646 \u0627\u0644\u0645\u062c\u062a\u0645\u0639\u0627\u062a \u0639\u0644\u0649 \u062d\u0648\u0636 \u0633\u0628\u0627\u062d\u0629 \u0628\u0645\u0633\u0627\u062d\u0629 25 \u00d7 15 \u0645\u062a\u0631\u060c \u0648\u062d\u0648\u0636 \u0633\u0628\u0627\u062d\u0629 \u0635\u063a\u064a\u0631 \u0645\u0639 \u0632\u0644\u0627\u0642\u0629 \u0648\u062d\u0648\u0636 \u0633\u0628\u0627\u062d\u0629 \u0644\u0644\u062a\u062c\u062f\u064a\u0641. \u062a\u062a\u0648\u0641\u0631 \u0645\u062c\u0645\u0648\u0639\u0629 \u0645\u0646 \u0627\u0644\u0623\u0646\u0634\u0637\u0629 \u0627\u0644\u0645\u0627\u0626\u064a\u0629\u060c \u0628\u0645\u0627 \u0641\u064a \u0630\u0644\u0643 \u062f\u0631\u0648\u0633 \u0627\u0644\u0633\u0628\u0627\u062d\u0629 \u0648\u062c\u0644\u0633\u0627\u062a \u0627\u0644\u062a\u0645\u0627\u0631\u064a\u0646 \u0627\u0644\u0631\u064a\u0627\u0636\u064a\u0629 \u0627\u0644\u0645\u0627\u0626\u064a\u0629.<\/strong><\/p>\n\n\n\n<h2 class=\"wp-block-heading\"><strong>\u0627\u0644\u062c\u062f\u0648\u0644 \u0627\u0644\u0632\u0645\u0646\u064a<\/strong><\/h2>\n\n\n\n<h3 class=\"wp-block-heading\"><strong>\u0627\u0644\u0641\u062a\u0631\u0629 \u0627\u0644\u062f\u0631\u0627\u0633\u064a\u0629<\/strong><\/h3>\n\n\n\n<p><strong>\u0627\u0644\u0633\u0628\u0627\u062d\u0648\u0646 \u0627\u0644\u0628\u0627\u0644\u063a\u0648\u0646<\/strong><\/p>\n\n\n\n<p>\u0645\u0646 \u0627\u0644\u0627\u062b\u0646\u064a\u0646 \u0625\u0644\u0649 \u0627\u0644\u062c\u0645\u0639\u0629\u060c \u0645\u0646 12 \u0638\u0647\u0631\u0627\u064b \u0625\u0644\u0649 1:30 \u0638\u0647\u0631\u0627\u064b<br>\u0645\u0627 \u0639\u062f\u0627 \u0623\u064a\u0627\u0645 \u0627\u0644\u062b\u0644\u0627\u062b\u0627\u0621 \u0645\u0646 \u0627\u0644\u0633\u0627\u0639\u0629 11:15 \u0635\u0628\u0627\u062d\u0627\u064b \u0625\u0644\u0649 \u0627\u0644\u0633\u0627\u0639\u0629 1:30 \u0638\u0647\u0631\u0627\u064b.<\/p>\n\n\n\n<p><strong>\u062c\u0645\u064a\u0639 \u0627\u0644\u062c\u0645\u0627\u0647\u064a\u0631<\/strong><\/p>\n\n\n\n<p>\u0627\u0644\u0627\u062b\u0646\u064a\u0646 \u0648\u0627\u0644\u062b\u0644\u0627\u062b\u0627\u0621 \u0648\u0627\u0644\u062e\u0645\u064a\u0633 \u0645\u0646 \u0627\u0644\u0633\u0627\u0639\u0629 6 \u0645\u0633\u0627\u0621\u064b \u0625\u0644\u0649 7:30 \u0645\u0633\u0627\u0621\u064b<br>\u0627\u0644\u0623\u0631\u0628\u0639\u0627\u0621 \u0645\u0646 2 \u0628\u0639\u062f \u0627\u0644\u0638\u0647\u0631 \u0625\u0644\u0649 4 \u0628\u0639\u062f \u0627\u0644\u0638\u0647\u0631<br>\u0627\u0644\u062c\u0645\u0639\u0629 \u0645\u0646 \u0627\u0644\u0633\u0627\u0639\u0629 5 \u0645\u0633\u0627\u0621\u064b \u0625\u0644\u0649 6:30 \u0645\u0633\u0627\u0621\u064b<br>\u0627\u0644\u0633\u0628\u062a \u0645\u0646 2 \u0628\u0639\u062f \u0627\u0644\u0638\u0647\u0631 \u0625\u0644\u0649 5:30 \u0645\u0633\u0627\u0621\u064b<br>\u0627\u0644\u0623\u062d\u062f \u0645\u0646 \u0627\u0644\u0633\u0627\u0639\u0629 8:30 \u0635\u0628\u0627\u062d\u0627\u064b \u0625\u0644\u0649 \u0627\u0644\u0633\u0627\u0639\u0629 12 \u0638\u0647\u0631\u0627\u064b<\/p>\n\n\n\n<p><strong>\u064a\u0646\u062a\u0647\u064a \u062a\u0633\u062c\u064a\u0644 \u0627\u0644\u062e\u0631\u0648\u062c \u0642\u0628\u0644 30 \u062f\u0642\u064a\u0642\u0629 \u0645\u0646 \u0645\u0648\u0639\u062f \u0627\u0644\u0625\u063a\u0644\u0627\u0642<br>\u064a\u063a\u0644\u0642 \u0628\u0639\u062f 30 \u062f\u0642\u064a\u0642\u0629 \u0645\u0646 \u0627\u0644\u0648\u0642\u062a \u0627\u0644\u0645\u062d\u062f\u062f<\/strong><\/p>\n\n\n\n<h3 class=\"wp-block-heading\">\u0627\u0644\u0639\u0637\u0644 \u0627\u0644\u0645\u062f\u0631\u0633\u064a\u0629 \u0648\u0627\u0644\u0639\u0637\u0644 \u0627\u0644\u0635\u064a\u0641\u064a\u0629<\/h3>\n\n\n\n<p><a href=\"https:\/\/www.facebook.com\/piscine.montataire60\" data-type=\"link\" data-id=\"https:\/\/www.facebook.com\/piscine.montataire60\" target=\"_blank\" rel=\"noreferrer noopener\">\u0631\u0627\u062c\u0639 \u0635\u0641\u062d\u062a\u0647\u0645 \u0639\u0644\u0649 \u0641\u064a\u0633\u0628\u0648\u0643.<\/a><\/p>\n\n\n\n<div style=\"height:67px\" aria-hidden=\"true\" class=\"wp-block-spacer\"><\/div>\n\n\n\t\t\t\t\t<div\n\t\t\t\t\t\tclass=\"wp-block-uagb-image-gallery uagb-block-dd07d4c6\"\n\t\t\t\t\t\tstyle=\"\"\n\t\t\t\t\t>\n\t\t\t\t\t\t\t\t\t\t\t<div class=\"spectra-image-gallery spectra-image-gallery__layout--carousel\">\n\t\t\t\t\t\t\t\t<div class=\"uagb-slick-carousel uagb-block-dd07d4c6\">\n\t\t\t\t\t\t\t\t\t\t\t\t<div class='spectra-image-gallery__media-wrapper' data-spectra-gallery-image-id='2608'>\n\t\t\t\t\t\t\t<div class=\"spectra-image-gallery__media spectra-image-gallery__media--carousel\">\n\t\t\t\t<picture>\n\t\t\t\t\t<source media=\"(min-width: 1024px)\" srcset=\"https:\/\/mairie-montataire.fr\/app\/uploads\/2024\/08\/2024-02-11-piscine-vide-4-1024x683.jpg\">\n\t\t\t\t\t<source media=\"(min-width: 768px)\" srcset=\"https:\/\/mairie-montataire.fr\/app\/uploads\/2024\/08\/2024-02-11-piscine-vide-4-1024x683.jpg\">\n\t\t\t\t\t<img decoding=\"async\" class=\"spectra-image-gallery__media-thumbnail spectra-image-gallery__media-thumbnail--carousel\" src=\"https:\/\/mairie-montataire.fr\/app\/uploads\/2024\/08\/2024-02-11-piscine-vide-4-300x200.jpg\" alt=\"\" loading=\"lazy\" \/>\n\t\t\t\t<\/picture>\n\t\t\t\t<div class=\"spectra-image-gallery__media-thumbnail-blurrer\"><\/div>\n\t\t\t\t\t\t\t\t\t\t\t<div class=\"spectra-image-gallery__media-thumbnail-caption-wrapper spectra-image-gallery__media-thumbnail-caption-wrapper--overlay\"><\/div>\n\t\t\t\t\t\t\t\t<\/div>\n\t\t\t\t\t\t<\/div>\n\t\t\t\t\t\t<div class='spectra-image-gallery__media-wrapper' data-spectra-gallery-image-id='2610'>\n\t\t\t\t\t\t\t<div class=\"spectra-image-gallery__media spectra-image-gallery__media--carousel\">\n\t\t\t\t<picture>\n\t\t\t\t\t<source media=\"(min-width: 1024px)\" srcset=\"https:\/\/mairie-montataire.fr\/app\/uploads\/2024\/08\/2024-02-11-piscine-vide-5-1024x683.jpg\">\n\t\t\t\t\t<source media=\"(min-width: 768px)\" srcset=\"https:\/\/mairie-montataire.fr\/app\/uploads\/2024\/08\/2024-02-11-piscine-vide-5-1024x683.jpg\">\n\t\t\t\t\t<img decoding=\"async\" class=\"spectra-image-gallery__media-thumbnail spectra-image-gallery__media-thumbnail--carousel\" src=\"https:\/\/mairie-montataire.fr\/app\/uploads\/2024\/08\/2024-02-11-piscine-vide-5-300x200.jpg\" alt=\"\" loading=\"lazy\" \/>\n\t\t\t\t<\/picture>\n\t\t\t\t<div class=\"spectra-image-gallery__media-thumbnail-blurrer\"><\/div>\n\t\t\t\t\t\t\t\t\t\t\t<div class=\"spectra-image-gallery__media-thumbnail-caption-wrapper spectra-image-gallery__media-thumbnail-caption-wrapper--overlay\"><\/div>\n\t\t\t\t\t\t\t\t<\/div>\n\t\t\t\t\t\t<\/div>\n\t\t\t\t\t\t\t\t\t\t\t<\/div>\n\t\t\t\t\t\t\t<\/div>\n\t\t\t\t\t\t\t\t\t\t\t<\/div>\n\t\t\t\t\t\t\t\t\t\t\t<div class='spectra-image-gallery__control-lightbox' tabindex='0'>\n\t\t\t\t\t\t\t\t\t\t\t<div class=\"swiper spectra-image-gallery__control-lightbox--main\" dir=\"\">\n\t\t\t\t\t<div class=\"swiper-wrapper\">\n\t\t\t\t\t\t\t\t\t\t\t\t\t\n\t\t\t\t\t\t\t<div class=\"swiper-slide\">\n\t\t\t\t\t\t\t\t<img class=\"swiper-lazy\" data-src=\"https:\/\/mairie-montataire.fr\/app\/uploads\/2024\/08\/2024-02-11-piscine-vide-4-scaled.jpg\" alt=\"\"\/>\n\t\t\t\t\t\t\t\t<div class=\"swiper-lazy-preloader swiper-lazy-preloader-white\"><\/div>\n\t\t\t\t\t\t\t\t\t\t\t\t\t\t\t<\/div>\n\t\t\t\t\t\t\t\t\t\t\t\t\t\n\t\t\t\t\t\t\t<div class=\"swiper-slide\">\n\t\t\t\t\t\t\t\t<img class=\"swiper-lazy\" data-src=\"https:\/\/mairie-montataire.fr\/app\/uploads\/2024\/08\/2024-02-11-piscine-vide-5-scaled.jpg\" alt=\"\"\/>\n\t\t\t\t\t\t\t\t<div class=\"swiper-lazy-preloader swiper-lazy-preloader-white\"><\/div>\n\t\t\t\t\t\t\t\t\t\t\t\t\t\t\t<\/div>\n\t\t\t\t\t\t\t\t\t\t\t<\/div>\n\t\t\t\t\t<div class=\"swiper-button-next\"><\/div>\n\t\t\t\t\t<div class=\"swiper-button-prev\"><\/div>\n\t\t\t\t<\/div>\t\t\t\n\t\t\t\t\t\t\t\t\t\t\t\t\t\t\t\t\t\t\t\t\t\t\t\t\t\t\t\t\t\t\t\t<button class='spectra-image-gallery__control-lightbox--close' aria-label=\"\u0625\u063a\u0644\u0627\u0642\">\n\t\t\t\t\t\t\t\t\t\t\t\t\t<svg xmlns=\"https:\/\/www.w3.org\/2000\/svg\" viewbox= \"0 0 320 512\"><path d=\"M310.6 361.4c12.5 12.5 12.5 32.75 0 45.25C304.4 412.9 296.2 416 288 416s-16.38-3.125-22.62-9.375L160 301.3L54.63 406.6C48.38 412.9 40.19 416 32 416S15.63 412.9 9.375 406.6c-12.5-12.5-12.5-32.75 0-45.25l105.4-105.4L9.375 150.6c-12.5-12.5-12.5-32.75 0-45.25s32.75-12.5 45.25 0L160 210.8l105.4-105.4c12.5-12.5 32.75-12.5 45.25 0s12.5 32.75 0 45.25l-105.4 105.4L310.6 361.4z\"><\/path><\/svg>\n\t\t\t\t\t\t\t\t\t\t\t\t<\/button>\n\t\t\t\t\t\t\t\t\t\t\t\t\t<\/div>","protected":false},"excerpt":{"rendered":"<p>La piscine intercommunale de Montataire se compose d\u2019un bassin de 25 x 15 m\u00e8tres, d\u2019un petit bassin avec un toboggan et d\u2019une pataugeoire. Plusieurs activit\u00e9s aquatiques y&nbsp;sont dispens\u00e9es&nbsp;telles que des cours de natation, des s\u00e9ances d&rsquo;aquagym&#8230; Horaires P\u00e9riode scolaire Nageurs adultes Du lundi au vendredi de 12h \u00e0 13h30Sauf le mardi de 11h15 \u00e0 13h30 [&hellip;]<\/p>\n","protected":false},"author":1,"featured_media":3468,"parent":56,"menu_order":52,"comment_status":"closed","ping_status":"closed","template":"","meta":{"_acf_changed":false,"_uag_custom_page_level_css":"","footnotes":""},"class_list":["post-423","page","type-page","status-publish","has-post-thumbnail","hentry"],"acf":[],"uagb_featured_image_src":{"full":["https:\/\/mairie-montataire.fr\/app\/uploads\/2024\/08\/2.5.2_2024-02-11-piscine-vide-4-scaled.jpg",2560,1707,false],"thumbnail":["https:\/\/mairie-montataire.fr\/app\/uploads\/2024\/08\/2.5.2_2024-02-11-piscine-vide-4-150x150.jpg",150,150,true],"medium":["https:\/\/mairie-montataire.fr\/app\/uploads\/2024\/08\/2.5.2_2024-02-11-piscine-vide-4-300x200.jpg",300,200,true],"medium_large":["https:\/\/mairie-montataire.fr\/app\/uploads\/2024\/08\/2.5.2_2024-02-11-piscine-vide-4-768x512.jpg",768,512,true],"large":["https:\/\/mairie-montataire.fr\/app\/uploads\/2024\/08\/2.5.2_2024-02-11-piscine-vide-4-1024x683.jpg",1024,683,true],"1536x1536":["https:\/\/mairie-montataire.fr\/app\/uploads\/2024\/08\/2.5.2_2024-02-11-piscine-vide-4-1536x1024.jpg",1536,1024,true],"2048x2048":["https:\/\/mairie-montataire.fr\/app\/uploads\/2024\/08\/2.5.2_2024-02-11-piscine-vide-4-2048x1365.jpg",2048,1365,true],"trp-custom-language-flag":["https:\/\/mairie-montataire.fr\/app\/uploads\/2024\/08\/2.5.2_2024-02-11-piscine-vide-4-18x12.jpg",18,12,true],"gform-image-choice-sm":["https:\/\/mairie-montataire.fr\/app\/uploads\/2024\/08\/2.5.2_2024-02-11-piscine-vide-4-scaled.jpg",300,200,false],"gform-image-choice-md":["https:\/\/mairie-montataire.fr\/app\/uploads\/2024\/08\/2.5.2_2024-02-11-piscine-vide-4-scaled.jpg",400,267,false],"gform-image-choice-lg":["https:\/\/mairie-montataire.fr\/app\/uploads\/2024\/08\/2.5.2_2024-02-11-piscine-vide-4-scaled.jpg",600,400,false]},"uagb_author_info":{"display_name":"mentalworks","author_link":"https:\/\/mairie-montataire.fr\/ar\/actualites\/author\/mentalworks\/"},"uagb_comment_info":0,"uagb_excerpt":"La piscine intercommunale de Montataire se compose d\u2019un bassin de 25 x 15 m\u00e8tres, d\u2019un petit bassin avec un toboggan et d\u2019une pataugeoire. Plusieurs activit\u00e9s aquatiques y&nbsp;sont dispens\u00e9es&nbsp;telles que des cours de natation, des s\u00e9ances d&rsquo;aquagym&#8230; Horaires P\u00e9riode scolaire Nageurs adultes Du lundi au vendredi de 12h \u00e0 13h30Sauf le mardi de 11h15 \u00e0 13h30&hellip;","_links":{"self":[{"href":"https:\/\/mairie-montataire.fr\/ar\/wp-json\/wp\/v2\/pages\/423","targetHints":{"allow":["GET"]}}],"collection":[{"href":"https:\/\/mairie-montataire.fr\/ar\/wp-json\/wp\/v2\/pages"}],"about":[{"href":"https:\/\/mairie-montataire.fr\/ar\/wp-json\/wp\/v2\/types\/page"}],"author":[{"embeddable":true,"href":"https:\/\/mairie-montataire.fr\/ar\/wp-json\/wp\/v2\/users\/1"}],"replies":[{"embeddable":true,"href":"https:\/\/mairie-montataire.fr\/ar\/wp-json\/wp\/v2\/comments?post=423"}],"version-history":[{"count":16,"href":"https:\/\/mairie-montataire.fr\/ar\/wp-json\/wp\/v2\/pages\/423\/revisions"}],"predecessor-version":[{"id":3466,"href":"https:\/\/mairie-montataire.fr\/ar\/wp-json\/wp\/v2\/pages\/423\/revisions\/3466"}],"up":[{"embeddable":true,"href":"https:\/\/mairie-montataire.fr\/ar\/wp-json\/wp\/v2\/pages\/56"}],"wp:featuredmedia":[{"embeddable":true,"href":"https:\/\/mairie-montataire.fr\/ar\/wp-json\/wp\/v2\/media\/3468"}],"wp:attachment":[{"href":"https:\/\/mairie-montataire.fr\/ar\/wp-json\/wp\/v2\/media?parent=423"}],"curies":[{"name":"\u062f\u0628\u0644\u064a\u0648 \u0628\u064a","href":"https:\/\/api.w.org\/{rel}","templated":true}]}}