{"id":266,"date":"2024-05-13T14:48:50","date_gmt":"2024-05-13T14:48:50","guid":{"rendered":"https:\/\/montataire.local\/?page_id=266"},"modified":"2024-09-05T11:57:58","modified_gmt":"2024-09-05T11:57:58","slug":"%d8%b3%d9%8a%d8%a7%d8%b3%d8%a9-%d8%a7%d9%84%d8%ae%d8%b5%d9%88%d8%b5%d9%8a%d8%a9","status":"publish","type":"page","link":"https:\/\/mairie-montataire.fr\/ar\/politique-de-confidentialite\/","title":{"rendered":"\u0633\u064a\u0627\u0633\u0629 \u0627\u0644\u062e\u0635\u0648\u0635\u064a\u0629"},"content":{"rendered":"<h2 class=\"wp-block-heading\"><strong>\u0645\u0646 \u0627\u0644\u0645\u0633\u0624\u0648\u0644 \u0639\u0646 \u0645\u0639\u0627\u0644\u062c\u0629 \u0628\u064a\u0627\u0646\u0627\u062a\u064a \u0627\u0644\u0634\u062e\u0635\u064a\u0629 \u0647\u0646\u0627\u061f<\/strong><\/h2>\n\n\n\n<p>\u0628\u0644\u062f\u064a\u0629 \u0645\u0648\u0646\u062a\u0627\u062a\u064a\u0631 \u0647\u064a \u0627\u0644\u062c\u0647\u0629 \u0627\u0644\u0646\u0627\u0634\u0631\u0629 \u0644\u0644\u0645\u0648\u0642\u0639.<\/p>\n\n\n\n<p>\u0628\u0627\u0644\u0631\u062c\u0648\u0639 \u0625\u0644\u0649 <a href=\"https:\/\/mairie-montataire.fr\/ar\/%d8%a7%d9%84%d9%85%d8%b9%d9%84%d9%88%d9%85%d8%a7%d8%aa-%d8%a7%d9%84%d9%82%d8%a7%d9%86%d9%88%d9%86%d9%8a%d8%a9\/\">\u0627\u0644\u0625\u0634\u0639\u0627\u0631\u0627\u062a \u0627\u0644\u0642\u0627\u0646\u0648\u0646\u064a\u0629 <\/a>\u0644\u062c\u0645\u064a\u0639 \u062a\u0641\u0627\u0635\u064a\u0644 \u0627\u0644\u0627\u062a\u0635\u0627\u0644 \u0628\u0646\u0627<\/p>\n\n\n\n<h2 class=\"wp-block-heading\"><strong>\u0645\u0627 \u0647\u064a \u0639\u0645\u0644\u064a\u0627\u062a \u0627\u0644\u0645\u0639\u0627\u0644\u062c\u0629 \u0627\u0644\u062a\u064a \u0646\u0642\u0648\u0645 \u0628\u0647\u0627\u061f<\/strong><\/h2>\n\n\n\n<p>\u064a\u0645\u0643\u0646 \u0627\u0644\u0648\u0635\u0648\u0644 \u0625\u0644\u0649 \u0627\u0644\u0645\u0648\u0642\u0639 \u0627\u0644\u0625\u0644\u0643\u062a\u0631\u0648\u0646\u064a \u0644\u0628\u0644\u062f\u064a\u0629 \u0645\u0648\u0646\u062a\u0627\u062a\u064a\u0631 \u0639\u0644\u0649 \u0627\u0644\u0639\u0646\u0648\u0627\u0646 \u0627\u0644\u062a\u0627\u0644\u064a <a href=\"https:\/\/mairie-montataire.fr\/ar\/\">https:\/\/mairie-montataire.fr\/<\/a> (\u0627\u0644\u0645\u0634\u0627\u0631 \u0625\u0644\u064a\u0647 \u0641\u064a\u0645\u0627 \u064a\u0644\u064a \u0628\u0627\u0633\u0645 \"\u0627\u0644\u0645\u0648\u0642\u0639\") \u0627\u0644\u0630\u064a \u064a\u0642\u062f\u0645 \u0627\u0644\u0634\u0631\u0643\u0629 \u0648\u064a\u0645\u0643\u0651\u0646\u0643 \u0645\u0646 \u0627\u0644\u0627\u062a\u0635\u0627\u0644 \u0628\u0646\u0627 \u0648\u0637\u0644\u0628 \u0639\u0631\u0648\u0636 \u0627\u0644\u0623\u0633\u0639\u0627\u0631.<\/p>\n\n\n\n<h2 class=\"wp-block-heading\"><strong>\u0645\u0627 \u0647\u064a \u0627\u0644\u0628\u064a\u0627\u0646\u0627\u062a \u0627\u0644\u0634\u062e\u0635\u064a\u0629 \u0627\u0644\u062a\u064a \u0646\u062c\u0645\u0639\u0647\u0627 \u0639\u0646\u0643 \u0648\u0644\u0645\u0627\u0630\u0627\u061f<\/strong><\/h2>\n\n\n\n<p>\u062a\u0639\u062a\u0645\u062f \u0627\u0644\u0628\u064a\u0627\u0646\u0627\u062a \u0627\u0644\u0634\u062e\u0635\u064a\u0629 \u0627\u0644\u062a\u064a \u064a\u062a\u0645 \u062c\u0645\u0639\u0647\u0627 \u0639\u0646\u0643 \u0639\u0644\u0649 \u0645\u0648\u0627\u0641\u0642\u062a\u0643. \u064a\u0645\u0643\u0646\u0643 \u0633\u062d\u0628 \u0645\u0648\u0627\u0641\u0642\u062a\u0643 \u0628\u0645\u0648\u062c\u0628 \u0634\u0631\u0648\u0637 \u0633\u064a\u0627\u0633\u0629 \u0627\u0644\u062e\u0635\u0648\u0635\u064a\u0629 \u0647\u0630\u0647\u060c \u0648\u0627\u0644\u062a\u064a \u062a\u0642\u0628\u0644\u0647\u0627 \u0639\u0646\u062f \u0625\u062f\u062e\u0627\u0644 \u0628\u064a\u0627\u0646\u0627\u062a\u0643.<\/p>\n\n\n\n<p>\u0646\u062d\u0646 \u0646\u062c\u0645\u0639 \u0641\u0642\u0637 \u0627\u0644\u0628\u064a\u0627\u0646\u0627\u062a \u0627\u0644\u0645\u0637\u0644\u0648\u0628\u0629 \u0644\u0645\u0639\u0627\u0644\u062c\u0629 \u0637\u0644\u0628\u0627\u062a\u0643 \u0644\u0644\u062d\u0635\u0648\u0644 \u0639\u0644\u0649 \u0627\u0644\u0645\u0639\u0644\u0648\u0645\u0627\u062a \u0648\u0639\u0631\u0648\u0636 \u0627\u0644\u0623\u0633\u0639\u0627\u0631. \u0648\u0628\u0627\u0644\u062a\u0627\u0644\u064a \u0641\u0625\u0646 \u0647\u0630\u0627 \u0627\u0644\u062c\u0645\u0639 \u0630\u0648 \u0637\u0628\u064a\u0639\u0629 \u062a\u0639\u0627\u0642\u062f\u064a\u0629. \u0644\u0644\u0642\u064a\u0627\u0645 \u0628\u0630\u0644\u0643\u060c \u0646\u062d\u062a\u0627\u062c \u0628\u0634\u0643\u0644 \u0639\u0627\u0645 \u0625\u0644\u0649 \u0644\u0642\u0628\u0643 \u0648\u0627\u0633\u0645\u0643 \u0627\u0644\u0623\u0648\u0644 \u0648\u0639\u0646\u0648\u0627\u0646\u0643 \u0648\u0631\u0642\u0645 \u0647\u0627\u062a\u0641\u0643 \u0648\u0639\u0646\u0648\u0627\u0646 \u0628\u0631\u064a\u062f\u0643 \u0627\u0644\u0625\u0644\u0643\u062a\u0631\u0648\u0646\u064a \u0648\u0648\u0635\u0641 \u0637\u0644\u0628\u0643.<\/p>\n\n\n\n<p>\u0641\u064a \u0627\u0644\u0646\u0645\u0627\u0630\u062c\u060c \u064a\u062a\u0645 \u0648\u0636\u0639 \u0639\u0644\u0627\u0645\u0629 \u0627\u0644\u0646\u062c\u0645\u0629 \u0639\u0644\u0649 \u0627\u0644\u0645\u0639\u0644\u0648\u0645\u0627\u062a \u0627\u0644\u0645\u0637\u0644\u0648\u0628\u0629 \u0644\u0645\u0639\u0627\u0644\u062c\u0629 \u0637\u0644\u0628 \u0627\u0644\u062a\u0633\u062c\u064a\u0644 \u0627\u0644\u062e\u0627\u0635 \u0628\u0643.<\/p>\n\n\n\n<p>\u064a\u0633\u062a\u062e\u062f\u0645 \u0627\u0644\u0645\u0648\u0642\u0639 \u0645\u0644\u0641\u0627\u062a \u062a\u0639\u0631\u064a\u0641 \u0627\u0644\u0627\u0631\u062a\u0628\u0627\u0637 \u0648\u0644\u0627 \u0646\u062a\u062e\u0630 \u0623\u064a \u0642\u0631\u0627\u0631\u0627\u062a \u0622\u0644\u064a\u0629.<\/p>\n\n\n\n<p>\u0645\u0644\u0641 \u062a\u0639\u0631\u064a\u0641 \u0627\u0644\u0627\u0631\u062a\u0628\u0627\u0637 \u0647\u0648 \u0645\u0644\u0641 \u0635\u063a\u064a\u0631 \u064a\u062a\u0645 \u062a\u062e\u0632\u064a\u0646\u0647 \u0641\u064a \u0645\u062a\u0635\u0641\u062d\u0643 \u0644\u0641\u062a\u0631\u0629 \u0645\u0639\u064a\u0646\u0629 \u0645\u0646 \u0642\u0628\u0644 \u0645\u0648\u0642\u0639 \u0625\u0644\u0643\u062a\u0631\u0648\u0646\u064a\u060c \u0648\u064a\u064f\u0633\u062a\u062e\u062f\u0645 \u0644\u0625\u0639\u0627\u062f\u0629 \u0627\u0644\u0645\u0639\u0644\u0648\u0645\u0627\u062a \u0639\u0646\u062f \u0627\u062a\u0635\u0627\u0644\u0643 \u0628\u0627\u0644\u0645\u0648\u0642\u0639 \u0627\u0644\u0645\u0630\u0643\u0648\u0631. \u0639\u0646\u062f \u0627\u062a\u0635\u0627\u0644\u0643 \u0628\u0627\u0644\u0645\u0648\u0642\u0639\u060c \u0633\u062a\u064f\u0641\u062a\u062d \u0646\u0627\u0641\u0630\u0629 \u062a\u0633\u0623\u0644\u0643 \u0639\u0645\u0627 \u0625\u0630\u0627 \u0643\u0646\u062a \u062a\u0642\u0628\u0644 \u0645\u0644\u0641\u0627\u062a \u062a\u0639\u0631\u064a\u0641 \u0627\u0644\u0627\u0631\u062a\u0628\u0627\u0637 \u0627\u0644\u0645\u0633\u062a\u062e\u062f\u0645\u0629 \u0644\u0642\u064a\u0627\u0633 \u062c\u0645\u0647\u0648\u0631 \u0645\u0648\u0642\u0639\u0646\u0627 (Google Analytics). \u064a\u0645\u0643\u0646\u0643 \u0642\u0628\u0648\u0644\u0647\u0627 \u0623\u0648 \u0631\u0641\u0636\u0647\u0627 \u062f\u0648\u0646 \u0623\u064a \u0639\u0648\u0627\u0642\u0628 \u0639\u0644\u0649 \u062a\u0635\u0641\u062d\u0643 \u0644\u0644\u0645\u0648\u0642\u0639. \u064a\u062a\u0645 \u062a\u0633\u062c\u064a\u0644 \u0642\u0631\u0627\u0631\u0643 \u0641\u064a \u0645\u0644\u0641 \u062a\u0639\u0631\u064a\u0641 \u0627\u0631\u062a\u0628\u0627\u0637 (\u0641\u064a \u0648\u062d\u062f\u0629 \u0648\u0648\u0631\u062f\u0628\u0631\u064a\u0633) \u0628\u062d\u064a\u062b \u064a\u0645\u0643\u0646\u0643 \u062a\u063a\u064a\u064a\u0631 \u0631\u0623\u064a\u0643 \u0641\u064a \u0623\u064a \u0648\u0642\u062a. \u064a\u062a\u0645 \u0627\u0644\u0627\u062d\u062a\u0641\u0627\u0638 \u0628\u0645\u0644\u0641\u0627\u062a \u062a\u0639\u0631\u064a\u0641 \u0627\u0644\u0627\u0631\u062a\u0628\u0627\u0637 \u0644\u0645\u062f\u0629 \u0639\u0627\u0645 \u0648\u0627\u062d\u062f \u0643\u062d\u062f \u0623\u0642\u0635\u0649.<\/p>\n\n\n\n<p>\u0646\u062d\u0646 \u0646\u0639\u0627\u0644\u062c \u0628\u064a\u0627\u0646\u0627\u062a\u0643 \u0627\u0644\u0634\u062e\u0635\u064a\u0629 \u0628\u0634\u0643\u0644 \u0642\u0627\u0646\u0648\u0646\u064a \u0648\u0639\u0627\u062f\u0644 \u0648\u0634\u0641\u0627\u0641. \u0646\u062a\u0648\u0642\u0639 \u0645\u0646\u0643 \u0623\u0646 \u062a\u0641\u0639\u0644 \u0627\u0644\u0634\u064a\u0621 \u0646\u0641\u0633\u0647 \u0645\u0646 \u062e\u0644\u0627\u0644 \u062a\u0632\u0648\u064a\u062f\u0646\u0627 \u0628\u0645\u0639\u0644\u0648\u0645\u0627\u062a \u062f\u0642\u064a\u0642\u0629 \u0648\u0635\u0627\u062f\u0642\u0629 \u0648\u0645\u064f\u062d\u062f\u064e\u0651\u062b\u0629.<\/p>\n\n\n\n<h2 class=\"wp-block-heading\"><strong>\u0644\u0645\u0646 \u0646\u062c\u0645\u0639 \u0627\u0644\u0628\u064a\u0627\u0646\u0627\u062a \u0627\u0644\u0634\u062e\u0635\u064a\u0629\u061f<\/strong><\/h2>\n\n\n\n<p>\u062c\u0645\u064a\u0639 \u0627\u0644\u0645\u0639\u0644\u0648\u0645\u0627\u062a \u0627\u0644\u062a\u064a \u0646\u062c\u0645\u0639\u0647\u0627 \u0647\u064a \u0644\u0644\u0627\u0633\u062a\u062e\u062f\u0627\u0645 \u0627\u0644\u0634\u062e\u0635\u064a \u0641\u0642\u0637.<\/p>\n\n\n\n<h2 class=\"wp-block-heading\"><strong>\u0645\u0627 \u0647\u064a \u0645\u062f\u0629 \u0627\u062d\u062a\u0641\u0627\u0638\u0646\u0627 \u0628\u0628\u064a\u0627\u0646\u0627\u062a\u0643 \u0627\u0644\u0634\u062e\u0635\u064a\u0629\u061f<\/strong><\/h2>\n\n\n\n<p>\u0646\u062d\u062a\u0641\u0638 \u0628\u0628\u064a\u0627\u0646\u0627\u062a\u0643 \u0627\u0644\u0634\u062e\u0635\u064a\u0629 \u0644\u0645\u062f\u0629 \u062a\u0635\u0644 \u0625\u0644\u0649 \u0639\u0627\u0645 \u0648\u0627\u062d\u062f.<\/p>\n\n\n\n<h2 class=\"wp-block-heading\"><strong>\u0645\u0627 \u0647\u064a \u0627\u0644\u062d\u0642\u0648\u0642 \u0627\u0644\u062a\u064a \u0623\u0645\u062a\u0644\u0643\u0647\u0627 \u0639\u0644\u0649 \u0628\u064a\u0627\u0646\u0627\u062a\u064a \u0627\u0644\u0634\u062e\u0635\u064a\u0629\u061f<\/strong><\/h2>\n\n\n\n<p>\u0644\u062f\u064a\u0643 \u0627\u0644\u062d\u0642 \u0641\u064a \u0627\u0644\u0648\u0635\u0648\u0644 \u0625\u0644\u0649 \u0627\u0644\u0628\u064a\u0627\u0646\u0627\u062a \u0627\u0644\u0634\u062e\u0635\u064a\u0629 \u0627\u0644\u062a\u064a \u0646\u062c\u0645\u0639\u0647\u0627 \u0645\u0646\u0643 \u0648\u062a\u0635\u062d\u064a\u062d\u0647\u0627 \u0648\u0625\u0645\u0643\u0627\u0646\u064a\u0629 \u0646\u0642\u0644\u0647\u0627.<\/p>\n\n\n\n<p>\u0644\u062f\u064a\u0643 \u0623\u064a\u0636\u064b\u0627 \u0627\u0644\u062d\u0642 \u0641\u064a \u0645\u062d\u0648 \u0628\u064a\u0627\u0646\u0627\u062a\u0643 \u0648\u0627\u0644\u0627\u0639\u062a\u0631\u0627\u0636 \u0639\u0644\u064a\u0647\u0627 \u0648\u062a\u0642\u064a\u064a\u062f \u0645\u0639\u0627\u0644\u062c\u0629 \u0628\u064a\u0627\u0646\u0627\u062a\u0643 \u0644\u0633\u0628\u0628 \u0645\u0634\u0631\u0648\u0639.<\/p>\n\n\n\n<p>\u0644\u062f\u064a\u0643 \u0623\u064a\u0636\u064b\u0627 \u0627\u0644\u062d\u0642 \u0641\u064a \u0627\u0644\u062a\u0639\u0628\u064a\u0631 \u0639\u0646 \u062a\u0639\u0644\u064a\u0645\u0627\u062a \u0628\u0634\u0623\u0646 \u0645\u0627 \u064a\u062c\u0628 \u0641\u0639\u0644\u0647 \u0628\u0627\u0644\u0628\u064a\u0627\u0646\u0627\u062a \u0627\u0644\u0634\u062e\u0635\u064a\u0629 \u0627\u0644\u062a\u064a \u0646\u062d\u062a\u0641\u0638 \u0628\u0647\u0627 \u0628\u0639\u062f \u0648\u0641\u0627\u062a\u0643\u060c \u0641\u064a\u0645\u0627 \u064a\u062a\u0639\u0644\u0642 \u0628\u0627\u0644\u0627\u062d\u062a\u0641\u0627\u0638 \u0628\u0647\u0627 \u0648\u062d\u0630\u0641\u0647\u0627 \u0648\u0625\u0628\u0644\u0627\u063a\u0647\u0627. \u064a\u0645\u0643\u0646\u0643 \u0627\u0644\u062a\u0639\u0628\u064a\u0631 \u0639\u0646 \u0647\u0630\u0647 \u0627\u0644\u062a\u0639\u0644\u064a\u0645\u0627\u062a \u0644\u0646\u0627 \u0623\u0648 \u0644\u0637\u0631\u0641 \u062b\u0627\u0644\u062b \u0631\u0642\u0645\u064a \u0645\u0648\u062b\u0648\u0642 \u0628\u0647 \u0648\u0645\u0639\u062a\u0645\u062f \u0645\u0646 CNIL.<\/p>\n\n\n\n<h2 class=\"wp-block-heading\"><strong>\u0628\u0645\u0646 \u0623\u062a\u0648\u0627\u0635\u0644 \u0628\u0634\u0623\u0646 \u0628\u064a\u0627\u0646\u0627\u062a\u064a \u0627\u0644\u0634\u062e\u0635\u064a\u0629\u061f<\/strong><\/h2>\n\n\n\n<p>\u0625\u0630\u0627 \u0643\u0646\u062a \u062a\u0631\u063a\u0628 \u0641\u064a \u0645\u0645\u0627\u0631\u0633\u0629 \u062d\u0642\u0648\u0642\u0643 \u0623\u0648 \u062a\u0642\u062f\u064a\u0645 \u0634\u0643\u0648\u0649 \u0628\u0634\u0623\u0646 \u0628\u064a\u0627\u0646\u0627\u062a\u0643 \u0627\u0644\u0634\u062e\u0635\u064a\u0629 \u0627\u0644\u062a\u064a \u064a\u0639\u0627\u0644\u062c\u0647\u0627 \u0627\u0644\u0645\u0648\u0642\u0639\u060c \u064a\u0645\u0643\u0646\u0643 \u0627\u0644\u0627\u062a\u0635\u0627\u0644 \u0628\u0646\u0627 \u0645\u0628\u0627\u0634\u0631\u0629\u064b \u0639\u0646 \u0637\u0631\u064a\u0642 \u0627\u0644\u0631\u062c\u0648\u0639 \u0625\u0644\u0649 <a href=\"https:\/\/mairie-montataire.fr\/ar\/%d8%a7%d9%84%d9%85%d8%b9%d9%84%d9%88%d9%85%d8%a7%d8%aa-%d8%a7%d9%84%d9%82%d8%a7%d9%86%d9%88%d9%86%d9%8a%d8%a9\/\">\u0627\u0644\u0625\u0634\u0639\u0627\u0631\u0627\u062a \u0627\u0644\u0642\u0627\u0646\u0648\u0646\u064a\u0629<\/a> \u0645\u0639 \u062c\u0645\u064a\u0639 \u062a\u0641\u0627\u0635\u064a\u0644 \u0627\u0644\u0627\u062a\u0635\u0627\u0644 \u0628\u0646\u0627<\/p>\n\n\n\n<p>\u062a\u0641\u0627\u0635\u064a\u0644 \u0627\u0644\u0627\u062a\u0635\u0627\u0644 \u0628\u0645\u0633\u0624\u0648\u0644 \u062d\u0645\u0627\u064a\u0629 \u0627\u0644\u0628\u064a\u0627\u0646\u0627\u062a \u0644\u062f\u064a\u0646\u0627 \u0647\u064a \u0643\u0645\u0627 \u064a\u0644\u064a: <\/p>\n\n\n\n<p>\u0641\u064a \u062c\u0645\u064a\u0639 \u0627\u0644\u062d\u0627\u0644\u0627\u062a\u060c \u064a\u062d\u0642 \u0644\u0643 \u062a\u0642\u062f\u064a\u0645 \u0634\u0643\u0648\u0649 \u0625\u0644\u0649 CNIL.<\/p>","protected":false},"excerpt":{"rendered":"<p>Qui est le responsable du traitement de mes donn\u00e9es personnelles ici ? La Mairie de Montataire est l\u2019\u00e9diteur du Site. En consultant nos mentions l\u00e9gales vous retrouverez l\u2019ensemble de nos coordonn\u00e9es. Quels sont les traitements que nous mettons en \u0153uvre ? La Mairie de Montataire est un site Internet accessible depuis l\u2019adresse https:\/\/mairie-montataire.fr\/ (ci-apr\u00e8s d\u00e9nomm\u00e9 [&hellip;]<\/p>\n","protected":false},"author":1,"featured_media":0,"parent":0,"menu_order":5,"comment_status":"closed","ping_status":"closed","template":"","meta":{"_acf_changed":false,"_uag_custom_page_level_css":"","footnotes":""},"class_list":["post-266","page","type-page","status-publish","hentry"],"acf":[],"uagb_featured_image_src":{"full":false,"thumbnail":false,"medium":false,"medium_large":false,"large":false,"1536x1536":false,"2048x2048":false,"trp-custom-language-flag":false,"gform-image-choice-sm":false,"gform-image-choice-md":false,"gform-image-choice-lg":false},"uagb_author_info":{"display_name":"mentalworks","author_link":"https:\/\/mairie-montataire.fr\/ar\/actualites\/author\/mentalworks\/"},"uagb_comment_info":0,"uagb_excerpt":"Qui est le responsable du traitement de mes donn\u00e9es personnelles ici ? La Mairie de Montataire est l\u2019\u00e9diteur du Site. En consultant nos mentions l\u00e9gales vous retrouverez l\u2019ensemble de nos coordonn\u00e9es. Quels sont les traitements que nous mettons en \u0153uvre ? La Mairie de Montataire est un site Internet accessible depuis l\u2019adresse https:\/\/mairie-montataire.fr\/ (ci-apr\u00e8s d\u00e9nomm\u00e9&hellip;","_links":{"self":[{"href":"https:\/\/mairie-montataire.fr\/ar\/wp-json\/wp\/v2\/pages\/266","targetHints":{"allow":["GET"]}}],"collection":[{"href":"https:\/\/mairie-montataire.fr\/ar\/wp-json\/wp\/v2\/pages"}],"about":[{"href":"https:\/\/mairie-montataire.fr\/ar\/wp-json\/wp\/v2\/types\/page"}],"author":[{"embeddable":true,"href":"https:\/\/mairie-montataire.fr\/ar\/wp-json\/wp\/v2\/users\/1"}],"replies":[{"embeddable":true,"href":"https:\/\/mairie-montataire.fr\/ar\/wp-json\/wp\/v2\/comments?post=266"}],"version-history":[{"count":3,"href":"https:\/\/mairie-montataire.fr\/ar\/wp-json\/wp\/v2\/pages\/266\/revisions"}],"predecessor-version":[{"id":4428,"href":"https:\/\/mairie-montataire.fr\/ar\/wp-json\/wp\/v2\/pages\/266\/revisions\/4428"}],"wp:attachment":[{"href":"https:\/\/mairie-montataire.fr\/ar\/wp-json\/wp\/v2\/media?parent=266"}],"curies":[{"name":"\u062f\u0628\u0644\u064a\u0648 \u0628\u064a","href":"https:\/\/api.w.org\/{rel}","templated":true}]}}