{"id":162,"date":"2024-05-03T09:31:50","date_gmt":"2024-05-03T09:31:50","guid":{"rendered":"https:\/\/montataire.local\/?page_id=162"},"modified":"2024-08-22T13:22:06","modified_gmt":"2024-08-22T13:22:06","slug":"rccem","status":"publish","type":"page","link":"https:\/\/mairie-montataire.fr\/ar\/habiter\/cadre-de-vie\/rccem\/","title":{"rendered":"RCCEM"},"content":{"rendered":"<p><strong>\u0641\u064a 23 \u0645\u0627\u064a\u0648 1921\u060c \u0623\u064f\u0646\u0634\u0626 \u0627\u0644\u0645\u0631\u0643\u0632 \u0627\u0644\u0625\u0642\u0644\u064a\u0645\u064a \u0644\u062a\u0648\u0632\u064a\u0639 \u0627\u0644\u0643\u0647\u0631\u0628\u0627\u0621 \u0628\u0645\u0628\u0627\u062f\u0631\u0629 \u0645\u0646 \u0645\u062c\u0644\u0633 \u0627\u0644\u0645\u062f\u064a\u0646\u0629 \u0628\u0647\u062f\u0641 \u062a\u0632\u0648\u064a\u062f \u0627\u0644\u0645\u062f\u064a\u0646\u0629 \u0628\u0627\u0644\u0643\u0647\u0631\u0628\u0627\u0621.<\/strong> <strong>\u0648\u0645\u0646\u0630 \u0630\u0644\u0643 \u0627\u0644\u062d\u064a\u0646 \u0648\u0647\u064a \u062a\u0642\u062f\u0645 \u062e\u062f\u0645\u0627\u062a \u0645\u062d\u0644\u064a\u0629 \u0627\u0642\u062a\u0635\u0627\u062f\u064a\u0629 \u0648\u0639\u0627\u0644\u064a\u0629 \u0627\u0644\u062c\u0648\u062f\u0629 \u0644\u0633\u0643\u0627\u0646 \u0627\u0644\u0645\u062f\u064a\u0646\u0629. \u0648\u062a\u0636\u0637\u0644\u0639 \u0628\u0627\u0644\u0646\u064a\u0627\u0628\u0629 \u0639\u0646 \u0627\u0644\u0628\u0644\u062f\u064a\u0629 \u0628\u0645\u0647\u0645\u0629 \u0627\u0644\u062e\u062f\u0645\u0629 \u0627\u0644\u0639\u0627\u0645\u0629 \u0627\u0644\u0623\u0633\u0627\u0633\u064a\u0629:<\/strong><\/p>\n\n\n\n<ul style=\"padding-right:var(--wp--preset--spacing--70);padding-left:var(--wp--preset--spacing--70)\" class=\"wp-block-list\">\n<li><strong>\u062a\u0648\u0631\u064a\u062f \u0627\u0644\u0643\u0647\u0631\u0628\u0627\u0621 \u0628\u062a\u0639\u0631\u064a\u0641\u0629 \u0628\u064a\u0639 \u0645\u0646\u0638\u0645\u0629 \u0644\u0645\u0648\u0646\u062a\u0627\u062a\u064a\u0631\u064a\u0646-\u0646-\u0633,<\/strong><\/li>\n\n\n\n<li><strong>\u0628\u0646\u0627\u0621 \u0634\u0628\u0643\u0629 \u062a\u0648\u0632\u064a\u0639 \u0627\u0644\u0643\u0647\u0631\u0628\u0627\u0621 \u0648\u062a\u0634\u063a\u064a\u0644\u0647\u0627 \u0648\u0635\u064a\u0627\u0646\u062a\u0647\u0627,<\/strong><\/li>\n\n\n\n<li><strong>\u0628\u0646\u0627\u0621 \u0634\u0628\u0643\u0627\u062a \u0627\u0644\u0625\u0646\u0627\u0631\u0629 \u0627\u0644\u0639\u0627\u0645\u0629 \u0648\u0635\u064a\u0627\u0646\u062a\u0647\u0627,<\/strong><\/li>\n\n\n\n<li><strong>\u0627\u0642\u062a\u0631\u0627\u062d \u0627\u0644\u062e\u062f\u0645\u0627\u062a \u0648\u062a\u0646\u0641\u064a\u0630\u0647\u0627 \u0643\u062c\u0632\u0621 \u0645\u0646 \u0627\u0644\u062a\u062d\u0648\u0644 \u0641\u064a \u0645\u062c\u0627\u0644 \u0627\u0644\u0637\u0627\u0642\u0629.<\/strong><\/li>\n<\/ul>\n\n\n\n<h2 class=\"wp-block-heading\">\u0645\u0627\u0630\u0627 \u0639\u0646 \u0627\u0644\u0623\u0633\u0639\u0627\u0631\u061f<\/h2>\n\n\n\n<p>\u062a\u062a\u0637\u0627\u0628\u0642 \u062a\u0639\u0631\u064a\u0641\u0629 \u0628\u064a\u0639 \u0627\u0644\u0643\u0647\u0631\u0628\u0627\u0621 \u0627\u0644\u0645\u0646\u0638\u0645\u0629 \u0627\u0644\u062a\u064a \u062a\u0637\u0628\u0642\u0647\u0627 \u0634\u0631\u0643\u0629 RCCEM \u0645\u0639 \u062a\u0644\u0643 \u0627\u0644\u0645\u0637\u0628\u0642\u0629 \u0641\u064a \u062c\u0645\u064a\u0639 \u0623\u0646\u062d\u0627\u0621 \u0641\u0631\u0646\u0633\u0627\u060c \u062d\u064a\u062b \u064a\u062a\u0645 \u062a\u062d\u062f\u064a\u062f \u0633\u0639\u0631 \u0627\u0644\u0643\u0647\u0631\u0628\u0627\u0621 \u0628\u0645\u0648\u062c\u0628 \u0627\u0644\u0642\u0627\u0646\u0648\u0646.&nbsp;<\/p>\n\n\n\n<p>\u0648\u0645\u0639 \u0630\u0644\u0643\u060c \u0641\u0625\u0646 \u0628\u0639\u0636 \u0627\u0644\u0623\u0633\u0639\u0627\u0631 \u0627\u0644\u062a\u064a \u062a\u062a\u0642\u0627\u0636\u0627\u0647\u0627 \u0634\u0631\u0643\u0629 R\u00e9gie \u0623\u0642\u0644. \u0648\u064a\u0631\u062c\u0639 \u0630\u0644\u0643 \u0625\u0644\u0649 \u0627\u0644\u0639\u0644\u0627\u0642\u0629 \u0627\u0644\u0648\u062b\u064a\u0642\u0629 \u0627\u0644\u062a\u064a \u062a\u0631\u0628\u0637\u0647\u0645 \u0628\u0639\u0645\u0644\u0627\u0626\u0647\u0645.<\/p>\n\n\n\n<ul style=\"padding-right:var(--wp--preset--spacing--70);padding-left:var(--wp--preset--spacing--70)\" class=\"wp-block-list\">\n<li style=\"font-style:normal;font-weight:400\">\u064a\u062a\u0645 \u0641\u0631\u0636 \u0631\u0633\u0648\u0645 \u0639\u0644\u0649 \u0627\u0644\u062e\u062f\u0645\u0627\u062a \u0627\u0644\u0623\u0633\u0627\u0633\u064a\u0629 \u0641\u0642\u0637.<\/li>\n\n\n\n<li style=\"font-style:normal;font-weight:400\">\u064a\u062a\u0645 \u062a\u062d\u062f\u064a\u062f \u0627\u0644\u0645\u062a\u0637\u0644\u0628\u0627\u062a \u0645\u0639 \u0627\u0644\u0639\u0645\u064a\u0644. \u0627\u0644\u0633\u0641\u0631 \u0625\u0644\u0649 \u0627\u0644\u0645\u0648\u0642\u0639 \u0645\u062c\u0627\u0646\u0627\u064b\u060c \u062d\u062a\u0649 \u0646\u062a\u0645\u0643\u0646 \u0645\u0646 \u0625\u0635\u062f\u0627\u0631 \u0641\u0627\u062a\u0648\u0631\u0629 \u0628\u0623\u0643\u0628\u0631 \u0642\u062f\u0631 \u0645\u0645\u0643\u0646 \u0645\u0646 \u0627\u0644\u062f\u0642\u0629.<\/li>\n<\/ul>\n\n\n\n<div style=\"height:20px\" aria-hidden=\"true\" class=\"wp-block-spacer\"><\/div>\n\n\n\n<p>\u0648\u062a\u062c\u062f\u0631 \u0627\u0644\u0625\u0634\u0627\u0631\u0629 \u0625\u0644\u0649 \u0623\u0646 \u0627\u0644\u0628\u0644\u062f\u064a\u0629 \u0646\u0627\u0636\u0644\u062a \u0645\u0646\u0630 \u0641\u062a\u0631\u0629 \u0637\u0648\u064a\u0644\u0629 \u0645\u0646 \u0623\u062c\u0644 \u0639\u062f\u0645 \u062a\u0637\u0628\u064a\u0642 \u0627\u0644\u0636\u0631\u064a\u0628\u0629 \u0627\u0644\u0628\u0644\u062f\u064a\u0629 \u0639\u0644\u0649 \u0627\u0644\u0643\u0647\u0631\u0628\u0627\u0621 \u0645\u0646 \u0623\u062c\u0644 \u062a\u062e\u0641\u064a\u0636 \u0641\u0648\u0627\u062a\u064a\u0631 \u0645\u0648\u0646\u062a\u0627\u062a\u064a\u0631\u064a\u0646-\u0646-\u0633. <br>\u0648\u0644\u0643\u0646 \u0645\u0646\u0630 \u0642\u0627\u0646\u0648\u0646 \u0627\u0644\u0645\u0627\u0644\u064a\u0629 \u0644\u0639\u0627\u0645 2020\u060c \u0623\u0635\u0628\u062d\u062a \u0645\u0644\u0632\u0645\u0629 \u0628\u062a\u0637\u0628\u064a\u0642 \u0647\u0630\u0647 \u0627\u0644\u0636\u0631\u064a\u0628\u0629.<\/p>\n\n\n<div class=\"highlight\">\n                <div class=\"highlight__description\"><p><!-- wp:paragraph --><\/p>\n<p style=\"text-align: center;\"><strong>\u0641\u064a \u062d\u0627\u0644\u0629 \u062d\u062f\u0648\u062b \u0639\u0637\u0644 \u0641\u064a \u0625\u0646\u0627\u0631\u0629 \u0627\u0644\u0634\u0648\u0627\u0631\u0639\u060c \u0644\u0627 \u062a\u062a\u0631\u062f\u062f \u0641\u064a \u0627\u0644\u0627\u062a\u0635\u0627\u0644 \u0628\u0627\u0644\u0648\u0643\u0627\u0644\u0629 \u0645\u0628\u0627\u0634\u0631\u0629\u064b\u060c \u0648\u0627\u0644\u062a\u064a \u0633\u062a\u062a\u062e\u0630 \u0627\u0644\u062e\u0637\u0648\u0627\u062a \u0627\u0644\u0644\u0627\u0632\u0645\u0629 \u0644\u062d\u0644 \u0627\u0644\u0645\u0634\u0643\u0644\u0629 \u0628\u0633\u0631\u0639\u0629.<\/strong><\/p>\n<p style=\"text-align: center;\"><!-- \/wp:paragraph --><\/p>\n<\/div>\n    <\/div>\n\n\n<div class=\"wp-block-uagb-image alignleft uagb-block-470ff42c wp-block-uagb-image--layout-default wp-block-uagb-image--effect-static wp-block-uagb-image--align-left\"><figure class=\"wp-block-uagb-image__figure\"><img decoding=\"async\" srcset=\"https:\/\/mairie-montataire.fr\/app\/uploads\/2024\/08\/RCCEM-3-1024x683.jpg ,https:\/\/mairie-montataire.fr\/app\/uploads\/2024\/08\/RCCEM-3-scaled.jpg 780w, https:\/\/mairie-montataire.fr\/app\/uploads\/2024\/08\/RCCEM-3-scaled.jpg 360w\" sizes=\"auto, (max-width: 480px) 150px\" src=\"https:\/\/mairie-montataire.fr\/app\/uploads\/2024\/08\/RCCEM-3-1024x683.jpg\" alt=\"\" class=\"uag-image-2396\" width=\"5760\" height=\"3840\" title=\"RCCEM (3)\" loading=\"lazy\" role=\"img\"\/><\/figure><\/div>","protected":false},"excerpt":{"rendered":"<p>Le 23 mai 1921, la RCCEM a \u00e9t\u00e9 cr\u00e9\u00e9e \u00e0 l&rsquo;initiative du conseil municipal dans le but d&rsquo;\u00e9lectrifier la ville. Depuis, elle offre des services \u00e9conomiques, de qualit\u00e9 et de proximit\u00e9 aux habitant\u00b7e\u00b7s de la ville. Elle assure, pour le compte de la municipalit\u00e9, une mission de service public essentielle : Et par rapport aux [&hellip;]<\/p>\n","protected":false},"author":1,"featured_media":1055,"parent":120,"menu_order":37,"comment_status":"closed","ping_status":"closed","template":"","meta":{"_acf_changed":false,"_uag_custom_page_level_css":"","footnotes":""},"class_list":["post-162","page","type-page","status-publish","has-post-thumbnail","hentry"],"acf":[],"uagb_featured_image_src":{"full":["https:\/\/mairie-montataire.fr\/app\/uploads\/2024\/07\/1.6.4_RCCEM.jpg",490,384,false],"thumbnail":["https:\/\/mairie-montataire.fr\/app\/uploads\/2024\/07\/1.6.4_RCCEM-150x150.jpg",150,150,true],"medium":["https:\/\/mairie-montataire.fr\/app\/uploads\/2024\/07\/1.6.4_RCCEM-300x235.jpg",300,235,true],"medium_large":["https:\/\/mairie-montataire.fr\/app\/uploads\/2024\/07\/1.6.4_RCCEM.jpg",490,384,false],"large":["https:\/\/mairie-montataire.fr\/app\/uploads\/2024\/07\/1.6.4_RCCEM.jpg",490,384,false],"1536x1536":["https:\/\/mairie-montataire.fr\/app\/uploads\/2024\/07\/1.6.4_RCCEM.jpg",490,384,false],"2048x2048":["https:\/\/mairie-montataire.fr\/app\/uploads\/2024\/07\/1.6.4_RCCEM.jpg",490,384,false],"trp-custom-language-flag":["https:\/\/mairie-montataire.fr\/app\/uploads\/2024\/07\/1.6.4_RCCEM.jpg",15,12,false],"gform-image-choice-sm":["https:\/\/mairie-montataire.fr\/app\/uploads\/2024\/07\/1.6.4_RCCEM.jpg",300,235,false],"gform-image-choice-md":["https:\/\/mairie-montataire.fr\/app\/uploads\/2024\/07\/1.6.4_RCCEM.jpg",400,313,false],"gform-image-choice-lg":["https:\/\/mairie-montataire.fr\/app\/uploads\/2024\/07\/1.6.4_RCCEM.jpg",490,384,false]},"uagb_author_info":{"display_name":"mentalworks","author_link":"https:\/\/mairie-montataire.fr\/ar\/actualites\/author\/mentalworks\/"},"uagb_comment_info":0,"uagb_excerpt":"Le 23 mai 1921, la RCCEM a \u00e9t\u00e9 cr\u00e9\u00e9e \u00e0 l&rsquo;initiative du conseil municipal dans le but d&rsquo;\u00e9lectrifier la ville. Depuis, elle offre des services \u00e9conomiques, de qualit\u00e9 et de proximit\u00e9 aux habitant\u00b7e\u00b7s de la ville. Elle assure, pour le compte de la municipalit\u00e9, une mission de service public essentielle : Et par rapport aux&hellip;","_links":{"self":[{"href":"https:\/\/mairie-montataire.fr\/ar\/wp-json\/wp\/v2\/pages\/162","targetHints":{"allow":["GET"]}}],"collection":[{"href":"https:\/\/mairie-montataire.fr\/ar\/wp-json\/wp\/v2\/pages"}],"about":[{"href":"https:\/\/mairie-montataire.fr\/ar\/wp-json\/wp\/v2\/types\/page"}],"author":[{"embeddable":true,"href":"https:\/\/mairie-montataire.fr\/ar\/wp-json\/wp\/v2\/users\/1"}],"replies":[{"embeddable":true,"href":"https:\/\/mairie-montataire.fr\/ar\/wp-json\/wp\/v2\/comments?post=162"}],"version-history":[{"count":15,"href":"https:\/\/mairie-montataire.fr\/ar\/wp-json\/wp\/v2\/pages\/162\/revisions"}],"predecessor-version":[{"id":4008,"href":"https:\/\/mairie-montataire.fr\/ar\/wp-json\/wp\/v2\/pages\/162\/revisions\/4008"}],"up":[{"embeddable":true,"href":"https:\/\/mairie-montataire.fr\/ar\/wp-json\/wp\/v2\/pages\/120"}],"wp:featuredmedia":[{"embeddable":true,"href":"https:\/\/mairie-montataire.fr\/ar\/wp-json\/wp\/v2\/media\/1055"}],"wp:attachment":[{"href":"https:\/\/mairie-montataire.fr\/ar\/wp-json\/wp\/v2\/media?parent=162"}],"curies":[{"name":"\u062f\u0628\u0644\u064a\u0648 \u0628\u064a","href":"https:\/\/api.w.org\/{rel}","templated":true}]}}