{"id":142,"date":"2024-05-03T09:27:34","date_gmt":"2024-05-03T09:27:34","guid":{"rendered":"https:\/\/montataire.local\/?page_id=142"},"modified":"2024-08-23T14:10:59","modified_gmt":"2024-08-23T14:10:59","slug":"%d8%b3%d9%83%d9%86-%d9%85%d8%b3%d8%aa%d9%82%d9%84-%d9%85%d9%88%d8%b1%d9%8a%d8%b3-%d9%85%d9%88%d8%b1%d9%8a%d8%b3%d9%8a-%d9%85%d9%8a%d9%86%d9%8a%d9%88%d9%86","status":"publish","type":"page","link":"https:\/\/mairie-montataire.fr\/ar\/habiter\/retraite-e-s\/residence-autonomie-maurice-mignon\/","title":{"rendered":"\u0633\u0643\u0646 \u0645\u0648\u0631\u064a\u0633 \u0645\u064a\u0646\u064a\u0648\u0646 \u0627\u0644\u0645\u0633\u062a\u0642\u0644"},"content":{"rendered":"<p><strong>\u0627\u0641\u062a\u062a\u062d\u062a \u0627\u0644\u0645\u0624\u0633\u0633\u0629 \u0623\u0628\u0648\u0627\u0628\u0647\u0627 \u0641\u064a \u0639\u0627\u0645 1990 \u062a\u062d\u062a \u0627\u0633\u0645 \"\u0625\u0642\u0627\u0645\u0629 \u0627\u0644\u0623\u0634\u062e\u0627\u0635 \u0627\u0644\u0645\u0633\u0646\u064a\u0646\" (RPA). \u0623\u0635\u0628\u062d\u062a \u062e\u062f\u0645\u0629 \u0628\u0644\u062f\u064a\u0629 \u0641\u064a \u0639\u0627\u0645 2005\u060c \u062b\u0645 \u0623\u0635\u0628\u062d\u062a \u062f\u0627\u0631 \u0625\u0642\u0627\u0645\u0629 \u0645\u0633\u062a\u0642\u0644\u0629 \u0641\u064a \u0639\u0627\u0645 2016. \u0625\u0646\u0647 \u0645\u0643\u0627\u0646 \u0644\u0644\u0627\u0644\u062a\u0642\u0627\u0621 \u0648\u0627\u0644\u0645\u0634\u0627\u0631\u0643\u0629 \u0648\u0627\u0644\u062a\u0628\u0627\u062f\u0644 \u0628\u0641\u0636\u0644 <a href=\"https:\/\/mairie-montataire.fr\/ar\/%d8%a8%d8%ab-%d9%85%d8%a8%d8%a7%d8%b4%d8%b1-%d9%81%d9%8a\/%d8%a7%d9%84%d8%aa%d9%82%d8%a7%d8%b9%d8%af-%d9%87%d9%80-%d9%82\/%d8%a7%d9%84%d9%85%d8%b7%d8%b9%d9%85-%d8%a7%d9%84%d8%a8%d9%84%d8%af%d9%8a\/\" data-type=\"link\" data-id=\"https:\/\/mairie-montataire.fr\/habiter\/retraite-e-s\/restaurant-municipal\/\">\u0645\u0637\u0627\u0639\u0645\u0647\u0627<\/a> (\u0627\u0644\u0625\u062f\u0627\u0631\u064a\u064a\u0646 \u0648\u0627\u0644\u0645\u062a\u0642\u0627\u0639\u062f\u064a\u0646) \u0648\u0641\u0639\u0627\u0644\u064a\u0627\u062a\u0647 \u0645\u0641\u062a\u0648\u062d\u0629 \u0644\u062c\u0645\u064a\u0639 \u0645\u062a\u0642\u0627\u0639\u062f\u064a \u0627\u0644\u0628\u0644\u062f\u0629.<\/strong><\/p>\n\n\n\n<figure class=\"wp-block-image size-large is-resized\"><img loading=\"lazy\" decoding=\"async\" width=\"1024\" height=\"683\" src=\"https:\/\/mairie-montataire.fr\/app\/uploads\/2024\/07\/RPA-13-1024x683.jpg\" alt=\"\u0633\u0643\u0646 \u0645\u0648\u0631\u064a\u0633 \u0645\u064a\u0646\u064a\u0648\u0646 \u0627\u0644\u0645\u0633\u062a\u0642\u0644 \" class=\"wp-image-1851\" style=\"width:1402px;height:auto\" srcset=\"https:\/\/mairie-montataire.fr\/app\/uploads\/2024\/07\/RPA-13-1024x683.jpg 1024w, https:\/\/mairie-montataire.fr\/app\/uploads\/2024\/07\/RPA-13-300x200.jpg 300w, https:\/\/mairie-montataire.fr\/app\/uploads\/2024\/07\/RPA-13-768x512.jpg 768w, https:\/\/mairie-montataire.fr\/app\/uploads\/2024\/07\/RPA-13-1536x1024.jpg 1536w, https:\/\/mairie-montataire.fr\/app\/uploads\/2024\/07\/RPA-13-2048x1365.jpg 2048w\" sizes=\"auto, (max-width: 1024px) 100vw, 1024px\" \/><figcaption class=\"wp-element-caption\">\u0633\u0643\u0646 \u0645\u0648\u0631\u064a\u0633 \u0645\u064a\u0646\u064a\u0648\u0646 \u0627\u0644\u0645\u0633\u062a\u0642\u0644 <\/figcaption><\/figure>\n\n\n\n<h2 class=\"wp-block-heading\"><strong>\u0645\u0627\u0630\u0627 \u064a\u0639\u0646\u064a \u0647\u0630\u0627\u061f&nbsp;<\/strong>&nbsp;<\/h2>\n\n\n\n<p>\u0633\u0643\u0646 \u0645\u0648\u0631\u064a\u0633 \u0645\u064a\u0646\u064a\u0648\u0646 \u0627\u0644\u0645\u0633\u062a\u0642\u0644 \u0647\u0648 \u0645\u0624\u0633\u0633\u0629 \u0648\u062e\u062f\u0645\u0629 \u0627\u062c\u062a\u0645\u0627\u0639\u064a\u0629 \u0648\u0637\u0628\u064a\u0629 \u0627\u062c\u062a\u0645\u0627\u0639\u064a\u0629 (ESSMS). \u064a\u062a\u0645\u062a\u0639 \u0627\u0644\u0645\u062a\u0642\u0627\u0639\u062f\u0648\u0646 \u0627\u0644\u0645\u0633\u062a\u0642\u0644\u0648\u0646 \u0641\u064a \u0645\u0648\u0646\u062a\u0627\u062a\u064a\u0631\u064a\u0646 \u0628\u0641\u0631\u0635\u0629 \u0627\u0644\u0639\u064a\u0634 \u0641\u064a \u0634\u0642\u0642 \u0641\u0631\u062f\u064a\u0629 \u062f\u0627\u062e\u0644 \u0633\u0643\u0646 \u0645\u0633\u062a\u0642\u0644. <strong>\u063a\u064a\u0631 \u0637\u0628\u064a\u0629<\/strong>.<\/p>\n\n\n\n<h2 class=\"wp-block-heading\"><strong>\u0643\u064a\u0641 \u0647\u064a \u0627\u0644\u0645\u0646\u0627\u0632\u0644\u061f&nbsp;<\/strong>&nbsp;<\/h2>\n\n\n\n<p>\u064a\u062a\u0623\u0644\u0641 \u0627\u0644\u0633\u0643\u0646 \u0645\u0646 \u0645\u0646\u0627\u0632\u0644 \u062e\u0627\u0635\u0629 \u0648\u0645\u0646\u0627\u0637\u0642 \u0645\u0634\u062a\u0631\u0643\u0629 \u0645\u062e\u0635\u0635\u0629 \u0644\u0644\u0645\u0639\u064a\u0634\u0629 \u0627\u0644\u0645\u062c\u062a\u0645\u0639\u064a\u0629\u060c \u0628\u0645\u0627 \u0641\u064a \u0630\u0644\u0643 \u0628\u0647\u0648 \u0645\u0643\u064a\u0651\u0641 \u0627\u0644\u0647\u0648\u0627\u0621. \u064a\u0642\u0639 \u0641\u064a \u0648\u0633\u0637 \u0627\u0644\u0645\u062f\u064a\u0646\u0629\u060c \u0648\u064a\u0645\u0643\u0646 \u0644\u0645\u0633\u062a\u0623\u062c\u0631\u064a\u0647 \u0627\u0644\u0627\u0633\u062a\u0641\u0627\u062f\u0629 \u0645\u0646 \u0642\u0631\u0628 \u0627\u0644\u0645\u062d\u0644\u0627\u062a \u0627\u0644\u062a\u062c\u0627\u0631\u064a\u0629 \u0648\u0627\u0644\u062e\u062f\u0645\u0627\u062a \u0627\u0644\u0628\u0644\u062f\u064a\u0629 \u0648\u0634\u0628\u0643\u0629 \u0627\u0644\u0645\u0648\u0627\u0635\u0644\u0627\u062a \u0627\u0644\u0639\u0627\u0645\u0629.<\/p>\n\n\n\n<p>\u0644\u062a\u0644\u0628\u064a\u0629 \u0627\u062d\u062a\u064a\u0627\u062c\u0627\u062a \u0627\u0644\u0645\u0633\u062a\u0623\u062c\u0631\u064a\u0646 \u0648\u0636\u0645\u0627\u0646 \u0633\u0644\u0627\u0645\u062a\u0647\u0645\u060c \u0641\u0625\u0646 \u0627\u0644\u0634\u0642\u0642 \u0627\u0644\u0645\u0643\u0648\u0646\u0629 \u0645\u0646 \u0637\u0627\u0628\u0642\u064a\u0646 \u0645\u0632\u0648\u062f\u0629 \u0628\u0645\u0635\u0639\u062f\u060c \u0648\u0627\u0644\u062d\u0645\u0627\u0645\u0627\u062a \u0645\u0632\u0648\u062f\u0629 \u0628\u062f\u064f\u0634 \u0628\u062f\u0644\u0627\u064b \u0645\u0646 \u0627\u0644\u062d\u0645\u0627\u0645\u0627\u062a. \u0648\u0644\u062c\u0639\u0644 \u0627\u0644\u062d\u064a\u0627\u0629 \u0623\u0643\u062b\u0631 \u0631\u0627\u062d\u0629\u060c \u062a\u062d\u062a\u0648\u064a \u0628\u0639\u0636 \u0627\u0644\u0634\u0642\u0642 \u0639\u0644\u0649 \u062a\u0631\u0627\u0633 \u0639\u0644\u0649 \u0645\u0633\u062a\u0648\u0649 \u0627\u0644\u062d\u062f\u064a\u0642\u0629\u060c \u0628\u064a\u0646\u0645\u0627 \u062a\u062d\u062a\u0648\u064a \u0627\u0644\u0634\u0642\u0642 \u0641\u064a \u0627\u0644\u0637\u0648\u0627\u0628\u0642 \u0627\u0644\u0639\u0644\u064a\u0627 \u0639\u0644\u0649 \u0634\u0631\u0641\u0629.<\/p>\n\n\n\t\t\t\t\t<div\n\t\t\t\t\t\tclass=\"wp-block-uagb-image-gallery uagb-block-9ed6d605\"\n\t\t\t\t\t\tstyle=\"\"\n\t\t\t\t\t>\n\t\t\t\t\t\t\t\t\t\t\t<div class=\"spectra-image-gallery spectra-image-gallery__layout--grid spectra-image-gallery__layout--grid-col-2 spectra-image-gallery__layout--grid-col-tab-3 spectra-image-gallery__layout--grid-col-mob-2\">\n\t\t\t\t\t\t\t\t\t\t\t<div class='spectra-image-gallery__media-wrapper' data-spectra-gallery-image-id='1847' tabindex=\"0\">\n\t\t\t\t\t\t\t<div class=\"spectra-image-gallery__media spectra-image-gallery__media--grid\">\n\t\t\t\t<picture>\n\t\t\t\t\t<source media=\"(min-width: 1024px)\" srcset=\"https:\/\/mairie-montataire.fr\/app\/uploads\/2024\/07\/RPA-4-1024x683.jpg\">\n\t\t\t\t\t<source media=\"(min-width: 768px)\" srcset=\"https:\/\/mairie-montataire.fr\/app\/uploads\/2024\/07\/RPA-4-1024x683.jpg\">\n\t\t\t\t\t<img decoding=\"async\" class=\"spectra-image-gallery__media-thumbnail spectra-image-gallery__media-thumbnail--grid\" src=\"https:\/\/mairie-montataire.fr\/app\/uploads\/2024\/07\/RPA-4-300x200.jpg\" alt=\"\u0633\u0643\u0646 \u0645\u0648\u0631\u064a\u0633 \u0645\u064a\u0646\u064a\u0648\u0646 \u0627\u0644\u0645\u0633\u062a\u0642\u0644\" loading=\"lazy\" \/>\n\t\t\t\t<\/picture>\n\t\t\t\t<div class=\"spectra-image-gallery__media-thumbnail-blurrer\"><\/div>\n\t\t\t\t\t\t\t\t\t\t\t<div class=\"spectra-image-gallery__media-thumbnail-caption-wrapper spectra-image-gallery__media-thumbnail-caption-wrapper--overlay\">\n\t\t\t\t\t\t\t\t\t\t\t<div class=\"spectra-image-gallery__media-thumbnail-caption spectra-image-gallery__media-thumbnail-caption--overlay\">\n\t\t\t\t\t\u0631\u062f\u0647\u0629 \u0627\u0644\u0645\u062f\u062e\u0644\t\t\t\t<\/div>\n\t\t\t\t\t\t\t\t\t\t<\/div>\n\t\t\t\t\t\t\t\t\t<\/div>\n\t\t\t\t\t\t<\/div>\n\t\t\t\t\t\t<div class='spectra-image-gallery__media-wrapper' data-spectra-gallery-image-id='1849' tabindex=\"0\">\n\t\t\t\t\t\t\t<div class=\"spectra-image-gallery__media spectra-image-gallery__media--grid\">\n\t\t\t\t<picture>\n\t\t\t\t\t<source media=\"(min-width: 1024px)\" srcset=\"https:\/\/mairie-montataire.fr\/app\/uploads\/2024\/07\/RPA-5-1024x683.jpg\">\n\t\t\t\t\t<source media=\"(min-width: 768px)\" srcset=\"https:\/\/mairie-montataire.fr\/app\/uploads\/2024\/07\/RPA-5-1024x683.jpg\">\n\t\t\t\t\t<img decoding=\"async\" class=\"spectra-image-gallery__media-thumbnail spectra-image-gallery__media-thumbnail--grid\" src=\"https:\/\/mairie-montataire.fr\/app\/uploads\/2024\/07\/RPA-5-300x200.jpg\" alt=\"\u0633\u0643\u0646 \u0645\u0648\u0631\u064a\u0633 \u0645\u064a\u0646\u064a\u0648\u0646 \u0627\u0644\u0645\u0633\u062a\u0642\u0644\" loading=\"lazy\" \/>\n\t\t\t\t<\/picture>\n\t\t\t\t<div class=\"spectra-image-gallery__media-thumbnail-blurrer\"><\/div>\n\t\t\t\t\t\t\t\t\t\t\t<div class=\"spectra-image-gallery__media-thumbnail-caption-wrapper spectra-image-gallery__media-thumbnail-caption-wrapper--overlay\">\n\t\t\t\t\t\t\t\t\t\t\t<div class=\"spectra-image-gallery__media-thumbnail-caption spectra-image-gallery__media-thumbnail-caption--overlay\">\n\t\t\t\t\t\u0627\u0644\u0628\u0647\u0648\t\t\t\t<\/div>\n\t\t\t\t\t\t\t\t\t\t<\/div>\n\t\t\t\t\t\t\t\t\t<\/div>\n\t\t\t\t\t\t<\/div>\n\t\t\t\t\t\t<div class='spectra-image-gallery__media-wrapper' data-spectra-gallery-image-id='1843' tabindex=\"0\">\n\t\t\t\t\t\t\t<div class=\"spectra-image-gallery__media spectra-image-gallery__media--grid\">\n\t\t\t\t<picture>\n\t\t\t\t\t<source media=\"(min-width: 1024px)\" srcset=\"https:\/\/mairie-montataire.fr\/app\/uploads\/2024\/07\/RPA-1-1024x683.jpg\">\n\t\t\t\t\t<source media=\"(min-width: 768px)\" srcset=\"https:\/\/mairie-montataire.fr\/app\/uploads\/2024\/07\/RPA-1-1024x683.jpg\">\n\t\t\t\t\t<img decoding=\"async\" class=\"spectra-image-gallery__media-thumbnail spectra-image-gallery__media-thumbnail--grid\" src=\"https:\/\/mairie-montataire.fr\/app\/uploads\/2024\/07\/RPA-1-300x200.jpg\" alt=\"\u0633\u0643\u0646 \u0645\u0648\u0631\u064a\u0633 \u0645\u064a\u0646\u064a\u0648\u0646 \u0627\u0644\u0645\u0633\u062a\u0642\u0644\" loading=\"lazy\" \/>\n\t\t\t\t<\/picture>\n\t\t\t\t<div class=\"spectra-image-gallery__media-thumbnail-blurrer\"><\/div>\n\t\t\t\t\t\t\t\t\t\t\t<div class=\"spectra-image-gallery__media-thumbnail-caption-wrapper spectra-image-gallery__media-thumbnail-caption-wrapper--overlay\">\n\t\t\t\t\t\t\t\t\t\t\t<div class=\"spectra-image-gallery__media-thumbnail-caption spectra-image-gallery__media-thumbnail-caption--overlay\">\n\t\t\t\t\t\u0645\u0646\u0638\u0631 \u0645\u0646 \u0627\u0644\u062e\u0627\u0631\u062c\u060c \u062c\u0627\u0646\u0628 \u0627\u0644\u062d\u062f\u064a\u0642\u0629\t\t\t\t<\/div>\n\t\t\t\t\t\t\t\t\t\t<\/div>\n\t\t\t\t\t\t\t\t\t<\/div>\n\t\t\t\t\t\t<\/div>\n\t\t\t\t\t\t<div class='spectra-image-gallery__media-wrapper' data-spectra-gallery-image-id='1845' tabindex=\"0\">\n\t\t\t\t\t\t\t<div class=\"spectra-image-gallery__media spectra-image-gallery__media--grid\">\n\t\t\t\t<picture>\n\t\t\t\t\t<source media=\"(min-width: 1024px)\" srcset=\"https:\/\/mairie-montataire.fr\/app\/uploads\/2024\/07\/RPA-2-1024x683.jpg\">\n\t\t\t\t\t<source media=\"(min-width: 768px)\" srcset=\"https:\/\/mairie-montataire.fr\/app\/uploads\/2024\/07\/RPA-2-1024x683.jpg\">\n\t\t\t\t\t<img decoding=\"async\" class=\"spectra-image-gallery__media-thumbnail spectra-image-gallery__media-thumbnail--grid\" src=\"https:\/\/mairie-montataire.fr\/app\/uploads\/2024\/07\/RPA-2-300x200.jpg\" alt=\"\u0645\u0648\u0642\u0641 \u0633\u064a\u0627\u0631\u0627\u062a \u062e\u0627\u0635 \u0641\u064a \u0645\u0633\u0643\u0646 \u0645\u0648\u0631\u064a\u0633 \u0645\u064a\u0646\u064a\u0648\u0646 \u0627\u0644\u0645\u0633\u062a\u0642\u0644\" loading=\"lazy\" \/>\n\t\t\t\t<\/picture>\n\t\t\t\t<div class=\"spectra-image-gallery__media-thumbnail-blurrer\"><\/div>\n\t\t\t\t\t\t\t\t\t\t\t<div class=\"spectra-image-gallery__media-thumbnail-caption-wrapper spectra-image-gallery__media-thumbnail-caption-wrapper--overlay\">\n\t\t\t\t\t\t\t\t\t\t\t<div class=\"spectra-image-gallery__media-thumbnail-caption spectra-image-gallery__media-thumbnail-caption--overlay\">\n\t\t\t\t\t\u0645\u0648\u0642\u0641 \u0633\u064a\u0627\u0631\u0627\u062a \u062e\u0627\u0635\t\t\t\t<\/div>\n\t\t\t\t\t\t\t\t\t\t<\/div>\n\t\t\t\t\t\t\t\t\t<\/div>\n\t\t\t\t\t\t<\/div>\n\t\t\t\t\t\t\t\t\t\t<\/div>\n\t\t\t\t\t\t\t\t\t\t\t\t\t\t\t\t\t\t<\/div>\n\t\t\t\t\t\t\t\t\t\t\t<div class='spectra-image-gallery__control-lightbox' tabindex='0'>\n\t\t\t\t\t\t\t\t\t\t\t<div class=\"swiper spectra-image-gallery__control-lightbox--main\" dir=\"\">\n\t\t\t\t\t<div class=\"swiper-wrapper\">\n\t\t\t\t\t\t\t\t\t\t\t\t\t\n\t\t\t\t\t\t\t<div class=\"swiper-slide\">\n\t\t\t\t\t\t\t\t<img class=\"swiper-lazy\" data-src=\"https:\/\/mairie-montataire.fr\/app\/uploads\/2024\/07\/RPA-4-scaled.jpg\" alt=\"\u0633\u0643\u0646 \u0645\u0648\u0631\u064a\u0633 \u0645\u064a\u0646\u064a\u0648\u0646 \u0627\u0644\u0645\u0633\u062a\u0642\u0644\"\/>\n\t\t\t\t\t\t\t\t<div class=\"swiper-lazy-preloader swiper-lazy-preloader-white\"><\/div>\n\t\t\t\t\t\t\t\t\t\t\t\t\t\t\t\t\t<div class=\"spectra-image-gallery__control-lightbox--caption\" data-spectra-gallery-image-id='1847'>\n\t\t\t\t\t\t\t\t\t\t\u0631\u062f\u0647\u0629 \u0627\u0644\u0645\u062f\u062e\u0644\t\t\t\t\t\t\t\t\t<\/div>\n\t\t\t\t\t\t\t\t\t\t\t\t\t\t\t<\/div>\n\t\t\t\t\t\t\t\t\t\t\t\t\t\n\t\t\t\t\t\t\t<div class=\"swiper-slide\">\n\t\t\t\t\t\t\t\t<img class=\"swiper-lazy\" data-src=\"https:\/\/mairie-montataire.fr\/app\/uploads\/2024\/07\/RPA-5-scaled.jpg\" alt=\"\u0633\u0643\u0646 \u0645\u0648\u0631\u064a\u0633 \u0645\u064a\u0646\u064a\u0648\u0646 \u0627\u0644\u0645\u0633\u062a\u0642\u0644\"\/>\n\t\t\t\t\t\t\t\t<div class=\"swiper-lazy-preloader swiper-lazy-preloader-white\"><\/div>\n\t\t\t\t\t\t\t\t\t\t\t\t\t\t\t\t\t<div class=\"spectra-image-gallery__control-lightbox--caption\" data-spectra-gallery-image-id='1849'>\n\t\t\t\t\t\t\t\t\t\t\u0627\u0644\u0628\u0647\u0648\t\t\t\t\t\t\t\t\t<\/div>\n\t\t\t\t\t\t\t\t\t\t\t\t\t\t\t<\/div>\n\t\t\t\t\t\t\t\t\t\t\t\t\t\n\t\t\t\t\t\t\t<div class=\"swiper-slide\">\n\t\t\t\t\t\t\t\t<img class=\"swiper-lazy\" data-src=\"https:\/\/mairie-montataire.fr\/app\/uploads\/2024\/07\/RPA-1-scaled.jpg\" alt=\"\u0633\u0643\u0646 \u0645\u0648\u0631\u064a\u0633 \u0645\u064a\u0646\u064a\u0648\u0646 \u0627\u0644\u0645\u0633\u062a\u0642\u0644\"\/>\n\t\t\t\t\t\t\t\t<div class=\"swiper-lazy-preloader swiper-lazy-preloader-white\"><\/div>\n\t\t\t\t\t\t\t\t\t\t\t\t\t\t\t\t\t<div class=\"spectra-image-gallery__control-lightbox--caption\" data-spectra-gallery-image-id='1843'>\n\t\t\t\t\t\t\t\t\t\t\u0645\u0646\u0638\u0631 \u0645\u0646 \u0627\u0644\u062e\u0627\u0631\u062c\u060c \u062c\u0627\u0646\u0628 \u0627\u0644\u062d\u062f\u064a\u0642\u0629\t\t\t\t\t\t\t\t\t<\/div>\n\t\t\t\t\t\t\t\t\t\t\t\t\t\t\t<\/div>\n\t\t\t\t\t\t\t\t\t\t\t\t\t\n\t\t\t\t\t\t\t<div class=\"swiper-slide\">\n\t\t\t\t\t\t\t\t<img class=\"swiper-lazy\" data-src=\"https:\/\/mairie-montataire.fr\/app\/uploads\/2024\/07\/RPA-2-scaled.jpg\" alt=\"\u0645\u0648\u0642\u0641 \u0633\u064a\u0627\u0631\u0627\u062a \u062e\u0627\u0635 \u0641\u064a \u0645\u0633\u0643\u0646 \u0645\u0648\u0631\u064a\u0633 \u0645\u064a\u0646\u064a\u0648\u0646 \u0627\u0644\u0645\u0633\u062a\u0642\u0644\"\/>\n\t\t\t\t\t\t\t\t<div class=\"swiper-lazy-preloader swiper-lazy-preloader-white\"><\/div>\n\t\t\t\t\t\t\t\t\t\t\t\t\t\t\t\t\t<div class=\"spectra-image-gallery__control-lightbox--caption\" data-spectra-gallery-image-id='1845'>\n\t\t\t\t\t\t\t\t\t\t\u0645\u0648\u0642\u0641 \u0633\u064a\u0627\u0631\u0627\u062a \u062e\u0627\u0635\t\t\t\t\t\t\t\t\t<\/div>\n\t\t\t\t\t\t\t\t\t\t\t\t\t\t\t<\/div>\n\t\t\t\t\t\t\t\t\t\t\t<\/div>\n\t\t\t\t\t<div class=\"swiper-button-next\"><\/div>\n\t\t\t\t\t<div class=\"swiper-button-prev\"><\/div>\n\t\t\t\t<\/div>\t\t\t\n\t\t\t\t\t\t\t\t\t\t\t\t\t\t\t\t\t\t\t\t\t\t\t\t\t\t\t\t\t\t\t\t<button class='spectra-image-gallery__control-lightbox--close' aria-label=\"\u0625\u063a\u0644\u0627\u0642\">\n\t\t\t\t\t\t\t\t\t\t\t\t\t<svg xmlns=\"https:\/\/www.w3.org\/2000\/svg\" viewbox= \"0 0 320 512\"><path d=\"M310.6 361.4c12.5 12.5 12.5 32.75 0 45.25C304.4 412.9 296.2 416 288 416s-16.38-3.125-22.62-9.375L160 301.3L54.63 406.6C48.38 412.9 40.19 416 32 416S15.63 412.9 9.375 406.6c-12.5-12.5-12.5-32.75 0-45.25l105.4-105.4L9.375 150.6c-12.5-12.5-12.5-32.75 0-45.25s32.75-12.5 45.25 0L160 210.8l105.4-105.4c12.5-12.5 32.75-12.5 45.25 0s12.5 32.75 0 45.25l-105.4 105.4L310.6 361.4z\"><\/path><\/svg>\n\t\t\t\t\t\t\t\t\t\t\t\t<\/button>\n\t\t\t\t\t\t\t\t\t\t\t\t\t<\/div>\n\t\t\t\t\t\t\t\t\t\n\n\n<h2 class=\"wp-block-heading\"><strong>\u0644\u0645\u0646 \u0647\u0630\u0647 \u0627\u0644\u062e\u062f\u0645\u0629\u061f<\/strong><\/h2>\n\n\n\n<p>\u064a\u0645\u0643\u0646 \u0644\u062c\u0645\u064a\u0639 \u0645\u062a\u0642\u0627\u0639\u062f\u064a \u0645\u0648\u0646\u062a\u0627\u062a\u064a\u0631 \u0627\u0644\u062a\u0642\u062f\u0645 \u0628\u0637\u0644\u0628 \u0644\u0644\u062d\u0635\u0648\u0644 \u0639\u0644\u0649 \u0633\u0643\u0646 \u0641\u064a \u0627\u0644\u0645\u0633\u0643\u0646 \u0627\u0644\u0645\u0633\u062a\u0642\u0644 \u0625\u0630\u0627 \u0627\u0633\u062a\u0648\u0641\u0648\u0627 \u0627\u0644\u0645\u0639\u0627\u064a\u064a\u0631 \u0627\u0644\u062a\u0627\u0644\u064a\u0629: \u064a\u062c\u0628 \u0623\u0646 \u064a\u0643\u0648\u0646\u0648\u0627 \u0642\u0627\u062f\u0631\u064a\u0646 \u0639\u0644\u0649 \u0627\u0644\u0639\u0645\u0644 \u0648\u0645\u0633\u062a\u0642\u0644\u064a\u0646 \u0648\u062a\u062c\u0627\u0648\u0632\u0648\u0627 60 \u0639\u0627\u0645\u064b\u0627.<\/p>\n\n\n\n<h2 class=\"wp-block-heading\"><strong>\u0643\u064a\u0641 \u064a\u0645\u0643\u0646\u0646\u064a \u0627\u0644\u062d\u0635\u0648\u0644 \u0639\u0644\u0649 \u0633\u0643\u0646\u061f<\/strong><\/h2>\n\n\n\n<p>\u0647\u0646\u0627\u0643 \u0637\u0644\u0628 \u0643\u0628\u064a\u0631 \u0639\u0644\u0649 \u0647\u0630\u0647 \u0627\u0644\u0645\u0646\u0627\u0632\u0644 \u0627\u0644\u0640 38 \u0648\u064a\u062a\u0645 \u062a\u062e\u0635\u064a\u0635\u0647\u0627 \u0639\u0644\u0649 \u0623\u0633\u0627\u0633 \u0627\u0644\u0637\u0644\u0628. \u0648\u0644\u062a\u0639\u0632\u064a\u0632 \u0625\u0645\u0643\u0627\u0646\u064a\u0629 \u0627\u0644\u0648\u0635\u0648\u0644 \u0625\u0644\u0649 \u062c\u0645\u064a\u0639 \u0641\u0626\u0627\u062a \u0627\u0644\u0633\u0643\u0627\u0646 \u0627\u0644\u0645\u062d\u0644\u064a\u064a\u0646\u060c \u062a\u062d\u0631\u0635 \u0627\u0644\u0628\u0644\u062f\u064a\u0629 \u0639\u0644\u0649 <strong>\u0625\u064a\u062c\u0627\u0631\u0627\u062a \u0628\u0623\u0633\u0639\u0627\u0631 \u0645\u0639\u0642\u0648\u0644\u0629 \u062a\u062a\u0631\u0627\u0648\u062d \u0645\u0646 470 \u064a\u0648\u0631\u0648 \u0625\u0644\u0649 570 \u064a\u0648\u0631\u0648 \u0634\u0647\u0631\u064a\u0627\u064b<\/strong>\u0628\u0645\u0627 \u0641\u064a \u0630\u0644\u0643 \u0648\u062c\u0628\u0627\u062a \u0627\u0644\u063a\u062f\u0627\u0621 \u0641\u064a \u0627\u0644\u0645\u0637\u0639\u0645 \u0627\u0644\u0628\u0644\u062f\u064a \u0645\u0646 \u0627\u0644\u0625\u062b\u0646\u064a\u0646 \u0625\u0644\u0649 \u0627\u0644\u0633\u0628\u062a.<\/p>\n\n\n\n<div style=\"height:20px\" aria-hidden=\"true\" class=\"wp-block-spacer\"><\/div>\n\n\n\n<div class=\"wp-block-uagb-separator uagb-block-1b39294a\"><div class=\"uagb-separator-spacing-wrapper\"><div class=\"wp-block-uagb-separator__inner\" style=\"--my-background-image:\"><\/div><\/div><\/div>\n\n\n\n<div style=\"height:42px\" aria-hidden=\"true\" class=\"wp-block-spacer\"><\/div>\n\n\n\n<div class=\"wp-block-uagb-buttons uagb-buttons__outer-wrap uagb-btn__default-btn uagb-btn-tablet__default-btn uagb-btn-mobile__default-btn uagb-block-880ff14b\"><div class=\"uagb-buttons__wrap uagb-buttons-layout-wrap\">\n<div class=\"wp-block-uagb-buttons-child uagb-buttons__outer-wrap uagb-block-892171ac wp-block-button\"><div class=\"uagb-button__wrapper\"><a class=\"uagb-buttons-repeater wp-block-button__link\" aria-label=\"\" href=\"https:\/\/mairie-montataire.fr\/ar\/%d8%a7%d9%84%d8%a5%d8%ac%d8%b1%d8%a7%d8%a1%d8%a7%d8%aa-%d8%b9%d8%a8%d8%b1-%d8%a7%d9%84%d8%a5%d9%86%d8%aa%d8%b1%d9%86%d8%aa\/%d8%b7%d9%84%d8%a8-%d8%a7%d9%84%d8%ad%d8%b5%d9%88%d9%84-%d8%b9%d9%84%d9%89-%d8%a7%d9%84%d8%a5%d9%82%d8%a7%d9%85%d8%a9-%d9%81%d9%8a-%d9%85%d9%82%d8%b1-%d8%a7%d9%84%d8%a5%d9%82%d8%a7%d9%85%d8%a9-%d8%a7\/\" rel=\"follow noopener\" target=\"_self\" role=\"button\"><div class=\"uagb-button__link\"><strong>\u0637\u0644\u0628 \u0627\u0644\u0625\u0642\u0627\u0645\u0629 \u0641\u064a \u0627\u0644\u0633\u0643\u0646 \u0627\u0644\u0645\u0633\u062a\u0642\u0644<\/strong><\/div><span class=\"uagb-button__icon uagb-button__icon-position-after\"><svg xmlns=\"https:\/\/www.w3.org\/2000\/svg\" viewbox=\"0 0 448 512\" aria-hidden=\"true\" focussable=\"false\"><path d=\"M438.6 278.6l-160 160C272.4 444.9 264.2 448 256 448s-16.38-3.125-22.62-9.375c-12.5-12.5-12.5-32.75 0-45.25L338.8 288H32C14.33 288 .0016 273.7 .0016 256S14.33 224 32 224h306.8l-105.4-105.4c-12.5-12.5-12.5-32.75 0-45.25s32.75-12.5 45.25 0l160 160C451.1 245.9 451.1 266.1 438.6 278.6z\"><\/path><\/svg><\/span><\/a><\/div><\/div>\n<\/div><\/div>","protected":false},"excerpt":{"rendered":"<p>L\u2019\u00e9tablissement a ouvert ses portes en 1990 sous le nom de \u00ab&nbsp;R\u00e9sidence des personnes \u00e2g\u00e9es&nbsp;\u00bb (RPA). Elle est devenue un service municipal en 2005 puis r\u00e9sidence autonomie en 2016. C\u2019est un lieu de rencontres, de partage et d\u2019\u00e9changes gr\u00e2ces \u00e0 ses&nbsp;restaurants (administratifs et retrait\u00e9s) &nbsp;et ses&nbsp;animations&nbsp;ouverts \u00e0 tous les retrait\u00e9\u00b7e\u00b7s de la ville. \u00c0 quoi [&hellip;]<\/p>\n","protected":false},"author":1,"featured_media":1026,"parent":116,"menu_order":25,"comment_status":"closed","ping_status":"closed","template":"","meta":{"_acf_changed":false,"_uag_custom_page_level_css":"","footnotes":""},"class_list":["post-142","page","type-page","status-publish","has-post-thumbnail","hentry"],"acf":[],"uagb_featured_image_src":{"full":["https:\/\/mairie-montataire.fr\/app\/uploads\/2024\/07\/1.4.2_residence-autonomie-maurice-mignon.jpg",490,327,false],"thumbnail":["https:\/\/mairie-montataire.fr\/app\/uploads\/2024\/07\/1.4.2_residence-autonomie-maurice-mignon-150x150.jpg",150,150,true],"medium":["https:\/\/mairie-montataire.fr\/app\/uploads\/2024\/07\/1.4.2_residence-autonomie-maurice-mignon-300x200.jpg",300,200,true],"medium_large":["https:\/\/mairie-montataire.fr\/app\/uploads\/2024\/07\/1.4.2_residence-autonomie-maurice-mignon.jpg",490,327,false],"large":["https:\/\/mairie-montataire.fr\/app\/uploads\/2024\/07\/1.4.2_residence-autonomie-maurice-mignon.jpg",490,327,false],"1536x1536":["https:\/\/mairie-montataire.fr\/app\/uploads\/2024\/07\/1.4.2_residence-autonomie-maurice-mignon.jpg",490,327,false],"2048x2048":["https:\/\/mairie-montataire.fr\/app\/uploads\/2024\/07\/1.4.2_residence-autonomie-maurice-mignon.jpg",490,327,false],"trp-custom-language-flag":["https:\/\/mairie-montataire.fr\/app\/uploads\/2024\/07\/1.4.2_residence-autonomie-maurice-mignon.jpg",18,12,false],"gform-image-choice-sm":["https:\/\/mairie-montataire.fr\/app\/uploads\/2024\/07\/1.4.2_residence-autonomie-maurice-mignon.jpg",300,200,false],"gform-image-choice-md":["https:\/\/mairie-montataire.fr\/app\/uploads\/2024\/07\/1.4.2_residence-autonomie-maurice-mignon.jpg",400,267,false],"gform-image-choice-lg":["https:\/\/mairie-montataire.fr\/app\/uploads\/2024\/07\/1.4.2_residence-autonomie-maurice-mignon.jpg",490,327,false]},"uagb_author_info":{"display_name":"mentalworks","author_link":"https:\/\/mairie-montataire.fr\/ar\/actualites\/author\/mentalworks\/"},"uagb_comment_info":0,"uagb_excerpt":"L\u2019\u00e9tablissement a ouvert ses portes en 1990 sous le nom de \u00ab&nbsp;R\u00e9sidence des personnes \u00e2g\u00e9es&nbsp;\u00bb (RPA). Elle est devenue un service municipal en 2005 puis r\u00e9sidence autonomie en 2016. C\u2019est un lieu de rencontres, de partage et d\u2019\u00e9changes gr\u00e2ces \u00e0 ses&nbsp;restaurants (administratifs et retrait\u00e9s) &nbsp;et ses&nbsp;animations&nbsp;ouverts \u00e0 tous les retrait\u00e9\u00b7e\u00b7s de la ville. \u00c0 quoi&hellip;","_links":{"self":[{"href":"https:\/\/mairie-montataire.fr\/ar\/wp-json\/wp\/v2\/pages\/142","targetHints":{"allow":["GET"]}}],"collection":[{"href":"https:\/\/mairie-montataire.fr\/ar\/wp-json\/wp\/v2\/pages"}],"about":[{"href":"https:\/\/mairie-montataire.fr\/ar\/wp-json\/wp\/v2\/types\/page"}],"author":[{"embeddable":true,"href":"https:\/\/mairie-montataire.fr\/ar\/wp-json\/wp\/v2\/users\/1"}],"replies":[{"embeddable":true,"href":"https:\/\/mairie-montataire.fr\/ar\/wp-json\/wp\/v2\/comments?post=142"}],"version-history":[{"count":32,"href":"https:\/\/mairie-montataire.fr\/ar\/wp-json\/wp\/v2\/pages\/142\/revisions"}],"predecessor-version":[{"id":4098,"href":"https:\/\/mairie-montataire.fr\/ar\/wp-json\/wp\/v2\/pages\/142\/revisions\/4098"}],"up":[{"embeddable":true,"href":"https:\/\/mairie-montataire.fr\/ar\/wp-json\/wp\/v2\/pages\/116"}],"wp:featuredmedia":[{"embeddable":true,"href":"https:\/\/mairie-montataire.fr\/ar\/wp-json\/wp\/v2\/media\/1026"}],"wp:attachment":[{"href":"https:\/\/mairie-montataire.fr\/ar\/wp-json\/wp\/v2\/media?parent=142"}],"curies":[{"name":"\u062f\u0628\u0644\u064a\u0648 \u0628\u064a","href":"https:\/\/api.w.org\/{rel}","templated":true}]}}