{"id":136,"date":"2024-05-03T09:26:36","date_gmt":"2024-05-03T09:26:36","guid":{"rendered":"https:\/\/montataire.local\/?page_id=136"},"modified":"2026-01-20T15:33:19","modified_gmt":"2026-01-20T15:33:19","slug":"%d9%81%d9%8a-%d8%b9%d8%a7%d9%84%d9%85-%d8%a7%d9%84%d8%b9%d9%85%d9%84","status":"publish","type":"page","link":"https:\/\/mairie-montataire.fr\/ar\/habiter\/jeunesse\/vers-le-monde-du-travail\/","title":{"rendered":"\u0646\u062d\u0648 \u0639\u0627\u0644\u0645 \u0627\u0644\u0639\u0645\u0644"},"content":{"rendered":"<p><strong>\u062a\u0642\u062f\u0645 \u0645\u062f\u064a\u0646\u0629 \u0645\u0648\u0646\u062a\u0627\u062a\u064a\u0631 \u0627\u0644\u062f\u0639\u0645 \u0627\u0644\u0623\u0633\u0627\u0633\u064a \u0644\u0644\u0634\u0628\u0627\u0628 \u0627\u0644\u0645\u0648\u0646\u062a\u0627\u062a\u064a\u0631\u064a\u064a\u0646 \u0641\u064a \u0645\u0633\u064a\u0631\u062a\u0647\u0645 \u0627\u0644\u062a\u0639\u0644\u064a\u0645\u064a\u0629 \u0648\u0627\u0644\u0645\u0647\u0646\u064a\u0629 \u0645\u0646 \u062e\u0644\u0627\u0644 \u0645\u062c\u0645\u0648\u0639\u0629 \u0645\u062a\u0646\u0648\u0639\u0629 \u0645\u0646 \u0627\u0644\u0628\u0631\u0627\u0645\u062c. \u0648\u062a\u0631\u062d\u0628 \u0627\u0644\u062e\u062f\u0645\u0627\u062a \u0627\u0644\u0628\u0644\u062f\u064a\u0629 \u0639\u0644\u0649 \u0648\u062c\u0647 \u0627\u0644\u062e\u0635\u0648\u0635 \u0628\u0645\u0627 \u064a\u0644\u064a:<\/strong><\/p>\n\n\n\n<ul style=\"padding-right:var(--wp--preset--spacing--70);padding-left:var(--wp--preset--spacing--70)\" class=\"wp-block-list\">\n<li><strong>\u0627\u0644\u0645\u062a\u062f\u0631\u0628\u0648\u0646 \u0648\u0627\u0644\u0645\u062a\u062f\u0631\u0628\u0648\u0646,<\/strong><\/li>\n\n\n\n<li><strong>\u0627\u0644\u0645\u0633\u062a\u0641\u064a\u062f\u0648\u0646 \u0645\u0646 \"\u0628\u064a\u0631\u0645\u064a\u0633 \u0633\u064a\u062a\u0648\u064a\u0646\",<\/strong><\/li>\n\n\n\n<li><strong>\u0645\u062a\u0637\u0648\u0639\u0648 \u0627\u0644\u062e\u062f\u0645\u0629 \u0627\u0644\u0645\u062f\u0646\u064a\u0629,<\/strong><\/li>\n\n\n\n<li><strong>\u0627\u0644\u0645\u0648\u0638\u0641\u0648\u0646 \u0627\u0644\u0645\u0648\u0633\u0645\u064a\u0648\u0646.<\/strong><\/li>\n<\/ul>\n\n\n\n<div style=\"height:22px\" aria-hidden=\"true\" class=\"wp-block-spacer\"><\/div>\n\n\n\n<p><strong>\u0648\u0644\u0645\u0633\u0627\u0639\u062f\u0629 \u0627\u0644\u0634\u0628\u0627\u0628 \u0627\u0644\u0630\u064a\u0646 \u062a\u0631\u0643\u0648\u0627 \u0627\u0644\u0646\u0638\u0627\u0645 \u0627\u0644\u0645\u062f\u0631\u0633\u064a \u0641\u064a \u0633\u0646 \u0627\u0644\u0633\u0627\u062f\u0633\u0629 \u0639\u0634\u0631\u0629\u060c \u062a\u0645\u0648\u0644 \u0627\u0644\u0645\u062f\u064a\u0646\u0629 \u0647\u064a\u0643\u0644\u064a\u0646 \u0644\u0644\u0627\u0646\u062f\u0645\u0627\u062c: <a href=\"https:\/\/mairie-montataire.fr\/ar\/%d8%a7%d9%84%d8%af%d9%84%d8%a7%d8%a6%d9%84\/%d8%a7%d9%84%d8%ac%d9%85%d8%b9%d9%8a%d8%a7%d8%aa-2\/%d8%aa%d8%b9%d9%84%d9%8a%d9%85-%d8%a7%d9%84%d8%b4%d8%a8%d8%a7%d8%a8-%d9%88%d8%a5%d8%af%d9%85%d8%a7%d8%ac%d9%87%d9%85\/%d8%ac%d8%a7%d8%af%d9%86%d8%b3%d8%b1%d8%aa\/\">\u062c\u0627\u062f \u0625\u0646\u0633\u0631\u062a<\/a> \u0648\u0623\u062a\u064a\u0644\u064a\u0647 \u0628\u064a\u064a\u0631 \u062f\u064a \u0644\u0627 \u0628\u064a\u064a\u0631 \u062f\u0627\u0646\u063a\u064a\u0644\u060c \u0627\u0644\u0644\u0630\u0627\u0646 \u064a\u062f\u064a\u0631\u0627\u0646 \u0645\u0634\u0627\u0631\u064a\u0639 \u0627\u0644\u0627\u0646\u062f\u0645\u0627\u062c \u0641\u064a \u0645\u0648\u0646\u062a\u0627\u062a\u064a\u0631.<\/strong><\/p>\n\n\n\n<h2 class=\"wp-block-heading\">\u0627\u0644\u0645\u062a\u062f\u0631\u0628\u0648\u0646 \u0648\u0627\u0644\u0645\u062a\u062f\u0631\u0628\u0648\u0646<\/h2>\n\n\n\n<p>\u062a\u0633\u062a\u0642\u0628\u0644 \u0627\u0644\u0645\u062f\u064a\u0646\u0629 \u0643\u0644 \u0639\u0627\u0645 \u0623\u0643\u062b\u0631 \u0645\u0646 \u0645\u0627\u0626\u0629 \u0645\u062a\u062f\u0631\u0628 \u0645\u0646 \u0627\u0644\u0645\u062f\u0627\u0631\u0633 \u0627\u0644\u062b\u0627\u0646\u0648\u064a\u0629 \u0648\u0627\u0644\u062c\u0627\u0645\u0639\u0629 \u0644\u0645\u0646\u062d\u0647\u0645 \u0623\u0648\u0644 \u062a\u062c\u0631\u0628\u0629 \u0645\u0647\u0646\u064a\u0629 \u0644\u0647\u0645. \u064a\u062a\u0645 \u0642\u0628\u0648\u0644 \u062c\u0645\u064a\u0639 \u0627\u0644\u0645\u0633\u062a\u0648\u064a\u0627\u062a \u0627\u0644\u062f\u0631\u0627\u0633\u064a\u0629\u060c \u0645\u0646 \u0627\u0644\u0645\u0631\u062d\u0644\u0629 \u0627\u0644\u062b\u0627\u0646\u0648\u064a\u0629 \u0625\u0644\u0649 \u0627\u0644\u062c\u0627\u0645\u0639\u0629 +5\u060c \u0648\u0630\u0644\u0643 \u0648\u0641\u0642\u064b\u0627 \u0644\u0627\u062a\u0641\u0627\u0642 \u0645\u0639 \u0645\u0646\u0638\u0645\u0629 \u0627\u0644\u062a\u062f\u0631\u064a\u0628. \u064a\u064f\u0645\u0646\u062d \u062a\u0644\u0627\u0645\u064a\u0630 \u0627\u0644\u0645\u062f\u0627\u0631\u0633 \u0627\u0644\u062b\u0627\u0646\u0648\u064a\u0629 \u0627\u0644\u0641\u0631\u0635\u0629 \u0644\u0627\u0643\u062a\u0634\u0627\u0641 \u0645\u062e\u062a\u0644\u0641 \u0627\u0644\u062e\u062f\u0645\u0627\u062a \u0627\u0644\u0628\u0644\u062f\u064a\u0629\u060c \u0628\u064a\u0646\u0645\u0627 \u064a\u0634\u0627\u0631\u0643 \u0627\u0644\u0637\u0644\u0627\u0628 \u0627\u0644\u0630\u064a\u0646 \u064a\u062f\u0631\u0633\u0648\u0646 \u0644\u0644\u062d\u0635\u0648\u0644 \u0639\u0644\u0649 \u0634\u0647\u0627\u062f\u0629 \u0645\u0647\u0646\u064a\u0629 \u0641\u064a \u0645\u0634\u0627\u0631\u064a\u0639 \u0645\u0642\u0627\u0628\u0644 \u0623\u062c\u0631. \u062a\u062f\u0639\u0645 \u0627\u0644\u0645\u062f\u064a\u0646\u0629 \u0623\u064a\u0636\u064b\u0627 \u0627\u0644\u0634\u0628\u0627\u0628 \u0641\u064a \u0628\u0631\u0627\u0645\u062c \u0627\u0644\u062a\u062f\u0631\u064a\u0628 \u0627\u0644\u0645\u0631\u062a\u0628\u0637 \u0628\u0627\u0644\u0639\u0645\u0644 \u0641\u064a \u0645\u062c\u0627\u0644\u0627\u062a \u0645\u062b\u0644 \u0627\u0644\u0637\u0641\u0648\u0644\u0629 \u0627\u0644\u0645\u0628\u0643\u0631\u0629 \u0648\u0627\u0644\u0634\u0628\u0643\u0627\u062a \u0648\u0627\u0644\u0627\u062a\u0635\u0627\u0644\u0627\u062a \u0627\u0644\u0633\u0644\u0643\u064a\u0629 \u0648\u0627\u0644\u0644\u0627\u0633\u0644\u0643\u064a\u0629 \u0648\u0627\u0644\u0645\u064a\u0643\u0627\u0646\u064a\u0643\u0627\u060c \u0625\u0644\u062e.<\/p>\n\n\n\n<p><a href=\"https:\/\/mairie-montataire.fr\/ar\/%d8%a7%d9%84%d8%a5%d8%ac%d8%b1%d8%a7%d8%a1%d8%a7%d8%aa-%d8%b9%d8%a8%d8%b1-%d8%a7%d9%84%d8%a5%d9%86%d8%aa%d8%b1%d9%86%d8%aa\/%d8%b7%d9%84%d8%a8-%d8%ba%d9%8a%d8%b1-%d9%85%d8%b7%d9%84%d9%88%d8%a8\/\" data-type=\"link\" data-id=\"https:\/\/mairie-montataire.fr\/demarches-en-ligne\/candidature-spontanee\/\">\u064a\u0645\u0643\u0646\u0643 \u0627\u0644\u062a\u0642\u062f\u064a\u0645 \u0639\u0628\u0631 \u0627\u0644\u0625\u0646\u062a\u0631\u0646\u062a \u0645\u0646 \u0647\u0646\u0627.<\/a> <\/p>\n\n\n\n<h2 class=\"wp-block-heading\">\u0627\u0644\u062e\u062f\u0645\u0629 \u0627\u0644\u0645\u062f\u0646\u064a\u0629&nbsp;<\/h2>\n\n\n\n<p>\u0627\u0644\u062e\u062f\u0645\u0629 \u0627\u0644\u0645\u062f\u0646\u064a\u0629 \u0647\u0648 \u0645\u062e\u0637\u0637 \u0641\u0631\u0646\u0633\u064a \u0645\u0635\u0645\u0645 \u0644\u062a\u0634\u062c\u064a\u0639 \u0627\u0644\u0627\u0644\u062a\u0632\u0627\u0645 \u0627\u0644\u0645\u062f\u0646\u064a \u0648\u0627\u0644\u062f\u0639\u0645 \u0627\u0644\u0639\u0627\u0645. \u0648\u0647\u064a \u062a\u062c\u0631\u0628\u0629 \u0641\u0631\u064a\u062f\u0629 \u0645\u0646 \u0646\u0648\u0639\u0647\u0627 \u0644\u0644\u0634\u0628\u0627\u0628 \u0627\u0644\u0630\u064a\u0646 \u062a\u062a\u0631\u0627\u0648\u062d \u0623\u0639\u0645\u0627\u0631\u0647\u0645 \u0628\u064a\u0646 16 \u064825 \u0639\u0627\u0645\u064b\u0627\u060c \u0648\u062a\u0645\u062a\u062f \u0625\u0644\u0649 30 \u0639\u0627\u0645\u064b\u0627 \u0625\u0630\u0627 \u0643\u0627\u0646\u0648\u0627 \u0645\u0646 \u0630\u0648\u064a \u0627\u0644\u0625\u0639\u0627\u0642\u0629\u060c \u0648\u0644\u0627 \u064a\u0634\u062a\u0631\u0637 \u0627\u0644\u062d\u0635\u0648\u0644 \u0639\u0644\u0649 \u0645\u0624\u0647\u0644\u0627\u062a. \u062a\u0642\u062f\u0645 \u0627\u0644\u0645\u062f\u064a\u0646\u0629 \u0641\u064a \u0628\u0639\u0636 \u0627\u0644\u0623\u062d\u064a\u0627\u0646 \u0645\u0647\u0645\u0627\u062a \u062a\u0646\u0634\u0631\u0647\u0627 \u0639\u0644\u0649 <a href=\"https:\/\/www.linkedin.com\/company\/ville-de-montataire\/mycompany\/?viewAsMember=true\" data-type=\"link\" data-id=\"https:\/\/www.linkedin.com\/company\/ville-de-montataire\/mycompany\/?viewAsMember=true\" target=\"_blank\" rel=\"noreferrer noopener\">\u0635\u0641\u062d\u0629 \u0644\u064a\u0646\u0643\u062f \u0625\u0646 \u0625\u0646<\/a>.&nbsp;<\/p>\n\n\n\n<p>\u0644\u0645\u0639\u0631\u0641\u0629 \u0627\u0644\u0645\u0632\u064a\u062f\u060c \u0627\u0646\u0642\u0631 \u0647\u0646\u0627: <a href=\"https:\/\/www.service-civique.gouv.fr\/\" target=\"_blank\" rel=\"noreferrer noopener\">service-civique.gouv.fr<\/a><\/p>\n\n\n\n<h2 class=\"wp-block-heading\">\u0628\u0637\u0627\u0642\u0629 \u0627\u0644\u0645\u0648\u0627\u0637\u0646&nbsp;<\/h2>\n\n\n\n<p>\u064a\u0648\u0641\u0631 \u0647\u0630\u0627 \u0627\u0644\u0628\u0631\u0646\u0627\u0645\u062c \u0645\u0633\u0627\u0639\u062f\u0629 \u0645\u0627\u0644\u064a\u0629 \u0642\u062f\u0631\u0647\u0627 600 \u064a\u0648\u0631\u0648 \u0645\u0646 \u0645\u062c\u0644\u0633 \u0645\u0642\u0627\u0637\u0639\u0629 \u0644\u0648\u0627\u0632\u060c \u0628\u062f\u0648\u0646 \u0627\u062e\u062a\u0628\u0627\u0631 \u0644\u0644\u0625\u0645\u0643\u0627\u0646\u064a\u0627\u062a. \u0648\u0647\u0648 \u064a\u0645\u0643\u0651\u0646 \u0627\u0644\u0623\u0634\u062e\u0627\u0635 \u0627\u0644\u0630\u064a\u0646 \u062a\u0642\u0644 \u0623\u0639\u0645\u0627\u0631\u0647\u0645 \u0639\u0646 20 \u0639\u0627\u0645\u064b\u0627 \u0645\u0646 \u062a\u0645\u0648\u064a\u0644 \u0631\u062e\u0635\u0629 \u0627\u0644\u0642\u064a\u0627\u062f\u0629 \u0645\u0642\u0627\u0628\u0644 \u0627\u0644\u062d\u0635\u0648\u0644 \u0639\u0644\u0649 \u0639\u0645\u0644 \u062a\u0637\u0648\u0639\u064a \u0644\u0645\u062f\u0629 70 \u0633\u0627\u0639\u0629 \u0641\u064a \u0625\u062d\u062f\u0649 \u0627\u0644\u0633\u0644\u0637\u0627\u062a \u0627\u0644\u0645\u062d\u0644\u064a\u0629 \u0623\u0648 \u0627\u0644\u062c\u0645\u0639\u064a\u0627\u062a \u0641\u064a \u0645\u0646\u0637\u0642\u0629 \u0623\u0648\u0632.&nbsp;<\/p>\n\n\n\n<p><a href=\"https:\/\/www.oise.fr\/les-pass-citoyens-du-conseil-departemental-de-loise\/le-passpermis-citoyen\" data-type=\"link\" data-id=\"https:\/\/www.oise.fr\/les-pass-citoyens-du-conseil-departemental-de-loise\/le-passpermis-citoyen\" target=\"_blank\" rel=\"noreferrer noopener\">\u064a\u0645\u0643\u0646\u0643 \u0632\u064a\u0627\u0631\u0629 \u0627\u0644\u0645\u0648\u0642\u0639 \u0627\u0644\u0625\u0644\u0643\u062a\u0631\u0648\u0646\u064a \u0644\u0644\u0642\u0633\u0645 \u0644\u0645\u0632\u064a\u062f \u0645\u0646 \u0627\u0644\u0645\u0639\u0644\u0648\u0645\u0627\u062a.<\/a><\/p>\n\n\n\n<p>\u0648\u0635\u0644\u0646\u0627 \u0625\u0644\u0649 4<sup>e<\/sup> \u0627\u0644\u0645\u0648\u0642\u0639 \u0627\u0644\u0625\u0644\u0643\u062a\u0631\u0648\u0646\u064a \u0644\u0644\u0642\u0633\u0645\u060c \u064a\u0645\u0643\u0646\u0643 <a href=\"https:\/\/mairie-montataire.fr\/ar\/%d8%a7%d9%84%d8%a5%d8%ac%d8%b1%d8%a7%d8%a1%d8%a7%d8%aa-%d8%b9%d8%a8%d8%b1-%d8%a7%d9%84%d8%a5%d9%86%d8%aa%d8%b1%d9%86%d8%aa\/%d8%a7%d9%84%d8%aa%d9%82%d8%af%d9%85-%d8%a8%d8%b7%d9%84%d8%a8-%d8%a5%d9%84%d9%89-%d9%85%d8%af%d9%8a%d9%86%d8%a9-%d9%85%d9%88%d9%86%d8%aa%d8%a7%d8%aa%d9%8a%d8%b1\/\" data-type=\"link\" data-id=\"https:\/\/mairie-montataire.fr\/demarches-en-ligne\/postuler-a-la-ville-de-montataire\/\">\u0637\u0644\u0628\u0643 \u0639\u0628\u0631 \u0627\u0644\u0625\u0646\u062a\u0631\u0646\u062a \u0644\u0644\u062d\u0635\u0648\u0644 \u0639\u0644\u0649 \u062a\u0635\u0631\u064a\u062d \u0645\u0631\u0648\u0631 \u0627\u0644\u0645\u0648\u0627\u0637\u0646 \u0627\u0644\u062e\u0627\u0635 \u0628\u0643 \u0645\u0646 \u0628\u0644\u062f\u0629 \u0645\u0648\u0646\u062a\u0627\u062a\u064a\u0631<\/a>.<\/p>\n\n\n\n<h2 class=\"wp-block-heading\">\u0631\u064a\u0643\u0631\u0648\u062a \u062c\u064a\u0648\u0646<\/h2>\n\n\n\n<p>Recrut'Jeunes \u0647\u0648 \u064a\u0648\u0645 \u0645\u062e\u0635\u0635 \u0644\u0644\u0645\u0642\u0627\u0628\u0644\u0627\u062a \u0627\u0644\u0634\u062e\u0635\u064a\u0629 \u0644\u0644\u0648\u0638\u0627\u0626\u0641 \u0627\u0644\u0645\u0648\u0633\u0645\u064a\u0629 \u0641\u064a \u0627\u0644\u0628\u0644\u062f\u0629\u060c \u0648\u0627\u0644\u062a\u062f\u0631\u064a\u0628\u0627\u062a \u0627\u0644\u062a\u064a \u062a\u0645\u0648\u0644\u0647\u0627 \u0627\u0644\u0628\u0644\u062f\u0629\u060c \u0648\u0627\u0644\u062e\u062f\u0645\u0627\u062a \u0627\u0644\u0645\u062f\u0646\u064a\u0629\u060c \u0648\u0627\u0644\u062a\u0648\u0638\u064a\u0641 \u0641\u064a \u0648\u0638\u0627\u0626\u0641 \u0644\u0644\u0635\u0641 \u0627\u0644\u0639\u0627\u0634\u0631\u060c \u0648\u0645\u0634\u0631\u0648\u0639 \u0643\u0648\u0646\u0643\u0648\u0631\u062f\u064a\u0627. \u0641\u064a \u0647\u0630\u0627 \u0627\u0644\u062d\u062f\u062b \u0627\u0644\u0633\u0646\u0648\u064a\u060c \u0627\u0644\u0630\u064a \u064a\u0642\u0627\u0645 \u0639\u0627\u062f\u0629\u064b \u0641\u064a \u0634\u0647\u0631 \u0645\u0627\u0631\u0633 \u062a\u0642\u0631\u064a\u0628\u064b\u0627\u060c \u064a\u062a\u0645 \u0625\u062c\u0631\u0627\u0621 \u0645\u0642\u0627\u0628\u0644\u0627\u062a \u0645\u0639 \u0627\u0644\u0634\u0628\u0627\u0628 \u0627\u0644\u0630\u064a\u0646 \u064a\u062d\u0645\u0644\u0648\u0646 \u0633\u064a\u0631\u0647\u0645 \u0627\u0644\u0630\u0627\u062a\u064a\u0629.<\/p>\n\n\n\n<div class=\"wp-block-group is-layout-constrained wp-block-group-is-layout-constrained\">\n<div class=\"wp-block-group is-layout-constrained wp-block-group-is-layout-constrained\">\t\t\t\t\t<div\n\t\t\t\t\t\tclass=\"wp-block-uagb-image-gallery uagb-block-7680bb5f\"\n\t\t\t\t\t\tstyle=\"\"\n\t\t\t\t\t>\n\t\t\t\t\t\t\t\t\t\t\t<div class=\"spectra-image-gallery spectra-image-gallery__layout--grid spectra-image-gallery__layout--grid-col-3 spectra-image-gallery__layout--grid-col-tab-2 spectra-image-gallery__layout--grid-col-mob-2\">\n\t\t\t\t\t\t\t\t\t\t\t<div class='spectra-image-gallery__media-wrapper' data-spectra-gallery-image-id='1694' tabindex=\"0\">\n\t\t\t\t\t\t\t<div class=\"spectra-image-gallery__media spectra-image-gallery__media--grid\">\n\t\t\t\t<picture>\n\t\t\t\t\t<source media=\"(min-width: 1024px)\" srcset=\"https:\/\/mairie-montataire.fr\/app\/uploads\/2024\/07\/2024-03-30-RecrutJeunes-1bis-1-1024x683.jpg\">\n\t\t\t\t\t<source media=\"(min-width: 768px)\" srcset=\"https:\/\/mairie-montataire.fr\/app\/uploads\/2024\/07\/2024-03-30-RecrutJeunes-1bis-1-1024x683.jpg\">\n\t\t\t\t\t<img decoding=\"async\" class=\"spectra-image-gallery__media-thumbnail spectra-image-gallery__media-thumbnail--grid\" src=\"https:\/\/mairie-montataire.fr\/app\/uploads\/2024\/07\/2024-03-30-RecrutJeunes-1bis-1-300x200.jpg\" alt=\"Recrut&#039;Jeunes\" loading=\"lazy\" \/>\n\t\t\t\t<\/picture>\n\t\t\t\t<div class=\"spectra-image-gallery__media-thumbnail-blurrer\"><\/div>\n\t\t\t\t\t\t\t\t\t\t\t<div class=\"spectra-image-gallery__media-thumbnail-caption-wrapper spectra-image-gallery__media-thumbnail-caption-wrapper--overlay\"><\/div>\n\t\t\t\t\t\t\t\t<\/div>\n\t\t\t\t\t\t<\/div>\n\t\t\t\t\t\t<div class='spectra-image-gallery__media-wrapper' data-spectra-gallery-image-id='1697' tabindex=\"0\">\n\t\t\t\t\t\t\t<div class=\"spectra-image-gallery__media spectra-image-gallery__media--grid\">\n\t\t\t\t<picture>\n\t\t\t\t\t<source media=\"(min-width: 1024px)\" srcset=\"https:\/\/mairie-montataire.fr\/app\/uploads\/2024\/07\/2024-03-30-RecrutJeunes-15bis-1.jpg\">\n\t\t\t\t\t<source media=\"(min-width: 768px)\" srcset=\"https:\/\/mairie-montataire.fr\/app\/uploads\/2024\/07\/2024-03-30-RecrutJeunes-15bis-1.jpg\">\n\t\t\t\t\t<img decoding=\"async\" class=\"spectra-image-gallery__media-thumbnail spectra-image-gallery__media-thumbnail--grid\" src=\"https:\/\/mairie-montataire.fr\/app\/uploads\/2024\/07\/2024-03-30-RecrutJeunes-15bis-1-300x200.jpg\" alt=\"Recrut&#039;Jeunes\" loading=\"lazy\" \/>\n\t\t\t\t<\/picture>\n\t\t\t\t<div class=\"spectra-image-gallery__media-thumbnail-blurrer\"><\/div>\n\t\t\t\t\t\t\t\t\t\t\t<div class=\"spectra-image-gallery__media-thumbnail-caption-wrapper spectra-image-gallery__media-thumbnail-caption-wrapper--overlay\"><\/div>\n\t\t\t\t\t\t\t\t<\/div>\n\t\t\t\t\t\t<\/div>\n\t\t\t\t\t\t<div class='spectra-image-gallery__media-wrapper' data-spectra-gallery-image-id='1693' tabindex=\"0\">\n\t\t\t\t\t\t\t<div class=\"spectra-image-gallery__media spectra-image-gallery__media--grid\">\n\t\t\t\t<picture>\n\t\t\t\t\t<source media=\"(min-width: 1024px)\" srcset=\"https:\/\/mairie-montataire.fr\/app\/uploads\/2024\/07\/2024-03-30-RecrutJeunes-23bis-1024x683.jpg\">\n\t\t\t\t\t<source media=\"(min-width: 768px)\" srcset=\"https:\/\/mairie-montataire.fr\/app\/uploads\/2024\/07\/2024-03-30-RecrutJeunes-23bis-1024x683.jpg\">\n\t\t\t\t\t<img decoding=\"async\" class=\"spectra-image-gallery__media-thumbnail spectra-image-gallery__media-thumbnail--grid\" src=\"https:\/\/mairie-montataire.fr\/app\/uploads\/2024\/07\/2024-03-30-RecrutJeunes-23bis-300x200.jpg\" alt=\"Recrut&#039;Jeunes\" loading=\"lazy\" \/>\n\t\t\t\t<\/picture>\n\t\t\t\t<div class=\"spectra-image-gallery__media-thumbnail-blurrer\"><\/div>\n\t\t\t\t\t\t\t\t\t\t\t<div class=\"spectra-image-gallery__media-thumbnail-caption-wrapper spectra-image-gallery__media-thumbnail-caption-wrapper--overlay\"><\/div>\n\t\t\t\t\t\t\t\t<\/div>\n\t\t\t\t\t\t<\/div>\n\t\t\t\t\t\t\t\t\t\t<\/div>\n\t\t\t\t\t\t\t\t\t\t\t\t\t\t\t\t\t\t<\/div>\n\t\t\t\t\t\t\t\t\t\t\t<div class='spectra-image-gallery__control-lightbox' tabindex='0'>\n\t\t\t\t\t\t\t\t\t\t\t<div class=\"swiper spectra-image-gallery__control-lightbox--main\" dir=\"\">\n\t\t\t\t\t<div class=\"swiper-wrapper\">\n\t\t\t\t\t\t\t\t\t\t\t\t\t\n\t\t\t\t\t\t\t<div class=\"swiper-slide\">\n\t\t\t\t\t\t\t\t<img class=\"swiper-lazy\" data-src=\"https:\/\/mairie-montataire.fr\/app\/uploads\/2024\/07\/2024-03-30-RecrutJeunes-1bis-1-scaled.jpg\" alt=\"Recrut&#039;Jeunes\"\/>\n\t\t\t\t\t\t\t\t<div class=\"swiper-lazy-preloader swiper-lazy-preloader-white\"><\/div>\n\t\t\t\t\t\t\t\t\t\t\t\t\t\t\t<\/div>\n\t\t\t\t\t\t\t\t\t\t\t\t\t\n\t\t\t\t\t\t\t<div class=\"swiper-slide\">\n\t\t\t\t\t\t\t\t<img class=\"swiper-lazy\" data-src=\"https:\/\/mairie-montataire.fr\/app\/uploads\/2024\/07\/2024-03-30-RecrutJeunes-15bis-1.jpg\" alt=\"Recrut&#039;Jeunes\"\/>\n\t\t\t\t\t\t\t\t<div class=\"swiper-lazy-preloader swiper-lazy-preloader-white\"><\/div>\n\t\t\t\t\t\t\t\t\t\t\t\t\t\t\t<\/div>\n\t\t\t\t\t\t\t\t\t\t\t\t\t\n\t\t\t\t\t\t\t<div class=\"swiper-slide\">\n\t\t\t\t\t\t\t\t<img class=\"swiper-lazy\" data-src=\"https:\/\/mairie-montataire.fr\/app\/uploads\/2024\/07\/2024-03-30-RecrutJeunes-23bis-scaled.jpg\" alt=\"Recrut&#039;Jeunes\"\/>\n\t\t\t\t\t\t\t\t<div class=\"swiper-lazy-preloader swiper-lazy-preloader-white\"><\/div>\n\t\t\t\t\t\t\t\t\t\t\t\t\t\t\t<\/div>\n\t\t\t\t\t\t\t\t\t\t\t<\/div>\n\t\t\t\t\t<div class=\"swiper-button-next\"><\/div>\n\t\t\t\t\t<div class=\"swiper-button-prev\"><\/div>\n\t\t\t\t<\/div>\t\t\t\n\t\t\t\t\t\t\t\t\t\t\t\t\t\t\t\t\t\t\t\t\t\t\t\t\t\t\t\t\t\t\t\t<button class='spectra-image-gallery__control-lightbox--close' aria-label=\"\u0625\u063a\u0644\u0627\u0642\">\n\t\t\t\t\t\t\t\t\t\t\t\t\t<svg xmlns=\"https:\/\/www.w3.org\/2000\/svg\" viewbox= \"0 0 320 512\"><path d=\"M310.6 361.4c12.5 12.5 12.5 32.75 0 45.25C304.4 412.9 296.2 416 288 416s-16.38-3.125-22.62-9.375L160 301.3L54.63 406.6C48.38 412.9 40.19 416 32 416S15.63 412.9 9.375 406.6c-12.5-12.5-12.5-32.75 0-45.25l105.4-105.4L9.375 150.6c-12.5-12.5-12.5-32.75 0-45.25s32.75-12.5 45.25 0L160 210.8l105.4-105.4c12.5-12.5 32.75-12.5 45.25 0s12.5 32.75 0 45.25l-105.4 105.4L310.6 361.4z\"><\/path><\/svg>\n\t\t\t\t\t\t\t\t\t\t\t\t<\/button>\n\t\t\t\t\t\t\t\t\t\t\t\t\t<\/div>\n\t\t\t\t\t\t\t\t\t<\/div>\n<\/div>\n\n\n\n<h2 class=\"wp-block-heading\">\u0645\u0634\u0627\u0631\u064a\u0639 \u0627\u0644\u062a\u0643\u0627\u0645\u0644<\/h2>\n\n\n\n<p>\u0648\u0644\u0645\u0633\u0627\u0639\u062f\u0629 \u0627\u0644\u0623\u0634\u062e\u0627\u0635\u060c \u0628\u0645\u0627 \u0641\u064a \u0630\u0644\u0643 \u0627\u0644\u0634\u0628\u0627\u0628 \u0627\u0644\u0630\u064a\u0646 \u062a\u0631\u0643\u0648\u0627 \u0627\u0644\u0646\u0638\u0627\u0645 \u0627\u0644\u0645\u062f\u0631\u0633\u064a \u0641\u064a \u0633\u0646 16 \u0639\u0627\u0645\u064b\u0627\u060c \u062a\u062f\u0639\u0645 \u0627\u0644\u0645\u062f\u064a\u0646\u0629 \u062c\u0645\u0639\u064a\u062a\u064a\u0646 \u0644\u0644\u0627\u0646\u062f\u0645\u0627\u062c \u0627\u0644\u0627\u062c\u062a\u0645\u0627\u0639\u064a: \u062c\u0627\u062f \u0625\u0646\u0633\u0631\u062a \u0648\u0623\u062a\u064a\u0644\u064a\u0647 \u0628\u064a\u064a\u0631 \u062f\u064a \u0623\u0646\u062c\u0644. \u062a\u0642\u062f\u0645 \u0647\u0627\u062a\u0627\u0646 \u0627\u0644\u062c\u0645\u0639\u064a\u062a\u0627\u0646 \"\u0645\u0634\u0627\u0631\u064a\u0639 \u062f\u0639\u0645\" \u0644\u0625\u0639\u0627\u062f\u0629 \u0627\u0644\u0645\u0634\u0627\u0631\u0643\u064a\u0646 \u0625\u0644\u0649 \u0627\u0644\u0639\u0645\u0644.&nbsp;<\/p>\n\n\n\n<h3 class=\"wp-block-heading\">JADE'Insert<\/h3>\n\n\n\n<p>\u064a\u0634\u0645\u0644 \u0627\u0644\u0639\u0645\u0644 \u0623\u0639\u0645\u0627\u0644 \u0627\u0644\u0637\u0631\u0642\u060c \u0648\u0635\u064a\u0627\u0646\u0629 \u0627\u0644\u0646\u0638\u0627\u0641\u0629 \u0627\u0644\u062d\u0636\u0631\u064a\u0629 \u0648\u0627\u0644\u0637\u0644\u0627\u0621 \u062e\u0627\u0631\u062c \u0627\u0644\u0645\u0628\u0627\u0646\u064a \u0627\u0644\u0645\u0634\u062a\u0631\u0643\u0629 \u0623\u0648 \u0641\u064a \u0627\u0644\u0645\u0628\u0627\u0646\u064a \u0627\u0644\u0645\u0634\u062a\u0631\u0643\u0629. \u062a\u064f\u0645\u0643\u0650\u0651\u0646 \u0647\u0630\u0647 \u0627\u0644\u0623\u0646\u0634\u0637\u0629 \u0627\u0644\u0645\u0634\u0627\u0631\u0643\u064a\u0646 \u0645\u0646 \u0627\u0643\u062a\u0633\u0627\u0628 \u0645\u0647\u0627\u0631\u0627\u062a \u0639\u0645\u0644\u064a\u0629 \u0648\u0645\u0647\u0646\u064a\u0629 \u0645\u0639 \u0627\u0644\u0645\u0633\u0627\u0639\u062f\u0629 \u0641\u064a \u062a\u062d\u0633\u064a\u0646 \u0628\u064a\u0626\u062a\u0647\u0645 \u0627\u0644\u0645\u0639\u064a\u0634\u064a\u0629.<\/p>\n\n\n\n<h3 class=\"wp-block-heading\">\u0623\u062a\u064a\u0644\u064a\u0647 \u0628\u064a\u064a\u0631 \u062f\u064a \u0644\u0627 \u0628\u064a\u064a\u0631 \u062f\u0627\u0646\u062c\u0644\u064a\u0647<\/h3>\n\n\n\n<p>\u0648\u064a\u0634\u0645\u0644 \u0627\u0644\u0639\u0645\u0644 \u0623\u0639\u0645\u0627\u0644 \u0627\u0644\u0628\u0646\u0627\u0621 \u0648\u0627\u0644\u062d\u062c\u0627\u0631\u0629. \u0648\u062a\u0648\u0641\u0631 \u0645\u0639\u0633\u0643\u0631\u0627\u062a \u0627\u0644\u0639\u0645\u0644 \u0647\u0630\u0647 \u0641\u0631\u0635\u0629 \u0639\u0645\u0644 \u0623\u0648\u0644\u0649 \u0642\u064a\u0651\u0645\u0629 \u0644\u0644\u0645\u0634\u0627\u0631\u0643\u064a\u0646 \u0641\u064a\u0647\u0627\u060c \u0628\u064a\u0646\u0645\u0627 \u062a\u0633\u0627\u0639\u062f \u0641\u064a \u0627\u0644\u062d\u0641\u0627\u0638 \u0639\u0644\u0649 \u0627\u0644\u062a\u0631\u0627\u062b \u0627\u0644\u062a\u0627\u0631\u064a\u062e\u064a \u0627\u0644\u0645\u062d\u0644\u064a \u0627\u0644\u063a\u0646\u064a.<\/p>","protected":false},"excerpt":{"rendered":"<p>La Ville de Montataire, \u00e0 travers divers dispositifs, apporte un soutien essentiel aux jeunes Montatairien\u00b7ne\u00b7s dans leur parcours scolaire et professionnel. Les services municipaux accueillent notamment : Pour venir en aide aux jeunes ayant quitt\u00e9 le syst\u00e8me scolaire \u00e0 l&rsquo;\u00e2ge de seize ans, la Ville finance deux structures d\u2019insertion : Jad\u2019Insert et l\u2019Atelier de la [&hellip;]<\/p>\n","protected":false},"author":1,"featured_media":4193,"parent":114,"menu_order":20,"comment_status":"closed","ping_status":"closed","template":"","meta":{"_acf_changed":false,"_uag_custom_page_level_css":"","footnotes":""},"class_list":["post-136","page","type-page","status-publish","has-post-thumbnail","hentry"],"acf":[],"uagb_featured_image_src":{"full":["https:\/\/mairie-montataire.fr\/app\/uploads\/2024\/09\/1.3.2_Vers-le-monde-du-travail.jpg",500,350,false],"thumbnail":["https:\/\/mairie-montataire.fr\/app\/uploads\/2024\/09\/1.3.2_Vers-le-monde-du-travail-150x150.jpg",150,150,true],"medium":["https:\/\/mairie-montataire.fr\/app\/uploads\/2024\/09\/1.3.2_Vers-le-monde-du-travail-300x210.jpg",300,210,true],"medium_large":["https:\/\/mairie-montataire.fr\/app\/uploads\/2024\/09\/1.3.2_Vers-le-monde-du-travail.jpg",500,350,false],"large":["https:\/\/mairie-montataire.fr\/app\/uploads\/2024\/09\/1.3.2_Vers-le-monde-du-travail.jpg",500,350,false],"1536x1536":["https:\/\/mairie-montataire.fr\/app\/uploads\/2024\/09\/1.3.2_Vers-le-monde-du-travail.jpg",500,350,false],"2048x2048":["https:\/\/mairie-montataire.fr\/app\/uploads\/2024\/09\/1.3.2_Vers-le-monde-du-travail.jpg",500,350,false],"trp-custom-language-flag":["https:\/\/mairie-montataire.fr\/app\/uploads\/2024\/09\/1.3.2_Vers-le-monde-du-travail-18x12.jpg",18,12,true],"gform-image-choice-sm":["https:\/\/mairie-montataire.fr\/app\/uploads\/2024\/09\/1.3.2_Vers-le-monde-du-travail.jpg",300,210,false],"gform-image-choice-md":["https:\/\/mairie-montataire.fr\/app\/uploads\/2024\/09\/1.3.2_Vers-le-monde-du-travail.jpg",400,280,false],"gform-image-choice-lg":["https:\/\/mairie-montataire.fr\/app\/uploads\/2024\/09\/1.3.2_Vers-le-monde-du-travail.jpg",500,350,false]},"uagb_author_info":{"display_name":"mentalworks","author_link":"https:\/\/mairie-montataire.fr\/ar\/actualites\/author\/mentalworks\/"},"uagb_comment_info":0,"uagb_excerpt":"La Ville de Montataire, \u00e0 travers divers dispositifs, apporte un soutien essentiel aux jeunes Montatairien\u00b7ne\u00b7s dans leur parcours scolaire et professionnel. Les services municipaux accueillent notamment : Pour venir en aide aux jeunes ayant quitt\u00e9 le syst\u00e8me scolaire \u00e0 l&rsquo;\u00e2ge de seize ans, la Ville finance deux structures d\u2019insertion : Jad\u2019Insert et l\u2019Atelier de la&hellip;","_links":{"self":[{"href":"https:\/\/mairie-montataire.fr\/ar\/wp-json\/wp\/v2\/pages\/136","targetHints":{"allow":["GET"]}}],"collection":[{"href":"https:\/\/mairie-montataire.fr\/ar\/wp-json\/wp\/v2\/pages"}],"about":[{"href":"https:\/\/mairie-montataire.fr\/ar\/wp-json\/wp\/v2\/types\/page"}],"author":[{"embeddable":true,"href":"https:\/\/mairie-montataire.fr\/ar\/wp-json\/wp\/v2\/users\/1"}],"replies":[{"embeddable":true,"href":"https:\/\/mairie-montataire.fr\/ar\/wp-json\/wp\/v2\/comments?post=136"}],"version-history":[{"count":20,"href":"https:\/\/mairie-montataire.fr\/ar\/wp-json\/wp\/v2\/pages\/136\/revisions"}],"predecessor-version":[{"id":7491,"href":"https:\/\/mairie-montataire.fr\/ar\/wp-json\/wp\/v2\/pages\/136\/revisions\/7491"}],"up":[{"embeddable":true,"href":"https:\/\/mairie-montataire.fr\/ar\/wp-json\/wp\/v2\/pages\/114"}],"wp:featuredmedia":[{"embeddable":true,"href":"https:\/\/mairie-montataire.fr\/ar\/wp-json\/wp\/v2\/media\/4193"}],"wp:attachment":[{"href":"https:\/\/mairie-montataire.fr\/ar\/wp-json\/wp\/v2\/media?parent=136"}],"curies":[{"name":"\u062f\u0628\u0644\u064a\u0648 \u0628\u064a","href":"https:\/\/api.w.org\/{rel}","templated":true}]}}