{"id":126,"date":"2024-05-03T09:24:29","date_gmt":"2024-05-03T09:24:29","guid":{"rendered":"https:\/\/montataire.local\/?page_id=126"},"modified":"2024-08-13T15:59:03","modified_gmt":"2024-08-13T15:59:03","slug":"%d8%ad%d9%85%d8%a7%d9%8a%d8%a9-%d8%a7%d9%84%d8%a3%d9%85-%d9%88%d8%a7%d9%84%d8%b7%d9%81%d9%84-pmi","status":"publish","type":"page","link":"https:\/\/mairie-montataire.fr\/ar\/habiter\/petite-enfance\/protection-maternelle-et-infantile-pmi\/","title":{"rendered":"\u062d\u0645\u0627\u064a\u0629 \u0627\u0644\u0623\u0645\u0648\u0645\u0629 \u0648\u0627\u0644\u0637\u0641\u0648\u0644\u0629 (PMI)"},"content":{"rendered":"<p><strong>\u064a\u0639\u062f \u0645\u0624\u0634\u0631 \u0645\u062f\u064a\u0631\u064a \u0627\u0644\u0631\u0639\u0627\u064a\u0629 \u0627\u0644\u0635\u062d\u064a\u0629 \u0627\u0644\u0623\u0648\u0644\u064a\u0629 \u062e\u062f\u0645\u0629 \u0623\u0633\u0627\u0633\u064a\u0629 \u0645\u0643\u0631\u0633\u0629 \u0644\u0635\u062d\u0629 \u0648\u0631\u0641\u0627\u0647\u064a\u0629 \u0627\u0644\u0646\u0633\u0627\u0621 \u0627\u0644\u062d\u0648\u0627\u0645\u0644 \u0648\u0627\u0644\u0631\u0636\u0639 \u0648\u0627\u0644\u0623\u0637\u0641\u0627\u0644 \u0648\u0627\u0644\u0623\u0633\u0631. \u064a\u0642\u062f\u0645 \u0645\u0639\u0647\u062f PMI \u0641\u064a \u0641\u0631\u0646\u0633\u0627 \u0645\u062c\u0645\u0648\u0639\u0629 \u0648\u0627\u0633\u0639\u0629 \u0645\u0646 \u0627\u0644\u062e\u062f\u0645\u0627\u062a\u060c \u0645\u0646 \u0627\u0644\u0645\u0631\u0627\u0642\u0628\u0629 \u0627\u0644\u0637\u0628\u064a\u0629 \u0644\u0644\u0646\u0633\u0627\u0621 \u0627\u0644\u062d\u0648\u0627\u0645\u0644 \u0625\u0644\u0649 \u0627\u0644\u062d\u0645\u0627\u064a\u0629 \u0627\u0644\u0635\u062d\u064a\u0629 \u0644\u0644\u0623\u0637\u0641\u0627\u0644 \u0627\u0644\u0635\u063a\u0627\u0631. \u062a\u0645\u062a \u0627\u0644\u0645\u0648\u0627\u0641\u0642\u0629 \u0639\u0644\u0649 \u062c\u0645\u064a\u0639 \u0645\u0631\u0627\u0641\u0642 \u0627\u0644\u0637\u0641\u0648\u0644\u0629 \u0627\u0644\u0645\u0628\u0643\u0631\u0629 \u0641\u064a \u0627\u0644\u0645\u062f\u064a\u0646\u0629 \u0645\u0646 \u0642\u0628\u0644 \u0645\u0639\u0647\u062f PMI \u0648\u064a\u062a\u0645 \u062a\u0645\u0648\u064a\u0644\u0647\u0627 \u0645\u0646 \u0642\u0628\u0644 \u0627\u0644\u0635\u0646\u062f\u0648\u0642 \u0627\u0644\u0645\u0631\u0643\u0632\u064a \u0644\u0644\u0637\u0641\u0648\u0644\u0629 \u0627\u0644\u0645\u0628\u0643\u0631\u0629 \u0648\u0628\u0644\u062f\u064a\u0629 \u0645\u0648\u0646\u062a\u0627\u062a\u064a\u0631.<\/strong><\/p>\n\n\n\n<p>\u064a\u0648\u0641\u0631 \u0645\u0639\u0647\u062f \u0627\u0644\u0623\u0645\u0648\u0645\u0629 \u0648\u0627\u0644\u0637\u0641\u0648\u0644\u0629 \u0627\u0644\u0631\u0639\u0627\u064a\u0629 \u0627\u0644\u0637\u0628\u064a\u0629 \u0644\u0644\u0646\u0633\u0627\u0621 \u0627\u0644\u062d\u0648\u0627\u0645\u0644\u060c \u062d\u064a\u062b \u064a\u0642\u062f\u0645 \u0627\u0633\u062a\u0634\u0627\u0631\u0627\u062a \u0645\u0627 \u0642\u0628\u0644 \u0627\u0644\u0648\u0644\u0627\u062f\u0629 \u0648\u0627\u0644\u0645\u0634\u0648\u0631\u0629 \u0628\u0634\u0623\u0646 \u0627\u0644\u062d\u0645\u0644 \u0627\u0644\u0635\u062d\u064a. \u0648\u0628\u0639\u062f \u0627\u0644\u0648\u0644\u0627\u062f\u0629\u060c \u064a\u062f\u0639\u0645 \u0627\u0644\u0645\u0639\u0647\u062f \u0627\u0644\u0623\u0645\u0647\u0627\u062a \u0648\u0627\u0644\u0645\u0648\u0627\u0644\u064a\u062f \u0627\u0644\u062c\u062f\u062f\u060c \u0648\u064a\u0642\u062f\u0645 \u0627\u0644\u0645\u0634\u0648\u0631\u0629 \u0628\u0634\u0623\u0646 \u0627\u0644\u0631\u0636\u0627\u0639\u0629 \u0627\u0644\u0637\u0628\u064a\u0639\u064a\u0629 \u0648\u0631\u0639\u0627\u064a\u0629 \u0627\u0644\u0631\u0636\u0639. \u0643\u0645\u0627 \u064a\u0634\u0627\u0631\u0643 \u0641\u064a \u0645\u0646\u0639 \u0625\u0633\u0627\u0621\u0629 \u0645\u0639\u0627\u0645\u0644\u0629 \u0627\u0644\u0623\u0637\u0641\u0627\u0644\u060c \u0645\u0646 \u062e\u0644\u0627\u0644 \u0627\u0644\u0625\u0628\u0644\u0627\u063a \u0639\u0646 \u0627\u0644\u062d\u0627\u0644\u0627\u062a \u0648\u0627\u062a\u062e\u0627\u0630 \u0625\u062c\u0631\u0627\u0621\u0627\u062a \u0648\u0642\u0627\u0626\u064a\u0629\u060c \u0645\u0639 \u062a\u0639\u0632\u064a\u0632 \u062d\u0642\u0648\u0642 \u0627\u0644\u0623\u0637\u0641\u0627\u0644 \u0648\u0627\u0644\u0646\u0633\u0627\u0621 \u0627\u0644\u0645\u0633\u062a\u0636\u0639\u0641\u0627\u062a.<\/p>","protected":false},"excerpt":{"rendered":"<p>La PMI est un service essentiel d\u00e9di\u00e9 \u00e0 la sant\u00e9 et au bien-\u00eatre des femmes enceintes, des nourrissons, des enfants et des familles. En France, la PMI offre une gamme de services vari\u00e9s, allant de la surveillance m\u00e9dicale des femmes enceintes \u00e0 la protection de la sant\u00e9 des jeunes enfants. Toutes les structures Petite Enfance [&hellip;]<\/p>\n","protected":false},"author":1,"featured_media":1595,"parent":110,"menu_order":12,"comment_status":"closed","ping_status":"closed","template":"","meta":{"_acf_changed":false,"_uag_custom_page_level_css":"","footnotes":""},"class_list":["post-126","page","type-page","status-publish","has-post-thumbnail","hentry"],"acf":[],"uagb_featured_image_src":{"full":["https:\/\/mairie-montataire.fr\/app\/uploads\/2024\/07\/1.1.3_baby-visiting-doctor-checkup\u00a9rawpixel.com_-scaled.jpg",2560,1709,false],"thumbnail":["https:\/\/mairie-montataire.fr\/app\/uploads\/2024\/07\/1.1.3_baby-visiting-doctor-checkup\u00a9rawpixel.com_-150x150.jpg",150,150,true],"medium":["https:\/\/mairie-montataire.fr\/app\/uploads\/2024\/07\/1.1.3_baby-visiting-doctor-checkup\u00a9rawpixel.com_-300x200.jpg",300,200,true],"medium_large":["https:\/\/mairie-montataire.fr\/app\/uploads\/2024\/07\/1.1.3_baby-visiting-doctor-checkup\u00a9rawpixel.com_-768x513.jpg",768,513,true],"large":["https:\/\/mairie-montataire.fr\/app\/uploads\/2024\/07\/1.1.3_baby-visiting-doctor-checkup\u00a9rawpixel.com_-1024x683.jpg",1024,683,true],"1536x1536":["https:\/\/mairie-montataire.fr\/app\/uploads\/2024\/07\/1.1.3_baby-visiting-doctor-checkup\u00a9rawpixel.com_-1536x1025.jpg",1536,1025,true],"2048x2048":["https:\/\/mairie-montataire.fr\/app\/uploads\/2024\/07\/1.1.3_baby-visiting-doctor-checkup\u00a9rawpixel.com_-2048x1367.jpg",2048,1367,true],"trp-custom-language-flag":["https:\/\/mairie-montataire.fr\/app\/uploads\/2024\/07\/1.1.3_baby-visiting-doctor-checkup\u00a9rawpixel.com_-scaled.jpg",18,12,false],"gform-image-choice-sm":["https:\/\/mairie-montataire.fr\/app\/uploads\/2024\/07\/1.1.3_baby-visiting-doctor-checkup\u00a9rawpixel.com_-scaled.jpg",300,200,false],"gform-image-choice-md":["https:\/\/mairie-montataire.fr\/app\/uploads\/2024\/07\/1.1.3_baby-visiting-doctor-checkup\u00a9rawpixel.com_-scaled.jpg",400,267,false],"gform-image-choice-lg":["https:\/\/mairie-montataire.fr\/app\/uploads\/2024\/07\/1.1.3_baby-visiting-doctor-checkup\u00a9rawpixel.com_-scaled.jpg",600,401,false]},"uagb_author_info":{"display_name":"mentalworks","author_link":"https:\/\/mairie-montataire.fr\/ar\/actualites\/author\/mentalworks\/"},"uagb_comment_info":0,"uagb_excerpt":"La PMI est un service essentiel d\u00e9di\u00e9 \u00e0 la sant\u00e9 et au bien-\u00eatre des femmes enceintes, des nourrissons, des enfants et des familles. En France, la PMI offre une gamme de services vari\u00e9s, allant de la surveillance m\u00e9dicale des femmes enceintes \u00e0 la protection de la sant\u00e9 des jeunes enfants. Toutes les structures Petite Enfance&hellip;","_links":{"self":[{"href":"https:\/\/mairie-montataire.fr\/ar\/wp-json\/wp\/v2\/pages\/126","targetHints":{"allow":["GET"]}}],"collection":[{"href":"https:\/\/mairie-montataire.fr\/ar\/wp-json\/wp\/v2\/pages"}],"about":[{"href":"https:\/\/mairie-montataire.fr\/ar\/wp-json\/wp\/v2\/types\/page"}],"author":[{"embeddable":true,"href":"https:\/\/mairie-montataire.fr\/ar\/wp-json\/wp\/v2\/users\/1"}],"replies":[{"embeddable":true,"href":"https:\/\/mairie-montataire.fr\/ar\/wp-json\/wp\/v2\/comments?post=126"}],"version-history":[{"count":19,"href":"https:\/\/mairie-montataire.fr\/ar\/wp-json\/wp\/v2\/pages\/126\/revisions"}],"predecessor-version":[{"id":3382,"href":"https:\/\/mairie-montataire.fr\/ar\/wp-json\/wp\/v2\/pages\/126\/revisions\/3382"}],"up":[{"embeddable":true,"href":"https:\/\/mairie-montataire.fr\/ar\/wp-json\/wp\/v2\/pages\/110"}],"wp:featuredmedia":[{"embeddable":true,"href":"https:\/\/mairie-montataire.fr\/ar\/wp-json\/wp\/v2\/media\/1595"}],"wp:attachment":[{"href":"https:\/\/mairie-montataire.fr\/ar\/wp-json\/wp\/v2\/media?parent=126"}],"curies":[{"name":"\u062f\u0628\u0644\u064a\u0648 \u0628\u064a","href":"https:\/\/api.w.org\/{rel}","templated":true}]}}